{"id":48,"date":"2020-11-14T18:34:14","date_gmt":"2020-11-14T17:34:14","guid":{"rendered":"http:\/\/lueurvegetale.fr\/?page_id=48"},"modified":"2025-08-07T13:05:14","modified_gmt":"2025-08-07T11:05:14","slug":"contact","status":"publish","type":"page","link":"https:\/\/lueurvegetale.fr\/index.php\/contact\/","title":{"rendered":"Contact"},"content":{"rendered":"\n<p>Pour toute information ou demande, n&#8217;h\u00e9sitez pas \u00e0 me contacter : <\/p>\n\n\n<div class=\"wpforms-container wpforms-container-full wpforms-block wpforms-block-a826eabc-3cb3-4e7c-8db1-c759fe792f4e\" id=\"wpforms-386\"><form id=\"wpforms-form-386\" class=\"wpforms-validate wpforms-form\" data-formid=\"386\" method=\"post\" enctype=\"multipart\/form-data\" action=\"\/index.php\/wp-json\/wp\/v2\/pages\/48\" data-token=\"fb8f1f0e525ef8cd0ecbd16c2490c649\" data-token-time=\"1776654920\"><noscript class=\"wpforms-error-noscript\">Please enable JavaScript in your browser to complete this form.<\/noscript><div class=\"wpforms-field-container\"><div id=\"wpforms-386-field_0-container\" class=\"wpforms-field wpforms-field-name\" data-field-id=\"0\"><label class=\"wpforms-field-label\">Nom <span class=\"wpforms-required-label\">*<\/span><\/label><div class=\"wpforms-field-row wpforms-field-medium\"><div class=\"wpforms-field-row-block wpforms-first wpforms-one-half\"><input type=\"text\" id=\"wpforms-386-field_0\" class=\"wpforms-field-name-first wpforms-field-required\" name=\"wpforms[fields][0][first]\" required><label for=\"wpforms-386-field_0\" class=\"wpforms-field-sublabel after\">First<\/label><\/div><div class=\"wpforms-field-row-block wpforms-one-half\"><input type=\"text\" id=\"wpforms-386-field_0-last\" class=\"wpforms-field-name-last wpforms-field-required\" name=\"wpforms[fields][0][last]\" required><label for=\"wpforms-386-field_0-last\" class=\"wpforms-field-sublabel after\">Last<\/label><\/div><\/div><\/div><div id=\"wpforms-386-field_1-container\" class=\"wpforms-field wpforms-field-email\" data-field-id=\"1\"><label class=\"wpforms-field-label\" for=\"wpforms-386-field_1\">Email <span class=\"wpforms-required-label\">*<\/span><\/label><input type=\"email\" id=\"wpforms-386-field_1\" class=\"wpforms-field-medium wpforms-field-required\" name=\"wpforms[fields][1]\" spellcheck=\"false\" required><\/div><div id=\"wpforms-386-field_5-container\" class=\"wpforms-field wpforms-field-text\" data-field-id=\"5\"><label class=\"wpforms-field-label\" for=\"wpforms-386-field_5\">T\u00e9l\u00e9phone <span class=\"wpforms-required-label\">*<\/span><\/label><input type=\"text\" id=\"wpforms-386-field_5\" class=\"wpforms-field-medium wpforms-field-required\" name=\"wpforms[fields][5]\" required><\/div><div id=\"wpforms-386-field_2-container\" class=\"wpforms-field wpforms-field-textarea\" data-field-id=\"2\"><label class=\"wpforms-field-label\" for=\"wpforms-386-field_2\">Message <span class=\"wpforms-required-label\">*<\/span><\/label><textarea id=\"wpforms-386-field_2\" class=\"wpforms-field-medium wpforms-field-required\" name=\"wpforms[fields][2]\" required><\/textarea><\/div><\/div><!-- .wpforms-field-container --><div class=\"wpforms-submit-container\" ><input type=\"hidden\" name=\"wpforms[id]\" value=\"386\"><input type=\"hidden\" name=\"page_title\" value=\"\"><input type=\"hidden\" name=\"page_url\" value=\"https:\/\/lueurvegetale.fr\/index.php\/wp-json\/wp\/v2\/pages\/48\"><input type=\"hidden\" name=\"url_referer\" value=\"\"><button type=\"submit\" name=\"wpforms[submit]\" id=\"wpforms-submit-386\" class=\"wpforms-submit\" data-alt-text=\"Envoi en cours...\" data-submit-text=\"Envoyer\" aria-live=\"assertive\" value=\"wpforms-submit\">Envoyer<\/button><\/div><\/form><\/div>  <!-- .wpforms-container -->\n\n\n<p>Bas\u00e9e pr\u00e8s de <strong>Rennes <\/strong>en <strong>Bretagne<\/strong>, je peux intervenir dans toute la <strong>France <\/strong>en fonction du projet.<\/p>\n\n\n\n<figure class=\"wp-block-gallery has-nested-images columns-3 is-cropped wp-block-gallery-1 is-layout-flex wp-block-gallery-is-layout-flex\">\n<figure class=\"wp-block-image size-large\"><img loading=\"lazy\" decoding=\"async\" width=\"1024\" height=\"1024\" data-id=\"141\" src=\"http:\/\/lueurvegetale.fr\/wp-content\/uploads\/2020\/11\/IMG_20200623_201607_320-1024x1024.jpg\" alt=\"\" class=\"wp-image-141\" srcset=\"https:\/\/lueurvegetale.fr\/wp-content\/uploads\/2020\/11\/IMG_20200623_201607_320-1024x1024.jpg 1024w, https:\/\/lueurvegetale.fr\/wp-content\/uploads\/2020\/11\/IMG_20200623_201607_320-300x300.jpg 300w, https:\/\/lueurvegetale.fr\/wp-content\/uploads\/2020\/11\/IMG_20200623_201607_320-150x150.jpg 150w, https:\/\/lueurvegetale.fr\/wp-content\/uploads\/2020\/11\/IMG_20200623_201607_320-768x768.jpg 768w, https:\/\/lueurvegetale.fr\/wp-content\/uploads\/2020\/11\/IMG_20200623_201607_320-1536x1536.jpg 1536w, https:\/\/lueurvegetale.fr\/wp-content\/uploads\/2020\/11\/IMG_20200623_201607_320-2048x2048.jpg 2048w\" sizes=\"auto, (max-width: 1024px) 100vw, 1024px\" \/><\/figure>\n\n\n\n<figure class=\"wp-block-image size-large\"><img loading=\"lazy\" decoding=\"async\" width=\"775\" height=\"1024\" data-id=\"127\" src=\"http:\/\/lueurvegetale.fr\/wp-content\/uploads\/2020\/11\/LueurVegetale_realisation-boite-the-vrac2-775x1024.jpg\" alt=\"\" class=\"wp-image-127\" srcset=\"https:\/\/lueurvegetale.fr\/wp-content\/uploads\/2020\/11\/LueurVegetale_realisation-boite-the-vrac2-775x1024.jpg 775w, https:\/\/lueurvegetale.fr\/wp-content\/uploads\/2020\/11\/LueurVegetale_realisation-boite-the-vrac2-227x300.jpg 227w, https:\/\/lueurvegetale.fr\/wp-content\/uploads\/2020\/11\/LueurVegetale_realisation-boite-the-vrac2-768x1015.jpg 768w, https:\/\/lueurvegetale.fr\/wp-content\/uploads\/2020\/11\/LueurVegetale_realisation-boite-the-vrac2-1162x1536.jpg 1162w, https:\/\/lueurvegetale.fr\/wp-content\/uploads\/2020\/11\/LueurVegetale_realisation-boite-the-vrac2-1550x2048.jpg 1550w, https:\/\/lueurvegetale.fr\/wp-content\/uploads\/2020\/11\/LueurVegetale_realisation-boite-the-vrac2-scaled.jpg 1937w\" sizes=\"auto, (max-width: 775px) 100vw, 775px\" \/><\/figure>\n\n\n\n<figure class=\"wp-block-image size-large\"><img loading=\"lazy\" decoding=\"async\" width=\"767\" height=\"1024\" data-id=\"64\" src=\"http:\/\/lueurvegetale.fr\/wp-content\/uploads\/2020\/11\/empreinte-lueur-vegetale-767x1024.jpg\" alt=\"tatakizom\u00e9 empreinte vegetale\" class=\"wp-image-64\" srcset=\"https:\/\/lueurvegetale.fr\/wp-content\/uploads\/2020\/11\/empreinte-lueur-vegetale-767x1024.jpg 767w, https:\/\/lueurvegetale.fr\/wp-content\/uploads\/2020\/11\/empreinte-lueur-vegetale-225x300.jpg 225w, https:\/\/lueurvegetale.fr\/wp-content\/uploads\/2020\/11\/empreinte-lueur-vegetale-768x1026.jpg 768w, https:\/\/lueurvegetale.fr\/wp-content\/uploads\/2020\/11\/empreinte-lueur-vegetale-1150x1536.jpg 1150w, https:\/\/lueurvegetale.fr\/wp-content\/uploads\/2020\/11\/empreinte-lueur-vegetale-1533x2048.jpg 1533w, https:\/\/lueurvegetale.fr\/wp-content\/uploads\/2020\/11\/empreinte-lueur-vegetale-1240x1656.jpg 1240w, https:\/\/lueurvegetale.fr\/wp-content\/uploads\/2020\/11\/empreinte-lueur-vegetale-508x679.jpg 508w, https:\/\/lueurvegetale.fr\/wp-content\/uploads\/2020\/11\/empreinte-lueur-vegetale-scaled.jpg 1916w\" sizes=\"auto, (max-width: 767px) 100vw, 767px\" \/><\/figure>\n<\/figure>\n\n\n\n<ul class=\"wp-block-social-links is-layout-flex wp-block-social-links-is-layout-flex\">\n\n<li class=\"wp-social-link wp-social-link-facebook  wp-block-social-link\"><a href=\"https:\/\/www.facebook.com\/lueurvegetale\" class=\"wp-block-social-link-anchor\"><svg width=\"24\" height=\"24\" viewBox=\"0 0 24 24\" version=\"1.1\" xmlns=\"http:\/\/www.w3.org\/2000\/svg\" aria-hidden=\"true\" focusable=\"false\"><path d=\"M12 2C6.5 2 2 6.5 2 12c0 5 3.7 9.1 8.4 9.9v-7H7.9V12h2.5V9.8c0-2.5 1.5-3.9 3.8-3.9 1.1 0 2.2.2 2.2.2v2.5h-1.3c-1.2 0-1.6.8-1.6 1.6V12h2.8l-.4 2.9h-2.3v7C18.3 21.1 22 17 22 12c0-5.5-4.5-10-10-10z\"><\/path><\/svg><span class=\"wp-block-social-link-label screen-reader-text\">Facebook<\/span><\/a><\/li>\n\n\n\n<li class=\"wp-social-link wp-social-link-instagram  wp-block-social-link\"><a href=\"https:\/\/www.instagram.com\/lueurvegetale\/\" class=\"wp-block-social-link-anchor\"><svg width=\"24\" height=\"24\" viewBox=\"0 0 24 24\" version=\"1.1\" xmlns=\"http:\/\/www.w3.org\/2000\/svg\" aria-hidden=\"true\" focusable=\"false\"><path d=\"M12,4.622c2.403,0,2.688,0.009,3.637,0.052c0.877,0.04,1.354,0.187,1.671,0.31c0.42,0.163,0.72,0.358,1.035,0.673 c0.315,0.315,0.51,0.615,0.673,1.035c0.123,0.317,0.27,0.794,0.31,1.671c0.043,0.949,0.052,1.234,0.052,3.637 s-0.009,2.688-0.052,3.637c-0.04,0.877-0.187,1.354-0.31,1.671c-0.163,0.42-0.358,0.72-0.673,1.035 c-0.315,0.315-0.615,0.51-1.035,0.673c-0.317,0.123-0.794,0.27-1.671,0.31c-0.949,0.043-1.233,0.052-3.637,0.052 s-2.688-0.009-3.637-0.052c-0.877-0.04-1.354-0.187-1.671-0.31c-0.42-0.163-0.72-0.358-1.035-0.673 c-0.315-0.315-0.51-0.615-0.673-1.035c-0.123-0.317-0.27-0.794-0.31-1.671C4.631,14.688,4.622,14.403,4.622,12 s0.009-2.688,0.052-3.637c0.04-0.877,0.187-1.354,0.31-1.671c0.163-0.42,0.358-0.72,0.673-1.035 c0.315-0.315,0.615-0.51,1.035-0.673c0.317-0.123,0.794-0.27,1.671-0.31C9.312,4.631,9.597,4.622,12,4.622 M12,3 C9.556,3,9.249,3.01,8.289,3.054C7.331,3.098,6.677,3.25,6.105,3.472C5.513,3.702,5.011,4.01,4.511,4.511 c-0.5,0.5-0.808,1.002-1.038,1.594C3.25,6.677,3.098,7.331,3.054,8.289C3.01,9.249,3,9.556,3,12c0,2.444,0.01,2.751,0.054,3.711 c0.044,0.958,0.196,1.612,0.418,2.185c0.23,0.592,0.538,1.094,1.038,1.594c0.5,0.5,1.002,0.808,1.594,1.038 c0.572,0.222,1.227,0.375,2.185,0.418C9.249,20.99,9.556,21,12,21s2.751-0.01,3.711-0.054c0.958-0.044,1.612-0.196,2.185-0.418 c0.592-0.23,1.094-0.538,1.594-1.038c0.5-0.5,0.808-1.002,1.038-1.594c0.222-0.572,0.375-1.227,0.418-2.185 C20.99,14.751,21,14.444,21,12s-0.01-2.751-0.054-3.711c-0.044-0.958-0.196-1.612-0.418-2.185c-0.23-0.592-0.538-1.094-1.038-1.594 c-0.5-0.5-1.002-0.808-1.594-1.038c-0.572-0.222-1.227-0.375-2.185-0.418C14.751,3.01,14.444,3,12,3L12,3z M12,7.378 c-2.552,0-4.622,2.069-4.622,4.622S9.448,16.622,12,16.622s4.622-2.069,4.622-4.622S14.552,7.378,12,7.378z M12,15 c-1.657,0-3-1.343-3-3s1.343-3,3-3s3,1.343,3,3S13.657,15,12,15z M16.804,6.116c-0.596,0-1.08,0.484-1.08,1.08 s0.484,1.08,1.08,1.08c0.596,0,1.08-0.484,1.08-1.08S17.401,6.116,16.804,6.116z\"><\/path><\/svg><span class=\"wp-block-social-link-label screen-reader-text\">Instagram<\/span><\/a><\/li>\n\n\n\n<\/ul>\n","protected":false},"excerpt":{"rendered":"<p>Pour toute information ou demande, n&#8217;h\u00e9sitez pas \u00e0 me contacter : Bas\u00e9e pr\u00e8s de Rennes en Bretagne, je peux intervenir dans toute la France en fonction du projet.<\/p>\n","protected":false},"author":1,"featured_media":0,"parent":0,"menu_order":0,"comment_status":"closed","ping_status":"closed","template":"","meta":{"_monsterinsights_skip_tracking":false,"_monsterinsights_sitenote_active":false,"_monsterinsights_sitenote_note":"","_monsterinsights_sitenote_category":0,"footnotes":""},"class_list":["post-48","page","type-page","status-publish","hentry"],"yoast_head":"<!-- This site is optimized with the Yoast SEO plugin v25.6 - https:\/\/yoast.com\/wordpress\/plugins\/seo\/ -->\n<title>Contact - Lueur v\u00e9g\u00e9tale<\/title>\n<meta name=\"robots\" content=\"index, follow, max-snippet:-1, max-image-preview:large, max-video-preview:-1\" \/>\n<link rel=\"canonical\" href=\"https:\/\/lueurvegetale.fr\/index.php\/contact\/\" \/>\n<meta property=\"og:locale\" content=\"en_US\" \/>\n<meta property=\"og:type\" content=\"article\" \/>\n<meta property=\"og:title\" content=\"Contact - Lueur v\u00e9g\u00e9tale\" \/>\n<meta property=\"og:description\" content=\"Pour toute information ou demande, n&#8217;h\u00e9sitez pas \u00e0 me contacter : Bas\u00e9e pr\u00e8s de Rennes en Bretagne, je peux intervenir dans toute la France en fonction du projet.\" \/>\n<meta property=\"og:url\" content=\"https:\/\/lueurvegetale.fr\/index.php\/contact\/\" \/>\n<meta property=\"og:site_name\" content=\"Lueur v\u00e9g\u00e9tale\" \/>\n<meta property=\"article:modified_time\" content=\"2025-08-07T11:05:14+00:00\" \/>\n<meta property=\"og:image\" content=\"http:\/\/lueurvegetale.fr\/wp-content\/uploads\/2020\/11\/IMG_20200623_201607_320-1024x1024.jpg\" \/>\n<meta name=\"twitter:card\" content=\"summary_large_image\" \/>\n<script type=\"application\/ld+json\" class=\"yoast-schema-graph\">{\"@context\":\"https:\/\/schema.org\",\"@graph\":[{\"@type\":\"WebPage\",\"@id\":\"https:\/\/lueurvegetale.fr\/index.php\/contact\/\",\"url\":\"https:\/\/lueurvegetale.fr\/index.php\/contact\/\",\"name\":\"Contact - Lueur v\u00e9g\u00e9tale\",\"isPartOf\":{\"@id\":\"https:\/\/lueurvegetale.fr\/#website\"},\"primaryImageOfPage\":{\"@id\":\"https:\/\/lueurvegetale.fr\/index.php\/contact\/#primaryimage\"},\"image\":{\"@id\":\"https:\/\/lueurvegetale.fr\/index.php\/contact\/#primaryimage\"},\"thumbnailUrl\":\"http:\/\/lueurvegetale.fr\/wp-content\/uploads\/2020\/11\/IMG_20200623_201607_320-1024x1024.jpg\",\"datePublished\":\"2020-11-14T17:34:14+00:00\",\"dateModified\":\"2025-08-07T11:05:14+00:00\",\"breadcrumb\":{\"@id\":\"https:\/\/lueurvegetale.fr\/index.php\/contact\/#breadcrumb\"},\"inLanguage\":\"en-US\",\"potentialAction\":[{\"@type\":\"ReadAction\",\"target\":[\"https:\/\/lueurvegetale.fr\/index.php\/contact\/\"]}]},{\"@type\":\"ImageObject\",\"inLanguage\":\"en-US\",\"@id\":\"https:\/\/lueurvegetale.fr\/index.php\/contact\/#primaryimage\",\"url\":\"https:\/\/lueurvegetale.fr\/wp-content\/uploads\/2020\/11\/IMG_20200623_201607_320-scaled.jpg\",\"contentUrl\":\"https:\/\/lueurvegetale.fr\/wp-content\/uploads\/2020\/11\/IMG_20200623_201607_320-scaled.jpg\",\"width\":2560,\"height\":2560},{\"@type\":\"BreadcrumbList\",\"@id\":\"https:\/\/lueurvegetale.fr\/index.php\/contact\/#breadcrumb\",\"itemListElement\":[{\"@type\":\"ListItem\",\"position\":1,\"name\":\"Accueil\",\"item\":\"https:\/\/lueurvegetale.fr\/\"},{\"@type\":\"ListItem\",\"position\":2,\"name\":\"Contact\"}]},{\"@type\":\"WebSite\",\"@id\":\"https:\/\/lueurvegetale.fr\/#website\",\"url\":\"https:\/\/lueurvegetale.fr\/\",\"name\":\"Lueur v\u00e9g\u00e9tale\",\"description\":\"Explorer les couleurs v\u00e9g\u00e9tales, s&#039;inspirer de la sagesse des plantes\",\"publisher\":{\"@id\":\"https:\/\/lueurvegetale.fr\/#organization\"},\"potentialAction\":[{\"@type\":\"SearchAction\",\"target\":{\"@type\":\"EntryPoint\",\"urlTemplate\":\"https:\/\/lueurvegetale.fr\/?s={search_term_string}\"},\"query-input\":{\"@type\":\"PropertyValueSpecification\",\"valueRequired\":true,\"valueName\":\"search_term_string\"}}],\"inLanguage\":\"en-US\"},{\"@type\":\"Organization\",\"@id\":\"https:\/\/lueurvegetale.fr\/#organization\",\"name\":\"Lueur v\u00e9g\u00e9tale\",\"url\":\"https:\/\/lueurvegetale.fr\/\",\"logo\":{\"@type\":\"ImageObject\",\"inLanguage\":\"en-US\",\"@id\":\"https:\/\/lueurvegetale.fr\/#\/schema\/logo\/image\/\",\"url\":\"https:\/\/lueurvegetale.fr\/wp-content\/uploads\/2020\/11\/cropped-EXE-LUEUR-VEGETALE-3-1.jpg\",\"contentUrl\":\"https:\/\/lueurvegetale.fr\/wp-content\/uploads\/2020\/11\/cropped-EXE-LUEUR-VEGETALE-3-1.jpg\",\"width\":1414,\"height\":1029,\"caption\":\"Lueur v\u00e9g\u00e9tale\"},\"image\":{\"@id\":\"https:\/\/lueurvegetale.fr\/#\/schema\/logo\/image\/\"}}]}<\/script>\n<!-- \/ Yoast SEO plugin. -->","yoast_head_json":{"title":"Contact - Lueur v\u00e9g\u00e9tale","robots":{"index":"index","follow":"follow","max-snippet":"max-snippet:-1","max-image-preview":"max-image-preview:large","max-video-preview":"max-video-preview:-1"},"canonical":"https:\/\/lueurvegetale.fr\/index.php\/contact\/","og_locale":"en_US","og_type":"article","og_title":"Contact - Lueur v\u00e9g\u00e9tale","og_description":"Pour toute information ou demande, n&#8217;h\u00e9sitez pas \u00e0 me contacter : Bas\u00e9e pr\u00e8s de Rennes en Bretagne, je peux intervenir dans toute la France en fonction du projet.","og_url":"https:\/\/lueurvegetale.fr\/index.php\/contact\/","og_site_name":"Lueur v\u00e9g\u00e9tale","article_modified_time":"2025-08-07T11:05:14+00:00","og_image":[{"url":"http:\/\/lueurvegetale.fr\/wp-content\/uploads\/2020\/11\/IMG_20200623_201607_320-1024x1024.jpg","type":"","width":"","height":""}],"twitter_card":"summary_large_image","schema":{"@context":"https:\/\/schema.org","@graph":[{"@type":"WebPage","@id":"https:\/\/lueurvegetale.fr\/index.php\/contact\/","url":"https:\/\/lueurvegetale.fr\/index.php\/contact\/","name":"Contact - Lueur v\u00e9g\u00e9tale","isPartOf":{"@id":"https:\/\/lueurvegetale.fr\/#website"},"primaryImageOfPage":{"@id":"https:\/\/lueurvegetale.fr\/index.php\/contact\/#primaryimage"},"image":{"@id":"https:\/\/lueurvegetale.fr\/index.php\/contact\/#primaryimage"},"thumbnailUrl":"http:\/\/lueurvegetale.fr\/wp-content\/uploads\/2020\/11\/IMG_20200623_201607_320-1024x1024.jpg","datePublished":"2020-11-14T17:34:14+00:00","dateModified":"2025-08-07T11:05:14+00:00","breadcrumb":{"@id":"https:\/\/lueurvegetale.fr\/index.php\/contact\/#breadcrumb"},"inLanguage":"en-US","potentialAction":[{"@type":"ReadAction","target":["https:\/\/lueurvegetale.fr\/index.php\/contact\/"]}]},{"@type":"ImageObject","inLanguage":"en-US","@id":"https:\/\/lueurvegetale.fr\/index.php\/contact\/#primaryimage","url":"https:\/\/lueurvegetale.fr\/wp-content\/uploads\/2020\/11\/IMG_20200623_201607_320-scaled.jpg","contentUrl":"https:\/\/lueurvegetale.fr\/wp-content\/uploads\/2020\/11\/IMG_20200623_201607_320-scaled.jpg","width":2560,"height":2560},{"@type":"BreadcrumbList","@id":"https:\/\/lueurvegetale.fr\/index.php\/contact\/#breadcrumb","itemListElement":[{"@type":"ListItem","position":1,"name":"Accueil","item":"https:\/\/lueurvegetale.fr\/"},{"@type":"ListItem","position":2,"name":"Contact"}]},{"@type":"WebSite","@id":"https:\/\/lueurvegetale.fr\/#website","url":"https:\/\/lueurvegetale.fr\/","name":"Lueur v\u00e9g\u00e9tale","description":"Explorer les couleurs v\u00e9g\u00e9tales, s&#039;inspirer de la sagesse des plantes","publisher":{"@id":"https:\/\/lueurvegetale.fr\/#organization"},"potentialAction":[{"@type":"SearchAction","target":{"@type":"EntryPoint","urlTemplate":"https:\/\/lueurvegetale.fr\/?s={search_term_string}"},"query-input":{"@type":"PropertyValueSpecification","valueRequired":true,"valueName":"search_term_string"}}],"inLanguage":"en-US"},{"@type":"Organization","@id":"https:\/\/lueurvegetale.fr\/#organization","name":"Lueur v\u00e9g\u00e9tale","url":"https:\/\/lueurvegetale.fr\/","logo":{"@type":"ImageObject","inLanguage":"en-US","@id":"https:\/\/lueurvegetale.fr\/#\/schema\/logo\/image\/","url":"https:\/\/lueurvegetale.fr\/wp-content\/uploads\/2020\/11\/cropped-EXE-LUEUR-VEGETALE-3-1.jpg","contentUrl":"https:\/\/lueurvegetale.fr\/wp-content\/uploads\/2020\/11\/cropped-EXE-LUEUR-VEGETALE-3-1.jpg","width":1414,"height":1029,"caption":"Lueur v\u00e9g\u00e9tale"},"image":{"@id":"https:\/\/lueurvegetale.fr\/#\/schema\/logo\/image\/"}}]}},"_links":{"self":[{"href":"https:\/\/lueurvegetale.fr\/index.php\/wp-json\/wp\/v2\/pages\/48","targetHints":{"allow":["GET"]}}],"collection":[{"href":"https:\/\/lueurvegetale.fr\/index.php\/wp-json\/wp\/v2\/pages"}],"about":[{"href":"https:\/\/lueurvegetale.fr\/index.php\/wp-json\/wp\/v2\/types\/page"}],"author":[{"embeddable":true,"href":"https:\/\/lueurvegetale.fr\/index.php\/wp-json\/wp\/v2\/users\/1"}],"replies":[{"embeddable":true,"href":"https:\/\/lueurvegetale.fr\/index.php\/wp-json\/wp\/v2\/comments?post=48"}],"version-history":[{"count":10,"href":"https:\/\/lueurvegetale.fr\/index.php\/wp-json\/wp\/v2\/pages\/48\/revisions"}],"predecessor-version":[{"id":1344,"href":"https:\/\/lueurvegetale.fr\/index.php\/wp-json\/wp\/v2\/pages\/48\/revisions\/1344"}],"wp:attachment":[{"href":"https:\/\/lueurvegetale.fr\/index.php\/wp-json\/wp\/v2\/media?parent=48"}],"curies":[{"name":"wp","href":"https:\/\/api.w.org\/{rel}","templated":true}]}}