{"id":1078,"date":"2024-12-02T14:11:27","date_gmt":"2024-12-02T13:11:27","guid":{"rendered":"http:\/\/lueurvegetale.fr\/?page_id=1078"},"modified":"2025-06-26T15:47:32","modified_gmt":"2025-06-26T13:47:32","slug":"nedaura","status":"publish","type":"page","link":"https:\/\/lueurvegetale.fr\/index.php\/nedaura\/","title":{"rendered":"Nedaura"},"content":{"rendered":"\n<p>Une belle rencontre d\u00e8s les d\u00e9buts de <em>Lueur V\u00e9g\u00e9tale<\/em> a \u00e9t\u00e9 celle avec Thomas, en entrant dans la <a href=\"https:\/\/www.ouest-france.fr\/bretagne\/rennes-35000\/rennes-une-maison-de-thes-bio-comme-un-recueil-de-poesie-6403994\">maison de th\u00e9 Diwan<\/a> \u00e0 Rennes, aujourd&#8217;hui devenue NEDAURA, art du th\u00e9 et de l&#8217;encens. En \u00e9ditions limit\u00e9es, sont n\u00e9es des bo\u00eetes \u00e0 th\u00e9 par\u00e9es de couleurs v\u00e9g\u00e9tales, chaque pi\u00e8ce \u00e9tant unique, r\u00e9alis\u00e9e \u00e0 la main.<\/p>\n\n\n\n<figure class=\"wp-block-gallery has-nested-images columns-default is-cropped wp-block-gallery-1 is-layout-flex wp-block-gallery-is-layout-flex\">\n<figure class=\"wp-block-image size-large\"><img loading=\"lazy\" decoding=\"async\" width=\"2560\" height=\"1235\" data-id=\"507\" src=\"http:\/\/lueurvegetale.fr\/wp-content\/uploads\/2021\/03\/boite-the-amour-printemps-lueur-vegetale-diwan-scaled-e1614591299958.jpg\" alt=\"\" class=\"wp-image-507\" srcset=\"https:\/\/lueurvegetale.fr\/wp-content\/uploads\/2021\/03\/boite-the-amour-printemps-lueur-vegetale-diwan-scaled-e1614591299958.jpg 2560w, https:\/\/lueurvegetale.fr\/wp-content\/uploads\/2021\/03\/boite-the-amour-printemps-lueur-vegetale-diwan-scaled-e1614591299958-300x145.jpg 300w, https:\/\/lueurvegetale.fr\/wp-content\/uploads\/2021\/03\/boite-the-amour-printemps-lueur-vegetale-diwan-scaled-e1614591299958-1024x494.jpg 1024w, https:\/\/lueurvegetale.fr\/wp-content\/uploads\/2021\/03\/boite-the-amour-printemps-lueur-vegetale-diwan-scaled-e1614591299958-768x371.jpg 768w, https:\/\/lueurvegetale.fr\/wp-content\/uploads\/2021\/03\/boite-the-amour-printemps-lueur-vegetale-diwan-scaled-e1614591299958-1536x741.jpg 1536w, https:\/\/lueurvegetale.fr\/wp-content\/uploads\/2021\/03\/boite-the-amour-printemps-lueur-vegetale-diwan-scaled-e1614591299958-2048x988.jpg 2048w\" sizes=\"auto, (max-width: 2560px) 100vw, 2560px\" \/><\/figure>\n\n\n\n<figure class=\"wp-block-image size-large\"><img loading=\"lazy\" decoding=\"async\" width=\"777\" height=\"442\" data-id=\"1079\" src=\"http:\/\/lueurvegetale.fr\/wp-content\/uploads\/2024\/11\/nedaura.jpg\" alt=\"\" class=\"wp-image-1079\" srcset=\"https:\/\/lueurvegetale.fr\/wp-content\/uploads\/2024\/11\/nedaura.jpg 777w, https:\/\/lueurvegetale.fr\/wp-content\/uploads\/2024\/11\/nedaura-300x171.jpg 300w, https:\/\/lueurvegetale.fr\/wp-content\/uploads\/2024\/11\/nedaura-768x437.jpg 768w\" sizes=\"auto, (max-width: 777px) 100vw, 777px\" \/><\/figure>\n<\/figure>\n\n\n\n<figure class=\"wp-block-image size-large\"><img loading=\"lazy\" decoding=\"async\" width=\"1024\" height=\"553\" src=\"http:\/\/lueurvegetale.fr\/wp-content\/uploads\/2020\/12\/boites-the-lueur-encre-vegetale-cosmique-1024x553.jpg\" alt=\"\" class=\"wp-image-368\" srcset=\"https:\/\/lueurvegetale.fr\/wp-content\/uploads\/2020\/12\/boites-the-lueur-encre-vegetale-cosmique-1024x553.jpg 1024w, https:\/\/lueurvegetale.fr\/wp-content\/uploads\/2020\/12\/boites-the-lueur-encre-vegetale-cosmique-300x162.jpg 300w, https:\/\/lueurvegetale.fr\/wp-content\/uploads\/2020\/12\/boites-the-lueur-encre-vegetale-cosmique-768x415.jpg 768w, https:\/\/lueurvegetale.fr\/wp-content\/uploads\/2020\/12\/boites-the-lueur-encre-vegetale-cosmique-1536x830.jpg 1536w, https:\/\/lueurvegetale.fr\/wp-content\/uploads\/2020\/12\/boites-the-lueur-encre-vegetale-cosmique-2048x1107.jpg 2048w\" sizes=\"auto, (max-width: 1024px) 100vw, 1024px\" \/><\/figure>\n\n\n\n<p>Des encres v\u00e9g\u00e9tales, certaines r\u00e9alis\u00e9es directement \u00e0 partir des feuilles de th\u00e9 apr\u00e8s infusion et d\u00e9gustation, pour habiller de fa\u00e7on unique chaque boite \u00e0 th\u00e9 en fer blanc. <\/p>\n\n\n\n<figure class=\"wp-block-gallery has-nested-images columns-3 is-cropped wp-block-gallery-2 is-layout-flex wp-block-gallery-is-layout-flex\">\n<figure class=\"wp-block-image size-large\"><img loading=\"lazy\" decoding=\"async\" width=\"1057\" height=\"622\" data-id=\"370\" src=\"http:\/\/lueurvegetale.fr\/wp-content\/uploads\/2020\/12\/boites-the-lueur-encre-vegetale.jpg\" alt=\"\" class=\"wp-image-370\" srcset=\"https:\/\/lueurvegetale.fr\/wp-content\/uploads\/2020\/12\/boites-the-lueur-encre-vegetale.jpg 1057w, https:\/\/lueurvegetale.fr\/wp-content\/uploads\/2020\/12\/boites-the-lueur-encre-vegetale-300x177.jpg 300w, https:\/\/lueurvegetale.fr\/wp-content\/uploads\/2020\/12\/boites-the-lueur-encre-vegetale-1024x603.jpg 1024w, https:\/\/lueurvegetale.fr\/wp-content\/uploads\/2020\/12\/boites-the-lueur-encre-vegetale-768x452.jpg 768w\" sizes=\"auto, (max-width: 1057px) 100vw, 1057px\" \/><\/figure>\n\n\n\n<figure class=\"wp-block-image size-large\"><img loading=\"lazy\" decoding=\"async\" width=\"1024\" height=\"721\" data-id=\"345\" src=\"http:\/\/lueurvegetale.fr\/wp-content\/uploads\/2020\/12\/boites-the-lueur-encre-vegetale-troene-1024x721.jpg\" alt=\"\" class=\"wp-image-345\" srcset=\"https:\/\/lueurvegetale.fr\/wp-content\/uploads\/2020\/12\/boites-the-lueur-encre-vegetale-troene-1024x721.jpg 1024w, https:\/\/lueurvegetale.fr\/wp-content\/uploads\/2020\/12\/boites-the-lueur-encre-vegetale-troene-300x211.jpg 300w, https:\/\/lueurvegetale.fr\/wp-content\/uploads\/2020\/12\/boites-the-lueur-encre-vegetale-troene-768x541.jpg 768w, https:\/\/lueurvegetale.fr\/wp-content\/uploads\/2020\/12\/boites-the-lueur-encre-vegetale-troene-1536x1082.jpg 1536w, https:\/\/lueurvegetale.fr\/wp-content\/uploads\/2020\/12\/boites-the-lueur-encre-vegetale-troene-2048x1443.jpg 2048w\" sizes=\"auto, (max-width: 1024px) 100vw, 1024px\" \/><\/figure>\n\n\n\n<figure class=\"wp-block-image size-large\"><img loading=\"lazy\" decoding=\"async\" width=\"2560\" height=\"1236\" data-id=\"369\" src=\"http:\/\/lueurvegetale.fr\/wp-content\/uploads\/2020\/12\/boites-the-lueur-encre-vegetale-empreinte-scaled.jpg\" alt=\"\" class=\"wp-image-369\" srcset=\"https:\/\/lueurvegetale.fr\/wp-content\/uploads\/2020\/12\/boites-the-lueur-encre-vegetale-empreinte-scaled.jpg 2560w, https:\/\/lueurvegetale.fr\/wp-content\/uploads\/2020\/12\/boites-the-lueur-encre-vegetale-empreinte-300x145.jpg 300w, https:\/\/lueurvegetale.fr\/wp-content\/uploads\/2020\/12\/boites-the-lueur-encre-vegetale-empreinte-1024x494.jpg 1024w, https:\/\/lueurvegetale.fr\/wp-content\/uploads\/2020\/12\/boites-the-lueur-encre-vegetale-empreinte-768x371.jpg 768w, https:\/\/lueurvegetale.fr\/wp-content\/uploads\/2020\/12\/boites-the-lueur-encre-vegetale-empreinte-1536x742.jpg 1536w, https:\/\/lueurvegetale.fr\/wp-content\/uploads\/2020\/12\/boites-the-lueur-encre-vegetale-empreinte-2048x989.jpg 2048w\" sizes=\"auto, (max-width: 2560px) 100vw, 2560px\" \/><\/figure>\n<\/figure>\n","protected":false},"excerpt":{"rendered":"<p>Une belle rencontre d\u00e8s les d\u00e9buts de Lueur V\u00e9g\u00e9tale a \u00e9t\u00e9 celle avec Thomas, en entrant dans la maison de th\u00e9 Diwan \u00e0 Rennes, aujourd&#8217;hui devenue NEDAURA, art du th\u00e9 et de l&#8217;encens. En \u00e9ditions limit\u00e9es, sont n\u00e9es des bo\u00eetes \u00e0 th\u00e9 par\u00e9es de couleurs v\u00e9g\u00e9tales, chaque pi\u00e8ce \u00e9tant unique, r\u00e9alis\u00e9e \u00e0 la main. Des [&hellip;]<\/p>\n","protected":false},"author":1,"featured_media":0,"parent":0,"menu_order":0,"comment_status":"closed","ping_status":"closed","template":"","meta":{"_monsterinsights_skip_tracking":false,"_monsterinsights_sitenote_active":false,"_monsterinsights_sitenote_note":"","_monsterinsights_sitenote_category":0,"footnotes":""},"class_list":["post-1078","page","type-page","status-publish","hentry"],"yoast_head":"<!-- This site is optimized with the Yoast SEO plugin v25.6 - https:\/\/yoast.com\/wordpress\/plugins\/seo\/ -->\n<title>Nedaura - Lueur v\u00e9g\u00e9tale<\/title>\n<meta name=\"robots\" content=\"index, follow, max-snippet:-1, max-image-preview:large, max-video-preview:-1\" \/>\n<link rel=\"canonical\" href=\"https:\/\/lueurvegetale.fr\/index.php\/nedaura\/\" \/>\n<meta property=\"og:locale\" content=\"en_US\" \/>\n<meta property=\"og:type\" content=\"article\" \/>\n<meta property=\"og:title\" content=\"Nedaura - Lueur v\u00e9g\u00e9tale\" \/>\n<meta property=\"og:description\" content=\"Une belle rencontre d\u00e8s les d\u00e9buts de Lueur V\u00e9g\u00e9tale a \u00e9t\u00e9 celle avec Thomas, en entrant dans la maison de th\u00e9 Diwan \u00e0 Rennes, aujourd&#8217;hui devenue NEDAURA, art du th\u00e9 et de l&#8217;encens. En \u00e9ditions limit\u00e9es, sont n\u00e9es des bo\u00eetes \u00e0 th\u00e9 par\u00e9es de couleurs v\u00e9g\u00e9tales, chaque pi\u00e8ce \u00e9tant unique, r\u00e9alis\u00e9e \u00e0 la main. Des [&hellip;]\" \/>\n<meta property=\"og:url\" content=\"https:\/\/lueurvegetale.fr\/index.php\/nedaura\/\" \/>\n<meta property=\"og:site_name\" content=\"Lueur v\u00e9g\u00e9tale\" \/>\n<meta property=\"article:modified_time\" content=\"2025-06-26T13:47:32+00:00\" \/>\n<meta property=\"og:image\" content=\"http:\/\/lueurvegetale.fr\/wp-content\/uploads\/2021\/03\/boite-the-amour-printemps-lueur-vegetale-diwan-scaled-e1614591299958.jpg\" \/>\n<meta name=\"twitter:card\" content=\"summary_large_image\" \/>\n<script type=\"application\/ld+json\" class=\"yoast-schema-graph\">{\"@context\":\"https:\/\/schema.org\",\"@graph\":[{\"@type\":\"WebPage\",\"@id\":\"https:\/\/lueurvegetale.fr\/index.php\/nedaura\/\",\"url\":\"https:\/\/lueurvegetale.fr\/index.php\/nedaura\/\",\"name\":\"Nedaura - Lueur v\u00e9g\u00e9tale\",\"isPartOf\":{\"@id\":\"https:\/\/lueurvegetale.fr\/#website\"},\"primaryImageOfPage\":{\"@id\":\"https:\/\/lueurvegetale.fr\/index.php\/nedaura\/#primaryimage\"},\"image\":{\"@id\":\"https:\/\/lueurvegetale.fr\/index.php\/nedaura\/#primaryimage\"},\"thumbnailUrl\":\"http:\/\/lueurvegetale.fr\/wp-content\/uploads\/2021\/03\/boite-the-amour-printemps-lueur-vegetale-diwan-scaled-e1614591299958.jpg\",\"datePublished\":\"2024-12-02T13:11:27+00:00\",\"dateModified\":\"2025-06-26T13:47:32+00:00\",\"breadcrumb\":{\"@id\":\"https:\/\/lueurvegetale.fr\/index.php\/nedaura\/#breadcrumb\"},\"inLanguage\":\"en-US\",\"potentialAction\":[{\"@type\":\"ReadAction\",\"target\":[\"https:\/\/lueurvegetale.fr\/index.php\/nedaura\/\"]}]},{\"@type\":\"ImageObject\",\"inLanguage\":\"en-US\",\"@id\":\"https:\/\/lueurvegetale.fr\/index.php\/nedaura\/#primaryimage\",\"url\":\"https:\/\/lueurvegetale.fr\/wp-content\/uploads\/2021\/03\/boite-the-amour-printemps-lueur-vegetale-diwan-scaled-e1614591299958.jpg\",\"contentUrl\":\"https:\/\/lueurvegetale.fr\/wp-content\/uploads\/2021\/03\/boite-the-amour-printemps-lueur-vegetale-diwan-scaled-e1614591299958.jpg\",\"width\":2560,\"height\":1235},{\"@type\":\"BreadcrumbList\",\"@id\":\"https:\/\/lueurvegetale.fr\/index.php\/nedaura\/#breadcrumb\",\"itemListElement\":[{\"@type\":\"ListItem\",\"position\":1,\"name\":\"Accueil\",\"item\":\"https:\/\/lueurvegetale.fr\/\"},{\"@type\":\"ListItem\",\"position\":2,\"name\":\"Nedaura\"}]},{\"@type\":\"WebSite\",\"@id\":\"https:\/\/lueurvegetale.fr\/#website\",\"url\":\"https:\/\/lueurvegetale.fr\/\",\"name\":\"Lueur v\u00e9g\u00e9tale\",\"description\":\"Explorer les couleurs v\u00e9g\u00e9tales, s&#039;inspirer de la sagesse des plantes\",\"publisher\":{\"@id\":\"https:\/\/lueurvegetale.fr\/#organization\"},\"potentialAction\":[{\"@type\":\"SearchAction\",\"target\":{\"@type\":\"EntryPoint\",\"urlTemplate\":\"https:\/\/lueurvegetale.fr\/?s={search_term_string}\"},\"query-input\":{\"@type\":\"PropertyValueSpecification\",\"valueRequired\":true,\"valueName\":\"search_term_string\"}}],\"inLanguage\":\"en-US\"},{\"@type\":\"Organization\",\"@id\":\"https:\/\/lueurvegetale.fr\/#organization\",\"name\":\"Lueur v\u00e9g\u00e9tale\",\"url\":\"https:\/\/lueurvegetale.fr\/\",\"logo\":{\"@type\":\"ImageObject\",\"inLanguage\":\"en-US\",\"@id\":\"https:\/\/lueurvegetale.fr\/#\/schema\/logo\/image\/\",\"url\":\"https:\/\/lueurvegetale.fr\/wp-content\/uploads\/2020\/11\/cropped-EXE-LUEUR-VEGETALE-3-1.jpg\",\"contentUrl\":\"https:\/\/lueurvegetale.fr\/wp-content\/uploads\/2020\/11\/cropped-EXE-LUEUR-VEGETALE-3-1.jpg\",\"width\":1414,\"height\":1029,\"caption\":\"Lueur v\u00e9g\u00e9tale\"},\"image\":{\"@id\":\"https:\/\/lueurvegetale.fr\/#\/schema\/logo\/image\/\"}}]}<\/script>\n<!-- \/ Yoast SEO plugin. -->","yoast_head_json":{"title":"Nedaura - Lueur v\u00e9g\u00e9tale","robots":{"index":"index","follow":"follow","max-snippet":"max-snippet:-1","max-image-preview":"max-image-preview:large","max-video-preview":"max-video-preview:-1"},"canonical":"https:\/\/lueurvegetale.fr\/index.php\/nedaura\/","og_locale":"en_US","og_type":"article","og_title":"Nedaura - Lueur v\u00e9g\u00e9tale","og_description":"Une belle rencontre d\u00e8s les d\u00e9buts de Lueur V\u00e9g\u00e9tale a \u00e9t\u00e9 celle avec Thomas, en entrant dans la maison de th\u00e9 Diwan \u00e0 Rennes, aujourd&#8217;hui devenue NEDAURA, art du th\u00e9 et de l&#8217;encens. En \u00e9ditions limit\u00e9es, sont n\u00e9es des bo\u00eetes \u00e0 th\u00e9 par\u00e9es de couleurs v\u00e9g\u00e9tales, chaque pi\u00e8ce \u00e9tant unique, r\u00e9alis\u00e9e \u00e0 la main. Des [&hellip;]","og_url":"https:\/\/lueurvegetale.fr\/index.php\/nedaura\/","og_site_name":"Lueur v\u00e9g\u00e9tale","article_modified_time":"2025-06-26T13:47:32+00:00","og_image":[{"url":"http:\/\/lueurvegetale.fr\/wp-content\/uploads\/2021\/03\/boite-the-amour-printemps-lueur-vegetale-diwan-scaled-e1614591299958.jpg","type":"","width":"","height":""}],"twitter_card":"summary_large_image","schema":{"@context":"https:\/\/schema.org","@graph":[{"@type":"WebPage","@id":"https:\/\/lueurvegetale.fr\/index.php\/nedaura\/","url":"https:\/\/lueurvegetale.fr\/index.php\/nedaura\/","name":"Nedaura - Lueur v\u00e9g\u00e9tale","isPartOf":{"@id":"https:\/\/lueurvegetale.fr\/#website"},"primaryImageOfPage":{"@id":"https:\/\/lueurvegetale.fr\/index.php\/nedaura\/#primaryimage"},"image":{"@id":"https:\/\/lueurvegetale.fr\/index.php\/nedaura\/#primaryimage"},"thumbnailUrl":"http:\/\/lueurvegetale.fr\/wp-content\/uploads\/2021\/03\/boite-the-amour-printemps-lueur-vegetale-diwan-scaled-e1614591299958.jpg","datePublished":"2024-12-02T13:11:27+00:00","dateModified":"2025-06-26T13:47:32+00:00","breadcrumb":{"@id":"https:\/\/lueurvegetale.fr\/index.php\/nedaura\/#breadcrumb"},"inLanguage":"en-US","potentialAction":[{"@type":"ReadAction","target":["https:\/\/lueurvegetale.fr\/index.php\/nedaura\/"]}]},{"@type":"ImageObject","inLanguage":"en-US","@id":"https:\/\/lueurvegetale.fr\/index.php\/nedaura\/#primaryimage","url":"https:\/\/lueurvegetale.fr\/wp-content\/uploads\/2021\/03\/boite-the-amour-printemps-lueur-vegetale-diwan-scaled-e1614591299958.jpg","contentUrl":"https:\/\/lueurvegetale.fr\/wp-content\/uploads\/2021\/03\/boite-the-amour-printemps-lueur-vegetale-diwan-scaled-e1614591299958.jpg","width":2560,"height":1235},{"@type":"BreadcrumbList","@id":"https:\/\/lueurvegetale.fr\/index.php\/nedaura\/#breadcrumb","itemListElement":[{"@type":"ListItem","position":1,"name":"Accueil","item":"https:\/\/lueurvegetale.fr\/"},{"@type":"ListItem","position":2,"name":"Nedaura"}]},{"@type":"WebSite","@id":"https:\/\/lueurvegetale.fr\/#website","url":"https:\/\/lueurvegetale.fr\/","name":"Lueur v\u00e9g\u00e9tale","description":"Explorer les couleurs v\u00e9g\u00e9tales, s&#039;inspirer de la sagesse des plantes","publisher":{"@id":"https:\/\/lueurvegetale.fr\/#organization"},"potentialAction":[{"@type":"SearchAction","target":{"@type":"EntryPoint","urlTemplate":"https:\/\/lueurvegetale.fr\/?s={search_term_string}"},"query-input":{"@type":"PropertyValueSpecification","valueRequired":true,"valueName":"search_term_string"}}],"inLanguage":"en-US"},{"@type":"Organization","@id":"https:\/\/lueurvegetale.fr\/#organization","name":"Lueur v\u00e9g\u00e9tale","url":"https:\/\/lueurvegetale.fr\/","logo":{"@type":"ImageObject","inLanguage":"en-US","@id":"https:\/\/lueurvegetale.fr\/#\/schema\/logo\/image\/","url":"https:\/\/lueurvegetale.fr\/wp-content\/uploads\/2020\/11\/cropped-EXE-LUEUR-VEGETALE-3-1.jpg","contentUrl":"https:\/\/lueurvegetale.fr\/wp-content\/uploads\/2020\/11\/cropped-EXE-LUEUR-VEGETALE-3-1.jpg","width":1414,"height":1029,"caption":"Lueur v\u00e9g\u00e9tale"},"image":{"@id":"https:\/\/lueurvegetale.fr\/#\/schema\/logo\/image\/"}}]}},"_links":{"self":[{"href":"https:\/\/lueurvegetale.fr\/index.php\/wp-json\/wp\/v2\/pages\/1078","targetHints":{"allow":["GET"]}}],"collection":[{"href":"https:\/\/lueurvegetale.fr\/index.php\/wp-json\/wp\/v2\/pages"}],"about":[{"href":"https:\/\/lueurvegetale.fr\/index.php\/wp-json\/wp\/v2\/types\/page"}],"author":[{"embeddable":true,"href":"https:\/\/lueurvegetale.fr\/index.php\/wp-json\/wp\/v2\/users\/1"}],"replies":[{"embeddable":true,"href":"https:\/\/lueurvegetale.fr\/index.php\/wp-json\/wp\/v2\/comments?post=1078"}],"version-history":[{"count":3,"href":"https:\/\/lueurvegetale.fr\/index.php\/wp-json\/wp\/v2\/pages\/1078\/revisions"}],"predecessor-version":[{"id":1277,"href":"https:\/\/lueurvegetale.fr\/index.php\/wp-json\/wp\/v2\/pages\/1078\/revisions\/1277"}],"wp:attachment":[{"href":"https:\/\/lueurvegetale.fr\/index.php\/wp-json\/wp\/v2\/media?parent=1078"}],"curies":[{"name":"wp","href":"https:\/\/api.w.org\/{rel}","templated":true}]}}