{"id":1365,"date":"2025-08-07T22:19:04","date_gmt":"2025-08-07T20:19:04","guid":{"rendered":"https:\/\/lueurvegetale.fr\/?page_id=1365"},"modified":"2025-08-07T22:22:06","modified_gmt":"2025-08-07T20:22:06","slug":"oeuvre-collective-couleurs-vegetales","status":"publish","type":"page","link":"http:\/\/lueurvegetale.fr\/index.php\/oeuvre-collective-couleurs-vegetales\/","title":{"rendered":"Universit\u00e9 de Rennes"},"content":{"rendered":"\n<h3 class=\"wp-block-heading\">Projet artistique men\u00e9 avec un groupe d\u2019\u00e9tudiants de l\u2019universit\u00e9 de Rennes<\/h3>\n\n\n\n<p>Des <a href=\"https:\/\/culture.univ-rennes.fr\/ateliers-de-pratique-artistique\">ateliers de pratiques artistiques<\/a> organis\u00e9s par le service culturel.<\/p>\n\n\n\n<p>Des temps de partage et d&#8217;expression \u00e0 la d\u00e9couverte de divers savoir-faire qui ont abouti \u00e0 l&#8217;\u00e9laboration d\u2019<strong>\u0153uvres collectives<\/strong>.<\/p>\n\n\n\n<p>De l&#8217;exploration et identification des <strong>plantes \u00e0 couleurs de l&#8217;arboretum<\/strong> et de la mini-for\u00eat du campus \u00e0 la collecte pour conserver les pr\u00e9cieuses mati\u00e8res tinctoriales en vue de r\u00e9aliser un <strong>nuancier herbier<\/strong> de flocons de laine locale teint\u00e9s naturellement avec les essences v\u00e9g\u00e9tales. <\/p>\n\n\n\n<p>A aussi \u00e9t\u00e9 expos\u00e9e en mai 2025 au <a href=\"https:\/\/culture.univ-rennes.fr\/\">Diapason <\/a>une \u0153uvre co-cr\u00e9ee avec le groupe d&#8217;\u00e9tudiantes\u00a0d&#8217;Aymeric Georget (Terre et Design) : une sculpture de mouton en terre crue habill\u00e9 de toison de <strong>laine color\u00e9e par les plantes<\/strong> !<\/p>\n\n\n\n<figure class=\"wp-block-gallery has-nested-images columns-default is-cropped wp-block-gallery-1 is-layout-flex wp-block-gallery-is-layout-flex\">\n<figure class=\"wp-block-image size-large\"><img loading=\"lazy\" decoding=\"async\" width=\"1024\" height=\"1024\" data-id=\"1371\" src=\"https:\/\/lueurvegetale.fr\/wp-content\/uploads\/2025\/08\/realisation-oeuvre-collective-terre-et-toison-teinture-vegetale-1024x1024.jpg\" alt=\"\" class=\"wp-image-1371\" srcset=\"http:\/\/lueurvegetale.fr\/wp-content\/uploads\/2025\/08\/realisation-oeuvre-collective-terre-et-toison-teinture-vegetale-1024x1024.jpg 1024w, http:\/\/lueurvegetale.fr\/wp-content\/uploads\/2025\/08\/realisation-oeuvre-collective-terre-et-toison-teinture-vegetale-300x300.jpg 300w, http:\/\/lueurvegetale.fr\/wp-content\/uploads\/2025\/08\/realisation-oeuvre-collective-terre-et-toison-teinture-vegetale-150x150.jpg 150w, http:\/\/lueurvegetale.fr\/wp-content\/uploads\/2025\/08\/realisation-oeuvre-collective-terre-et-toison-teinture-vegetale-768x768.jpg 768w, http:\/\/lueurvegetale.fr\/wp-content\/uploads\/2025\/08\/realisation-oeuvre-collective-terre-et-toison-teinture-vegetale.jpg 1080w\" sizes=\"auto, (max-width: 1024px) 100vw, 1024px\" \/><\/figure>\n\n\n\n<figure class=\"wp-block-image size-large\"><img loading=\"lazy\" decoding=\"async\" width=\"1024\" height=\"1024\" data-id=\"1367\" src=\"https:\/\/lueurvegetale.fr\/wp-content\/uploads\/2025\/08\/ateliers-pratiques-artistiques-couleurs-vegetales-1024x1024.jpg\" alt=\"\" class=\"wp-image-1367\" srcset=\"http:\/\/lueurvegetale.fr\/wp-content\/uploads\/2025\/08\/ateliers-pratiques-artistiques-couleurs-vegetales-1024x1024.jpg 1024w, http:\/\/lueurvegetale.fr\/wp-content\/uploads\/2025\/08\/ateliers-pratiques-artistiques-couleurs-vegetales-300x300.jpg 300w, http:\/\/lueurvegetale.fr\/wp-content\/uploads\/2025\/08\/ateliers-pratiques-artistiques-couleurs-vegetales-150x150.jpg 150w, http:\/\/lueurvegetale.fr\/wp-content\/uploads\/2025\/08\/ateliers-pratiques-artistiques-couleurs-vegetales-768x768.jpg 768w, http:\/\/lueurvegetale.fr\/wp-content\/uploads\/2025\/08\/ateliers-pratiques-artistiques-couleurs-vegetales.jpg 1080w\" sizes=\"auto, (max-width: 1024px) 100vw, 1024px\" \/><\/figure>\n\n\n\n<figure class=\"wp-block-image size-large\"><img loading=\"lazy\" decoding=\"async\" width=\"206\" height=\"206\" data-id=\"1366\" src=\"https:\/\/lueurvegetale.fr\/wp-content\/uploads\/2025\/08\/ateliers-couleurs-vegetales-universite.jpg\" alt=\"\" class=\"wp-image-1366\" srcset=\"http:\/\/lueurvegetale.fr\/wp-content\/uploads\/2025\/08\/ateliers-couleurs-vegetales-universite.jpg 206w, http:\/\/lueurvegetale.fr\/wp-content\/uploads\/2025\/08\/ateliers-couleurs-vegetales-universite-150x150.jpg 150w\" sizes=\"auto, (max-width: 206px) 100vw, 206px\" \/><\/figure>\n\n\n\n<figure class=\"wp-block-image size-large\"><img loading=\"lazy\" decoding=\"async\" width=\"1024\" height=\"1024\" data-id=\"1368\" src=\"https:\/\/lueurvegetale.fr\/wp-content\/uploads\/2025\/08\/ateliers-teinture-vegetale-etudiants-1024x1024.jpg\" alt=\"\" class=\"wp-image-1368\" srcset=\"http:\/\/lueurvegetale.fr\/wp-content\/uploads\/2025\/08\/ateliers-teinture-vegetale-etudiants-1024x1024.jpg 1024w, http:\/\/lueurvegetale.fr\/wp-content\/uploads\/2025\/08\/ateliers-teinture-vegetale-etudiants-300x300.jpg 300w, http:\/\/lueurvegetale.fr\/wp-content\/uploads\/2025\/08\/ateliers-teinture-vegetale-etudiants-150x150.jpg 150w, http:\/\/lueurvegetale.fr\/wp-content\/uploads\/2025\/08\/ateliers-teinture-vegetale-etudiants-768x768.jpg 768w, http:\/\/lueurvegetale.fr\/wp-content\/uploads\/2025\/08\/ateliers-teinture-vegetale-etudiants.jpg 1080w\" sizes=\"auto, (max-width: 1024px) 100vw, 1024px\" \/><\/figure>\n\n\n\n<figure class=\"wp-block-image size-large\"><img loading=\"lazy\" decoding=\"async\" width=\"1024\" height=\"1024\" data-id=\"1369\" src=\"https:\/\/lueurvegetale.fr\/wp-content\/uploads\/2025\/08\/exposition-oeuvres-collectives-herbier-laine-teintee-1024x1024.jpg\" alt=\"\" class=\"wp-image-1369\" srcset=\"http:\/\/lueurvegetale.fr\/wp-content\/uploads\/2025\/08\/exposition-oeuvres-collectives-herbier-laine-teintee-1024x1024.jpg 1024w, http:\/\/lueurvegetale.fr\/wp-content\/uploads\/2025\/08\/exposition-oeuvres-collectives-herbier-laine-teintee-300x300.jpg 300w, http:\/\/lueurvegetale.fr\/wp-content\/uploads\/2025\/08\/exposition-oeuvres-collectives-herbier-laine-teintee-150x150.jpg 150w, http:\/\/lueurvegetale.fr\/wp-content\/uploads\/2025\/08\/exposition-oeuvres-collectives-herbier-laine-teintee-768x768.jpg 768w, http:\/\/lueurvegetale.fr\/wp-content\/uploads\/2025\/08\/exposition-oeuvres-collectives-herbier-laine-teintee.jpg 1080w\" sizes=\"auto, (max-width: 1024px) 100vw, 1024px\" \/><\/figure>\n\n\n\n<figure class=\"wp-block-image size-large\"><img loading=\"lazy\" decoding=\"async\" width=\"1024\" height=\"1024\" data-id=\"1370\" src=\"https:\/\/lueurvegetale.fr\/wp-content\/uploads\/2025\/08\/realisation-oeuvre-collaboration-terre-laine-teinture-vegetale-1024x1024.jpg\" alt=\"\" class=\"wp-image-1370\" srcset=\"http:\/\/lueurvegetale.fr\/wp-content\/uploads\/2025\/08\/realisation-oeuvre-collaboration-terre-laine-teinture-vegetale-1024x1024.jpg 1024w, http:\/\/lueurvegetale.fr\/wp-content\/uploads\/2025\/08\/realisation-oeuvre-collaboration-terre-laine-teinture-vegetale-300x300.jpg 300w, http:\/\/lueurvegetale.fr\/wp-content\/uploads\/2025\/08\/realisation-oeuvre-collaboration-terre-laine-teinture-vegetale-150x150.jpg 150w, http:\/\/lueurvegetale.fr\/wp-content\/uploads\/2025\/08\/realisation-oeuvre-collaboration-terre-laine-teinture-vegetale-768x768.jpg 768w, http:\/\/lueurvegetale.fr\/wp-content\/uploads\/2025\/08\/realisation-oeuvre-collaboration-terre-laine-teinture-vegetale.jpg 1080w\" sizes=\"auto, (max-width: 1024px) 100vw, 1024px\" \/><\/figure>\n<\/figure>\n","protected":false},"excerpt":{"rendered":"<p>Projet artistique men\u00e9 avec un groupe d\u2019\u00e9tudiants de l\u2019universit\u00e9 de Rennes Des ateliers de pratiques artistiques organis\u00e9s par le service culturel. Des temps de partage et d&#8217;expression \u00e0 la d\u00e9couverte de divers savoir-faire qui ont abouti \u00e0 l&#8217;\u00e9laboration d\u2019\u0153uvres collectives. De l&#8217;exploration et identification des plantes \u00e0 couleurs de l&#8217;arboretum et de la mini-for\u00eat du [&hellip;]<\/p>\n","protected":false},"author":1,"featured_media":0,"parent":0,"menu_order":0,"comment_status":"closed","ping_status":"closed","template":"","meta":{"_monsterinsights_skip_tracking":false,"_monsterinsights_sitenote_active":false,"_monsterinsights_sitenote_note":"","_monsterinsights_sitenote_category":0,"footnotes":""},"class_list":["post-1365","page","type-page","status-publish","hentry"],"yoast_head":"<!-- This site is optimized with the Yoast SEO plugin v25.6 - https:\/\/yoast.com\/wordpress\/plugins\/seo\/ -->\n<title>Universit\u00e9 de Rennes - Lueur v\u00e9g\u00e9tale<\/title>\n<meta name=\"description\" content=\"Projet artistique universit\u00e9 de Rennes. Cr\u00e9ation d&#039;un nuancier herbier tinctorial et d&#039;une oeuvre collective laine teinture vegetale\" \/>\n<meta name=\"robots\" content=\"index, follow, max-snippet:-1, max-image-preview:large, max-video-preview:-1\" \/>\n<link rel=\"canonical\" href=\"http:\/\/lueurvegetale.fr\/index.php\/oeuvre-collective-couleurs-vegetales\/\" \/>\n<meta property=\"og:locale\" content=\"en_US\" \/>\n<meta property=\"og:type\" content=\"article\" \/>\n<meta property=\"og:title\" content=\"Universit\u00e9 de Rennes - Lueur v\u00e9g\u00e9tale\" \/>\n<meta property=\"og:description\" content=\"Projet artistique universit\u00e9 de Rennes. Cr\u00e9ation d&#039;un nuancier herbier tinctorial et d&#039;une oeuvre collective laine teinture vegetale\" \/>\n<meta property=\"og:url\" content=\"http:\/\/lueurvegetale.fr\/index.php\/oeuvre-collective-couleurs-vegetales\/\" \/>\n<meta property=\"og:site_name\" content=\"Lueur v\u00e9g\u00e9tale\" \/>\n<meta property=\"article:modified_time\" content=\"2025-08-07T20:22:06+00:00\" \/>\n<meta property=\"og:image\" content=\"https:\/\/lueurvegetale.fr\/wp-content\/uploads\/2025\/08\/realisation-oeuvre-collective-terre-et-toison-teinture-vegetale-1024x1024.jpg\" \/>\n<meta name=\"twitter:card\" content=\"summary_large_image\" \/>\n<meta name=\"twitter:label1\" content=\"Est. reading time\" \/>\n\t<meta name=\"twitter:data1\" content=\"2 minutes\" \/>\n<script type=\"application\/ld+json\" class=\"yoast-schema-graph\">{\"@context\":\"https:\/\/schema.org\",\"@graph\":[{\"@type\":\"WebPage\",\"@id\":\"http:\/\/lueurvegetale.fr\/index.php\/oeuvre-collective-couleurs-vegetales\/\",\"url\":\"http:\/\/lueurvegetale.fr\/index.php\/oeuvre-collective-couleurs-vegetales\/\",\"name\":\"Universit\u00e9 de Rennes - Lueur v\u00e9g\u00e9tale\",\"isPartOf\":{\"@id\":\"https:\/\/lueurvegetale.fr\/#website\"},\"primaryImageOfPage\":{\"@id\":\"http:\/\/lueurvegetale.fr\/index.php\/oeuvre-collective-couleurs-vegetales\/#primaryimage\"},\"image\":{\"@id\":\"http:\/\/lueurvegetale.fr\/index.php\/oeuvre-collective-couleurs-vegetales\/#primaryimage\"},\"thumbnailUrl\":\"https:\/\/lueurvegetale.fr\/wp-content\/uploads\/2025\/08\/realisation-oeuvre-collective-terre-et-toison-teinture-vegetale-1024x1024.jpg\",\"datePublished\":\"2025-08-07T20:19:04+00:00\",\"dateModified\":\"2025-08-07T20:22:06+00:00\",\"description\":\"Projet artistique universit\u00e9 de Rennes. Cr\u00e9ation d'un nuancier herbier tinctorial et d'une oeuvre collective laine teinture vegetale\",\"breadcrumb\":{\"@id\":\"http:\/\/lueurvegetale.fr\/index.php\/oeuvre-collective-couleurs-vegetales\/#breadcrumb\"},\"inLanguage\":\"en-US\",\"potentialAction\":[{\"@type\":\"ReadAction\",\"target\":[\"http:\/\/lueurvegetale.fr\/index.php\/oeuvre-collective-couleurs-vegetales\/\"]}]},{\"@type\":\"ImageObject\",\"inLanguage\":\"en-US\",\"@id\":\"http:\/\/lueurvegetale.fr\/index.php\/oeuvre-collective-couleurs-vegetales\/#primaryimage\",\"url\":\"http:\/\/lueurvegetale.fr\/wp-content\/uploads\/2025\/08\/realisation-oeuvre-collective-terre-et-toison-teinture-vegetale.jpg\",\"contentUrl\":\"http:\/\/lueurvegetale.fr\/wp-content\/uploads\/2025\/08\/realisation-oeuvre-collective-terre-et-toison-teinture-vegetale.jpg\",\"width\":1080,\"height\":1080},{\"@type\":\"BreadcrumbList\",\"@id\":\"http:\/\/lueurvegetale.fr\/index.php\/oeuvre-collective-couleurs-vegetales\/#breadcrumb\",\"itemListElement\":[{\"@type\":\"ListItem\",\"position\":1,\"name\":\"Accueil\",\"item\":\"https:\/\/lueurvegetale.fr\/\"},{\"@type\":\"ListItem\",\"position\":2,\"name\":\"Universit\u00e9 de Rennes\"}]},{\"@type\":\"WebSite\",\"@id\":\"https:\/\/lueurvegetale.fr\/#website\",\"url\":\"https:\/\/lueurvegetale.fr\/\",\"name\":\"Lueur v\u00e9g\u00e9tale\",\"description\":\"Explorer les couleurs v\u00e9g\u00e9tales, s&#039;inspirer de la sagesse des plantes\",\"publisher\":{\"@id\":\"https:\/\/lueurvegetale.fr\/#organization\"},\"potentialAction\":[{\"@type\":\"SearchAction\",\"target\":{\"@type\":\"EntryPoint\",\"urlTemplate\":\"https:\/\/lueurvegetale.fr\/?s={search_term_string}\"},\"query-input\":{\"@type\":\"PropertyValueSpecification\",\"valueRequired\":true,\"valueName\":\"search_term_string\"}}],\"inLanguage\":\"en-US\"},{\"@type\":\"Organization\",\"@id\":\"https:\/\/lueurvegetale.fr\/#organization\",\"name\":\"Lueur v\u00e9g\u00e9tale\",\"url\":\"https:\/\/lueurvegetale.fr\/\",\"logo\":{\"@type\":\"ImageObject\",\"inLanguage\":\"en-US\",\"@id\":\"https:\/\/lueurvegetale.fr\/#\/schema\/logo\/image\/\",\"url\":\"http:\/\/lueurvegetale.fr\/wp-content\/uploads\/2020\/11\/cropped-EXE-LUEUR-VEGETALE-3-1.jpg\",\"contentUrl\":\"http:\/\/lueurvegetale.fr\/wp-content\/uploads\/2020\/11\/cropped-EXE-LUEUR-VEGETALE-3-1.jpg\",\"width\":1414,\"height\":1029,\"caption\":\"Lueur v\u00e9g\u00e9tale\"},\"image\":{\"@id\":\"https:\/\/lueurvegetale.fr\/#\/schema\/logo\/image\/\"}}]}<\/script>\n<!-- \/ Yoast SEO plugin. -->","yoast_head_json":{"title":"Universit\u00e9 de Rennes - Lueur v\u00e9g\u00e9tale","description":"Projet artistique universit\u00e9 de Rennes. Cr\u00e9ation d'un nuancier herbier tinctorial et d'une oeuvre collective laine teinture vegetale","robots":{"index":"index","follow":"follow","max-snippet":"max-snippet:-1","max-image-preview":"max-image-preview:large","max-video-preview":"max-video-preview:-1"},"canonical":"http:\/\/lueurvegetale.fr\/index.php\/oeuvre-collective-couleurs-vegetales\/","og_locale":"en_US","og_type":"article","og_title":"Universit\u00e9 de Rennes - Lueur v\u00e9g\u00e9tale","og_description":"Projet artistique universit\u00e9 de Rennes. Cr\u00e9ation d'un nuancier herbier tinctorial et d'une oeuvre collective laine teinture vegetale","og_url":"http:\/\/lueurvegetale.fr\/index.php\/oeuvre-collective-couleurs-vegetales\/","og_site_name":"Lueur v\u00e9g\u00e9tale","article_modified_time":"2025-08-07T20:22:06+00:00","og_image":[{"url":"https:\/\/lueurvegetale.fr\/wp-content\/uploads\/2025\/08\/realisation-oeuvre-collective-terre-et-toison-teinture-vegetale-1024x1024.jpg","type":"","width":"","height":""}],"twitter_card":"summary_large_image","twitter_misc":{"Est. reading time":"2 minutes"},"schema":{"@context":"https:\/\/schema.org","@graph":[{"@type":"WebPage","@id":"http:\/\/lueurvegetale.fr\/index.php\/oeuvre-collective-couleurs-vegetales\/","url":"http:\/\/lueurvegetale.fr\/index.php\/oeuvre-collective-couleurs-vegetales\/","name":"Universit\u00e9 de Rennes - Lueur v\u00e9g\u00e9tale","isPartOf":{"@id":"https:\/\/lueurvegetale.fr\/#website"},"primaryImageOfPage":{"@id":"http:\/\/lueurvegetale.fr\/index.php\/oeuvre-collective-couleurs-vegetales\/#primaryimage"},"image":{"@id":"http:\/\/lueurvegetale.fr\/index.php\/oeuvre-collective-couleurs-vegetales\/#primaryimage"},"thumbnailUrl":"https:\/\/lueurvegetale.fr\/wp-content\/uploads\/2025\/08\/realisation-oeuvre-collective-terre-et-toison-teinture-vegetale-1024x1024.jpg","datePublished":"2025-08-07T20:19:04+00:00","dateModified":"2025-08-07T20:22:06+00:00","description":"Projet artistique universit\u00e9 de Rennes. Cr\u00e9ation d'un nuancier herbier tinctorial et d'une oeuvre collective laine teinture vegetale","breadcrumb":{"@id":"http:\/\/lueurvegetale.fr\/index.php\/oeuvre-collective-couleurs-vegetales\/#breadcrumb"},"inLanguage":"en-US","potentialAction":[{"@type":"ReadAction","target":["http:\/\/lueurvegetale.fr\/index.php\/oeuvre-collective-couleurs-vegetales\/"]}]},{"@type":"ImageObject","inLanguage":"en-US","@id":"http:\/\/lueurvegetale.fr\/index.php\/oeuvre-collective-couleurs-vegetales\/#primaryimage","url":"http:\/\/lueurvegetale.fr\/wp-content\/uploads\/2025\/08\/realisation-oeuvre-collective-terre-et-toison-teinture-vegetale.jpg","contentUrl":"http:\/\/lueurvegetale.fr\/wp-content\/uploads\/2025\/08\/realisation-oeuvre-collective-terre-et-toison-teinture-vegetale.jpg","width":1080,"height":1080},{"@type":"BreadcrumbList","@id":"http:\/\/lueurvegetale.fr\/index.php\/oeuvre-collective-couleurs-vegetales\/#breadcrumb","itemListElement":[{"@type":"ListItem","position":1,"name":"Accueil","item":"https:\/\/lueurvegetale.fr\/"},{"@type":"ListItem","position":2,"name":"Universit\u00e9 de Rennes"}]},{"@type":"WebSite","@id":"https:\/\/lueurvegetale.fr\/#website","url":"https:\/\/lueurvegetale.fr\/","name":"Lueur v\u00e9g\u00e9tale","description":"Explorer les couleurs v\u00e9g\u00e9tales, s&#039;inspirer de la sagesse des plantes","publisher":{"@id":"https:\/\/lueurvegetale.fr\/#organization"},"potentialAction":[{"@type":"SearchAction","target":{"@type":"EntryPoint","urlTemplate":"https:\/\/lueurvegetale.fr\/?s={search_term_string}"},"query-input":{"@type":"PropertyValueSpecification","valueRequired":true,"valueName":"search_term_string"}}],"inLanguage":"en-US"},{"@type":"Organization","@id":"https:\/\/lueurvegetale.fr\/#organization","name":"Lueur v\u00e9g\u00e9tale","url":"https:\/\/lueurvegetale.fr\/","logo":{"@type":"ImageObject","inLanguage":"en-US","@id":"https:\/\/lueurvegetale.fr\/#\/schema\/logo\/image\/","url":"http:\/\/lueurvegetale.fr\/wp-content\/uploads\/2020\/11\/cropped-EXE-LUEUR-VEGETALE-3-1.jpg","contentUrl":"http:\/\/lueurvegetale.fr\/wp-content\/uploads\/2020\/11\/cropped-EXE-LUEUR-VEGETALE-3-1.jpg","width":1414,"height":1029,"caption":"Lueur v\u00e9g\u00e9tale"},"image":{"@id":"https:\/\/lueurvegetale.fr\/#\/schema\/logo\/image\/"}}]}},"_links":{"self":[{"href":"http:\/\/lueurvegetale.fr\/index.php\/wp-json\/wp\/v2\/pages\/1365","targetHints":{"allow":["GET"]}}],"collection":[{"href":"http:\/\/lueurvegetale.fr\/index.php\/wp-json\/wp\/v2\/pages"}],"about":[{"href":"http:\/\/lueurvegetale.fr\/index.php\/wp-json\/wp\/v2\/types\/page"}],"author":[{"embeddable":true,"href":"http:\/\/lueurvegetale.fr\/index.php\/wp-json\/wp\/v2\/users\/1"}],"replies":[{"embeddable":true,"href":"http:\/\/lueurvegetale.fr\/index.php\/wp-json\/wp\/v2\/comments?post=1365"}],"version-history":[{"count":2,"href":"http:\/\/lueurvegetale.fr\/index.php\/wp-json\/wp\/v2\/pages\/1365\/revisions"}],"predecessor-version":[{"id":1374,"href":"http:\/\/lueurvegetale.fr\/index.php\/wp-json\/wp\/v2\/pages\/1365\/revisions\/1374"}],"wp:attachment":[{"href":"http:\/\/lueurvegetale.fr\/index.php\/wp-json\/wp\/v2\/media?parent=1365"}],"curies":[{"name":"wp","href":"https:\/\/api.w.org\/{rel}","templated":true}]}}