{"id":1301,"date":"2025-08-04T18:49:15","date_gmt":"2025-08-04T16:49:15","guid":{"rendered":"https:\/\/lueurvegetale.fr\/?page_id=1301"},"modified":"2025-09-01T11:32:07","modified_gmt":"2025-09-01T09:32:07","slug":"temoignages","status":"publish","type":"page","link":"http:\/\/lueurvegetale.fr\/index.php\/temoignages\/","title":{"rendered":"T\u00e9moignages"},"content":{"rendered":"\n<blockquote class=\"wp-block-quote is-layout-flow wp-block-quote-is-layout-flow\">\n<p>&#8220;<em>C\u2019\u00e9tait une tr\u00e8s jolie exp\u00e9rience : du rassemblement de personnes qui ne se connaissaient pas avant la courte pr\u00e9sentation et la marche dans le bois pour la collecte de feuilles \u00e0 un \u00e9merveillement collectif devant la toile suspendue !&nbsp;Il y avait comme un silence presque \u00ab religieux \u00bb d\u2019observation, d\u2019\u00e9tonnement, de fascination devant le rendu final, autant global que dans le d\u00e9tail de chaque feuille \u2026 dans la vari\u00e9t\u00e9 des teintes et la subtilit\u00e9 des nuances \u2026 la magie de la r\u00e9action chimique apr\u00e8s la phase joyeuse et hilarante (retour \u00e0 l\u2019enfant int\u00e9rieur ?) de taper sur le tissu avec des cailloux, tous beaux. Le cadre -la for\u00eat- a certainement contribu\u00e9 aussi \u00e0 cette belle ambiance collective.<\/em>&#8221; Marie C.<\/p>\n<\/blockquote>\n\n\n\n<blockquote class=\"wp-block-quote is-layout-flow wp-block-quote-is-layout-flow\">\n<p><em>&#8220;Une formation compl\u00e8te et men\u00e9e de fa\u00e7on tr\u00e8s p\u00e9dagogique par Carole. En alternant th\u00e9orie\/pratique et en l\u2019agr\u00e9mentant de balades nature fort instructives. J\u2019ai eu la chance de faire les 2 formations (la premi\u00e8re sur la couleur v\u00e9g\u00e9tale et la seconde sur la teinture v\u00e9g\u00e9tale) qui m\u2019ont permis de mieux comprendre ce que j\u2019avais pu lire ou exp\u00e9rimenter de mon c\u00f4t\u00e9. Carole se montre disponible pour \u00e9changer et fait preuve de patience et d\u2019une r\u00e9elle passion pour transmettre ce domaine incroyablement magique et complexe du monde v\u00e9g\u00e9tal&#8221;.<\/em> Houria L.<\/p>\n\n\n\n<p><em>&#8220;<em>Carole nous a fait voyager de l\u2019arbre au pinceau. C\u2019\u00e9tait une super exp\u00e9rience ! Dans une atmosph\u00e8re studieuse et d\u00e9tendue mais aussi ludique, elle a anim\u00e9 ces 3 heures d\u2019atelier avec beaucoup de sensibilit\u00e9 et d\u2019attention. Et avec une impressionnante maitrise de son sujet, des connaissances vraiment larges, tr\u00e8s utiles pour comprendre l\u2019origine des couleurs, le processus d\u2019extraction et la fabrication d\u2019encres v\u00e9g\u00e9tales. Reconnaissance v\u00e9g\u00e9tale, botanique, herboristerie et m\u00eame un peu de chimie\u2026 avant de passer en cuisine et de jouer avec fioles, poudres diverses, pilons, casseroles, tamis\u00a0! Un grand merci.<\/em>&#8220;<\/em> Damien L.<\/p>\n\n\n\n<p>&#8220;<em>Atelier tr\u00e8s enrichissant pour d\u00e9couvrir la fabrication d&#8217;encres v\u00e9g\u00e9tales ! Carole transmet son savoir avec passion et p\u00e9dagogie, dans une ambiance simple et bienveillante. J\u2019ai beaucoup aim\u00e9 exp\u00e9rimenter diff\u00e9rentes mati\u00e8res et repartir avec un joli nuancier, parfait pour prolonger la pratique \u00e0 la maison. Une belle porte d\u2019entr\u00e9e dans l\u2019univers des encres naturelles<\/em>.&#8221; Anastasia C.<\/p>\n\n\n\n<p><em>&#8220;J&#8217;ai appr\u00e9ci\u00e9 l&#8217;atelier. Carole est accueillante, souriante et surtout a une \u00e9tendue de connaissances sur son sujet. Nous sommes parties avec notre nuancier et une aquarelle r\u00e9alis\u00e9e \u00e0 partir des encres faites au cours de l&#8217;atelier. Nous n&#8217;avons plus qu&#8217;\u00e0 faire nos propres exp\u00e9riences en fonction des instructions donn\u00e9es par Carole. Merci pour cet apr\u00e8s-midi.&#8221;<\/em> Corine T.<\/p>\n\n\n\n<p><em>&#8220;Cet atelier est passionnant et ludique. Pour (re) d\u00e9couvrir les techniques de fabrication des encres v\u00e9g\u00e9tales, c&#8217;est un voyage dans le temps et dans la nature. Carole nous transmet un savoir-faire avec passion et p\u00e9dagogie. Je repars avec l&#8217;envie de faire le tour de mon jardin et r\u00e9colter de quoi retrouver les jaunes, les bleus\u2026. Merci<\/em>&#8221; Patricia D.<\/p>\n\n\n\n<p><em>&#8220;Bonjour, J&#8217;ai ador\u00e9 cet atelier pour son contenu mais aussi parce que Carole est passionn\u00e9e et m\u00e8ne son atelier dans le vrai sens du partage ! C&#8217;\u00e9tait un super moment qui donne envie d&#8217;en vivre d&#8217;autres ! Merci Carole&#8221;<\/em> Carine C.<br><br><em>&#8220;Merci Carole pour ce super atelier o\u00f9 j&#8217;ai pu m&#8217;approprier une des techniques de teinture, en plus de l&#8217;histoire de ce savoir ancestral. Mes ballades dans la nature vont prendre une autre dimension.. Et j&#8217;ai h\u00e2te de faire mes propres tambouilles gr\u00e2ce \u00e0 toutes tes explications !&#8221;<\/em> Estelle T.<\/p>\n<\/blockquote>\n","protected":false},"excerpt":{"rendered":"<p>&#8220;C\u2019\u00e9tait une tr\u00e8s jolie exp\u00e9rience : du rassemblement de personnes qui ne se connaissaient pas avant la courte pr\u00e9sentation et la marche dans le bois pour la collecte de feuilles \u00e0 un \u00e9merveillement collectif devant la toile suspendue !&nbsp;Il y avait comme un silence presque \u00ab religieux \u00bb d\u2019observation, d\u2019\u00e9tonnement, de fascination devant le rendu [&hellip;]<\/p>\n","protected":false},"author":1,"featured_media":0,"parent":0,"menu_order":0,"comment_status":"closed","ping_status":"closed","template":"","meta":{"_monsterinsights_skip_tracking":false,"_monsterinsights_sitenote_active":false,"_monsterinsights_sitenote_note":"","_monsterinsights_sitenote_category":0,"footnotes":""},"class_list":["post-1301","page","type-page","status-publish","hentry"],"yoast_head":"<!-- This site is optimized with the Yoast SEO plugin v25.6 - https:\/\/yoast.com\/wordpress\/plugins\/seo\/ -->\n<title>T\u00e9moignages - Lueur v\u00e9g\u00e9tale<\/title>\n<meta name=\"robots\" content=\"index, follow, max-snippet:-1, max-image-preview:large, max-video-preview:-1\" \/>\n<link rel=\"canonical\" href=\"http:\/\/lueurvegetale.fr\/index.php\/temoignages\/\" \/>\n<meta property=\"og:locale\" content=\"en_US\" \/>\n<meta property=\"og:type\" content=\"article\" \/>\n<meta property=\"og:title\" content=\"T\u00e9moignages - Lueur v\u00e9g\u00e9tale\" \/>\n<meta property=\"og:description\" content=\"&#8220;C\u2019\u00e9tait une tr\u00e8s jolie exp\u00e9rience : du rassemblement de personnes qui ne se connaissaient pas avant la courte pr\u00e9sentation et la marche dans le bois pour la collecte de feuilles \u00e0 un \u00e9merveillement collectif devant la toile suspendue !&nbsp;Il y avait comme un silence presque \u00ab religieux \u00bb d\u2019observation, d\u2019\u00e9tonnement, de fascination devant le rendu [&hellip;]\" \/>\n<meta property=\"og:url\" content=\"http:\/\/lueurvegetale.fr\/index.php\/temoignages\/\" \/>\n<meta property=\"og:site_name\" content=\"Lueur v\u00e9g\u00e9tale\" \/>\n<meta property=\"article:modified_time\" content=\"2025-09-01T09:32:07+00:00\" \/>\n<meta name=\"twitter:card\" content=\"summary_large_image\" \/>\n<script type=\"application\/ld+json\" class=\"yoast-schema-graph\">{\"@context\":\"https:\/\/schema.org\",\"@graph\":[{\"@type\":\"WebPage\",\"@id\":\"http:\/\/lueurvegetale.fr\/index.php\/temoignages\/\",\"url\":\"http:\/\/lueurvegetale.fr\/index.php\/temoignages\/\",\"name\":\"T\u00e9moignages - Lueur v\u00e9g\u00e9tale\",\"isPartOf\":{\"@id\":\"https:\/\/lueurvegetale.fr\/#website\"},\"datePublished\":\"2025-08-04T16:49:15+00:00\",\"dateModified\":\"2025-09-01T09:32:07+00:00\",\"breadcrumb\":{\"@id\":\"http:\/\/lueurvegetale.fr\/index.php\/temoignages\/#breadcrumb\"},\"inLanguage\":\"en-US\",\"potentialAction\":[{\"@type\":\"ReadAction\",\"target\":[\"http:\/\/lueurvegetale.fr\/index.php\/temoignages\/\"]}]},{\"@type\":\"BreadcrumbList\",\"@id\":\"http:\/\/lueurvegetale.fr\/index.php\/temoignages\/#breadcrumb\",\"itemListElement\":[{\"@type\":\"ListItem\",\"position\":1,\"name\":\"Accueil\",\"item\":\"https:\/\/lueurvegetale.fr\/\"},{\"@type\":\"ListItem\",\"position\":2,\"name\":\"T\u00e9moignages\"}]},{\"@type\":\"WebSite\",\"@id\":\"https:\/\/lueurvegetale.fr\/#website\",\"url\":\"https:\/\/lueurvegetale.fr\/\",\"name\":\"Lueur v\u00e9g\u00e9tale\",\"description\":\"Explorer les couleurs v\u00e9g\u00e9tales, s&#039;inspirer de la sagesse des plantes\",\"publisher\":{\"@id\":\"https:\/\/lueurvegetale.fr\/#organization\"},\"potentialAction\":[{\"@type\":\"SearchAction\",\"target\":{\"@type\":\"EntryPoint\",\"urlTemplate\":\"https:\/\/lueurvegetale.fr\/?s={search_term_string}\"},\"query-input\":{\"@type\":\"PropertyValueSpecification\",\"valueRequired\":true,\"valueName\":\"search_term_string\"}}],\"inLanguage\":\"en-US\"},{\"@type\":\"Organization\",\"@id\":\"https:\/\/lueurvegetale.fr\/#organization\",\"name\":\"Lueur v\u00e9g\u00e9tale\",\"url\":\"https:\/\/lueurvegetale.fr\/\",\"logo\":{\"@type\":\"ImageObject\",\"inLanguage\":\"en-US\",\"@id\":\"https:\/\/lueurvegetale.fr\/#\/schema\/logo\/image\/\",\"url\":\"http:\/\/lueurvegetale.fr\/wp-content\/uploads\/2020\/11\/cropped-EXE-LUEUR-VEGETALE-3-1.jpg\",\"contentUrl\":\"http:\/\/lueurvegetale.fr\/wp-content\/uploads\/2020\/11\/cropped-EXE-LUEUR-VEGETALE-3-1.jpg\",\"width\":1414,\"height\":1029,\"caption\":\"Lueur v\u00e9g\u00e9tale\"},\"image\":{\"@id\":\"https:\/\/lueurvegetale.fr\/#\/schema\/logo\/image\/\"}}]}<\/script>\n<!-- \/ Yoast SEO plugin. -->","yoast_head_json":{"title":"T\u00e9moignages - Lueur v\u00e9g\u00e9tale","robots":{"index":"index","follow":"follow","max-snippet":"max-snippet:-1","max-image-preview":"max-image-preview:large","max-video-preview":"max-video-preview:-1"},"canonical":"http:\/\/lueurvegetale.fr\/index.php\/temoignages\/","og_locale":"en_US","og_type":"article","og_title":"T\u00e9moignages - Lueur v\u00e9g\u00e9tale","og_description":"&#8220;C\u2019\u00e9tait une tr\u00e8s jolie exp\u00e9rience : du rassemblement de personnes qui ne se connaissaient pas avant la courte pr\u00e9sentation et la marche dans le bois pour la collecte de feuilles \u00e0 un \u00e9merveillement collectif devant la toile suspendue !&nbsp;Il y avait comme un silence presque \u00ab religieux \u00bb d\u2019observation, d\u2019\u00e9tonnement, de fascination devant le rendu [&hellip;]","og_url":"http:\/\/lueurvegetale.fr\/index.php\/temoignages\/","og_site_name":"Lueur v\u00e9g\u00e9tale","article_modified_time":"2025-09-01T09:32:07+00:00","twitter_card":"summary_large_image","schema":{"@context":"https:\/\/schema.org","@graph":[{"@type":"WebPage","@id":"http:\/\/lueurvegetale.fr\/index.php\/temoignages\/","url":"http:\/\/lueurvegetale.fr\/index.php\/temoignages\/","name":"T\u00e9moignages - Lueur v\u00e9g\u00e9tale","isPartOf":{"@id":"https:\/\/lueurvegetale.fr\/#website"},"datePublished":"2025-08-04T16:49:15+00:00","dateModified":"2025-09-01T09:32:07+00:00","breadcrumb":{"@id":"http:\/\/lueurvegetale.fr\/index.php\/temoignages\/#breadcrumb"},"inLanguage":"en-US","potentialAction":[{"@type":"ReadAction","target":["http:\/\/lueurvegetale.fr\/index.php\/temoignages\/"]}]},{"@type":"BreadcrumbList","@id":"http:\/\/lueurvegetale.fr\/index.php\/temoignages\/#breadcrumb","itemListElement":[{"@type":"ListItem","position":1,"name":"Accueil","item":"https:\/\/lueurvegetale.fr\/"},{"@type":"ListItem","position":2,"name":"T\u00e9moignages"}]},{"@type":"WebSite","@id":"https:\/\/lueurvegetale.fr\/#website","url":"https:\/\/lueurvegetale.fr\/","name":"Lueur v\u00e9g\u00e9tale","description":"Explorer les couleurs v\u00e9g\u00e9tales, s&#039;inspirer de la sagesse des plantes","publisher":{"@id":"https:\/\/lueurvegetale.fr\/#organization"},"potentialAction":[{"@type":"SearchAction","target":{"@type":"EntryPoint","urlTemplate":"https:\/\/lueurvegetale.fr\/?s={search_term_string}"},"query-input":{"@type":"PropertyValueSpecification","valueRequired":true,"valueName":"search_term_string"}}],"inLanguage":"en-US"},{"@type":"Organization","@id":"https:\/\/lueurvegetale.fr\/#organization","name":"Lueur v\u00e9g\u00e9tale","url":"https:\/\/lueurvegetale.fr\/","logo":{"@type":"ImageObject","inLanguage":"en-US","@id":"https:\/\/lueurvegetale.fr\/#\/schema\/logo\/image\/","url":"http:\/\/lueurvegetale.fr\/wp-content\/uploads\/2020\/11\/cropped-EXE-LUEUR-VEGETALE-3-1.jpg","contentUrl":"http:\/\/lueurvegetale.fr\/wp-content\/uploads\/2020\/11\/cropped-EXE-LUEUR-VEGETALE-3-1.jpg","width":1414,"height":1029,"caption":"Lueur v\u00e9g\u00e9tale"},"image":{"@id":"https:\/\/lueurvegetale.fr\/#\/schema\/logo\/image\/"}}]}},"_links":{"self":[{"href":"http:\/\/lueurvegetale.fr\/index.php\/wp-json\/wp\/v2\/pages\/1301","targetHints":{"allow":["GET"]}}],"collection":[{"href":"http:\/\/lueurvegetale.fr\/index.php\/wp-json\/wp\/v2\/pages"}],"about":[{"href":"http:\/\/lueurvegetale.fr\/index.php\/wp-json\/wp\/v2\/types\/page"}],"author":[{"embeddable":true,"href":"http:\/\/lueurvegetale.fr\/index.php\/wp-json\/wp\/v2\/users\/1"}],"replies":[{"embeddable":true,"href":"http:\/\/lueurvegetale.fr\/index.php\/wp-json\/wp\/v2\/comments?post=1301"}],"version-history":[{"count":5,"href":"http:\/\/lueurvegetale.fr\/index.php\/wp-json\/wp\/v2\/pages\/1301\/revisions"}],"predecessor-version":[{"id":1375,"href":"http:\/\/lueurvegetale.fr\/index.php\/wp-json\/wp\/v2\/pages\/1301\/revisions\/1375"}],"wp:attachment":[{"href":"http:\/\/lueurvegetale.fr\/index.php\/wp-json\/wp\/v2\/media?parent=1301"}],"curies":[{"name":"wp","href":"https:\/\/api.w.org\/{rel}","templated":true}]}}