{"id":1258,"date":"2025-06-20T21:01:22","date_gmt":"2025-06-20T19:01:22","guid":{"rendered":"https:\/\/lueurvegetale.fr\/?page_id=1258"},"modified":"2025-07-01T21:18:22","modified_gmt":"2025-07-01T19:18:22","slug":"eac-ladapt-ecomusee","status":"publish","type":"page","link":"http:\/\/lueurvegetale.fr\/index.php\/eac-ladapt-ecomusee\/","title":{"rendered":"EAC LADAPT Ecomus\u00e9e"},"content":{"rendered":"\n<figure class=\"wp-block-image size-large\"><img loading=\"lazy\" decoding=\"async\" width=\"1024\" height=\"345\" src=\"https:\/\/lueurvegetale.fr\/wp-content\/uploads\/2025\/06\/EAC-LADAPT-ecomusee-teinture-vegetale-1024x345.jpg\" alt=\"\" class=\"wp-image-1262\" srcset=\"http:\/\/lueurvegetale.fr\/wp-content\/uploads\/2025\/06\/EAC-LADAPT-ecomusee-teinture-vegetale-1024x345.jpg 1024w, http:\/\/lueurvegetale.fr\/wp-content\/uploads\/2025\/06\/EAC-LADAPT-ecomusee-teinture-vegetale-300x101.jpg 300w, http:\/\/lueurvegetale.fr\/wp-content\/uploads\/2025\/06\/EAC-LADAPT-ecomusee-teinture-vegetale-768x259.jpg 768w, http:\/\/lueurvegetale.fr\/wp-content\/uploads\/2025\/06\/EAC-LADAPT-ecomusee-teinture-vegetale-1536x518.jpg 1536w, http:\/\/lueurvegetale.fr\/wp-content\/uploads\/2025\/06\/EAC-LADAPT-ecomusee-teinture-vegetale.jpg 1986w\" sizes=\"auto, (max-width: 1024px) 100vw, 1024px\" \/><\/figure>\n\n\n\n<p>En \u00e9cho \u00e0 l\u2019exposition temporaire &#8220;Fleurs au-del\u00e0 des apparences&#8221; de l&#8217;<a href=\"https:\/\/www.ecomusee-rennes-metropole.fr\/fleurs-au-dela-des-apparences\/\">\u00e9comus\u00e9e du Pays de Rennes<\/a>, un projet d\u2019Education Artistique et Culturelle (EAC) soutenu par la DRAC, aupr\u00e8s d&#8217;un groupe d&#8217;adultes accompagn\u00e9 par LADAPT35, association pour l&#8217;insertion sociale et professionnelle des personnes handicap\u00e9es. <\/p>\n\n\n\n<figure class=\"wp-block-image size-large\"><img loading=\"lazy\" decoding=\"async\" width=\"1024\" height=\"320\" src=\"https:\/\/lueurvegetale.fr\/wp-content\/uploads\/2025\/06\/Ateliers-couleurs-vegetales-medico-social-1024x320.jpg\" alt=\"\" class=\"wp-image-1263\" srcset=\"http:\/\/lueurvegetale.fr\/wp-content\/uploads\/2025\/06\/Ateliers-couleurs-vegetales-medico-social-1024x320.jpg 1024w, http:\/\/lueurvegetale.fr\/wp-content\/uploads\/2025\/06\/Ateliers-couleurs-vegetales-medico-social-300x94.jpg 300w, http:\/\/lueurvegetale.fr\/wp-content\/uploads\/2025\/06\/Ateliers-couleurs-vegetales-medico-social-768x240.jpg 768w, http:\/\/lueurvegetale.fr\/wp-content\/uploads\/2025\/06\/Ateliers-couleurs-vegetales-medico-social-1536x480.jpg 1536w, http:\/\/lueurvegetale.fr\/wp-content\/uploads\/2025\/06\/Ateliers-couleurs-vegetales-medico-social.jpg 1938w\" sizes=\"auto, (max-width: 1024px) 100vw, 1024px\" \/><\/figure>\n\n\n\n<p>Sur une p\u00e9riode de 6 mois, traversant l&#8217;hiver, le printemps pour un bouquet final \u00e0 l&#8217;entr\u00e9e de l&#8217;\u00e9t\u00e9, nous avons explor\u00e9 les pouvoirs des couleurs v\u00e9g\u00e9tales \u00e0 partir des plantes des haies, des <a href=\"https:\/\/www.ecomusee-rennes-metropole.fr\/lecomusee\/les-vergers-conservatoires\/\">vergers<\/a> et du <a href=\"https:\/\/www.ecomusee-rennes-metropole.fr\/lecomusee\/le-potager-de-la-bintinais\/\">potager <\/a>de l&#8217;\u00e9comus\u00e9e. Les participant.es ont d\u00e9couvert des savoir-faire ancestraux et exp\u00e9riment\u00e9 la transformation des plantes en encres v\u00e9g\u00e9tales et teinture naturelle sur laine en \u00e9cho aux races anciennes de moutons pr\u00e9serv\u00e9es par le site. Des \u00e9chantillons de laine aux motifs floraux d\u00e9coup\u00e9s et color\u00e9s \u00e0 partir des plantes collect\u00e9es dans le parc agro-pastoral : gen\u00eat, ajonc, \u00e9glantier, pommier, artichaut,&#8230;<\/p>\n\n\n\n<figure class=\"wp-block-image size-large\"><img loading=\"lazy\" decoding=\"async\" width=\"1024\" height=\"307\" src=\"https:\/\/lueurvegetale.fr\/wp-content\/uploads\/2025\/06\/Ateliers-collectifs-art-nature-soin-1024x307.jpg\" alt=\"\" class=\"wp-image-1264\" srcset=\"http:\/\/lueurvegetale.fr\/wp-content\/uploads\/2025\/06\/Ateliers-collectifs-art-nature-soin-1024x307.jpg 1024w, http:\/\/lueurvegetale.fr\/wp-content\/uploads\/2025\/06\/Ateliers-collectifs-art-nature-soin-300x90.jpg 300w, http:\/\/lueurvegetale.fr\/wp-content\/uploads\/2025\/06\/Ateliers-collectifs-art-nature-soin-768x230.jpg 768w, http:\/\/lueurvegetale.fr\/wp-content\/uploads\/2025\/06\/Ateliers-collectifs-art-nature-soin-1536x461.jpg 1536w, http:\/\/lueurvegetale.fr\/wp-content\/uploads\/2025\/06\/Ateliers-collectifs-art-nature-soin.jpg 1986w\" sizes=\"auto, (max-width: 1024px) 100vw, 1024px\" \/><\/figure>\n\n\n\n<p>Des moments forts de reconnexion, d\u2019expression et de partage qui ont abouti \u00e0 la cr\u00e9ation d&#8217;une fresque participative grand format de 3 m\u00e8tres par 1,5 m\u00e8tre lors de l\u2019\u00e9v\u00e9nement <em><a href=\"https:\/\/www.ecomusee-rennes-metropole.fr\/agenda\/fleurs-dete\/\">Fleurs d\u2019\u00e9t\u00e9<\/a><\/em>, le dimanche 29 juin 2025 \u00e0 l\u2019\u00e9comus\u00e9e. Les collages de chacune, chacun et leurs belles \u00e9nergies ont fait \u00e9clore avec fluidit\u00e9 une \u0153uvre collaborative pleine d&#8217;harmonie et de po\u00e9sie.  Lors de cette fabuleuse aventure, nous nous sommes reli\u00e9s en toute simplicit\u00e9.<\/p>\n\n\n\n<figure class=\"wp-block-image size-large\"><img loading=\"lazy\" decoding=\"async\" width=\"1024\" height=\"247\" src=\"https:\/\/lueurvegetale.fr\/wp-content\/uploads\/2025\/07\/fresque-collective-laine-couleurs-vegetales-1024x247.jpg\" alt=\"\" class=\"wp-image-1293\" srcset=\"http:\/\/lueurvegetale.fr\/wp-content\/uploads\/2025\/07\/fresque-collective-laine-couleurs-vegetales-1024x247.jpg 1024w, http:\/\/lueurvegetale.fr\/wp-content\/uploads\/2025\/07\/fresque-collective-laine-couleurs-vegetales-300x73.jpg 300w, http:\/\/lueurvegetale.fr\/wp-content\/uploads\/2025\/07\/fresque-collective-laine-couleurs-vegetales-768x186.jpg 768w, http:\/\/lueurvegetale.fr\/wp-content\/uploads\/2025\/07\/fresque-collective-laine-couleurs-vegetales-1536x371.jpg 1536w, http:\/\/lueurvegetale.fr\/wp-content\/uploads\/2025\/07\/fresque-collective-laine-couleurs-vegetales.jpg 1986w\" sizes=\"auto, (max-width: 1024px) 100vw, 1024px\" \/><\/figure>\n","protected":false},"excerpt":{"rendered":"<p>En \u00e9cho \u00e0 l\u2019exposition temporaire &#8220;Fleurs au-del\u00e0 des apparences&#8221; de l&#8217;\u00e9comus\u00e9e du Pays de Rennes, un projet d\u2019Education Artistique et Culturelle (EAC) soutenu par la DRAC, aupr\u00e8s d&#8217;un groupe d&#8217;adultes accompagn\u00e9 par LADAPT35, association pour l&#8217;insertion sociale et professionnelle des personnes handicap\u00e9es. Sur une p\u00e9riode de 6 mois, traversant l&#8217;hiver, le printemps pour un bouquet [&hellip;]<\/p>\n","protected":false},"author":1,"featured_media":0,"parent":0,"menu_order":0,"comment_status":"closed","ping_status":"closed","template":"","meta":{"_monsterinsights_skip_tracking":false,"_monsterinsights_sitenote_active":false,"_monsterinsights_sitenote_note":"","_monsterinsights_sitenote_category":0,"footnotes":""},"class_list":["post-1258","page","type-page","status-publish","hentry"],"yoast_head":"<!-- This site is optimized with the Yoast SEO plugin v25.6 - https:\/\/yoast.com\/wordpress\/plugins\/seo\/ -->\n<title>EAC LADAPT Ecomus\u00e9e - Lueur v\u00e9g\u00e9tale<\/title>\n<meta name=\"robots\" content=\"index, follow, max-snippet:-1, max-image-preview:large, max-video-preview:-1\" \/>\n<link rel=\"canonical\" href=\"https:\/\/lueurvegetale.fr\/index.php\/eac-ladapt-ecomusee\/\" \/>\n<meta property=\"og:locale\" content=\"en_US\" \/>\n<meta property=\"og:type\" content=\"article\" \/>\n<meta property=\"og:title\" content=\"EAC LADAPT Ecomus\u00e9e - Lueur v\u00e9g\u00e9tale\" \/>\n<meta property=\"og:description\" content=\"En \u00e9cho \u00e0 l\u2019exposition temporaire &#8220;Fleurs au-del\u00e0 des apparences&#8221; de l&#8217;\u00e9comus\u00e9e du Pays de Rennes, un projet d\u2019Education Artistique et Culturelle (EAC) soutenu par la DRAC, aupr\u00e8s d&#8217;un groupe d&#8217;adultes accompagn\u00e9 par LADAPT35, association pour l&#8217;insertion sociale et professionnelle des personnes handicap\u00e9es. Sur une p\u00e9riode de 6 mois, traversant l&#8217;hiver, le printemps pour un bouquet [&hellip;]\" \/>\n<meta property=\"og:url\" content=\"https:\/\/lueurvegetale.fr\/index.php\/eac-ladapt-ecomusee\/\" \/>\n<meta property=\"og:site_name\" content=\"Lueur v\u00e9g\u00e9tale\" \/>\n<meta property=\"article:modified_time\" content=\"2025-07-01T19:18:22+00:00\" \/>\n<meta property=\"og:image\" content=\"https:\/\/lueurvegetale.fr\/wp-content\/uploads\/2025\/06\/EAC-LADAPT-ecomusee-teinture-vegetale-1024x345.jpg\" \/>\n<meta name=\"twitter:card\" content=\"summary_large_image\" \/>\n<meta name=\"twitter:label1\" content=\"Est. reading time\" \/>\n\t<meta name=\"twitter:data1\" content=\"1 minute\" \/>\n<script type=\"application\/ld+json\" class=\"yoast-schema-graph\">{\"@context\":\"https:\/\/schema.org\",\"@graph\":[{\"@type\":\"WebPage\",\"@id\":\"https:\/\/lueurvegetale.fr\/index.php\/eac-ladapt-ecomusee\/\",\"url\":\"https:\/\/lueurvegetale.fr\/index.php\/eac-ladapt-ecomusee\/\",\"name\":\"EAC LADAPT Ecomus\u00e9e - Lueur v\u00e9g\u00e9tale\",\"isPartOf\":{\"@id\":\"https:\/\/lueurvegetale.fr\/#website\"},\"primaryImageOfPage\":{\"@id\":\"https:\/\/lueurvegetale.fr\/index.php\/eac-ladapt-ecomusee\/#primaryimage\"},\"image\":{\"@id\":\"https:\/\/lueurvegetale.fr\/index.php\/eac-ladapt-ecomusee\/#primaryimage\"},\"thumbnailUrl\":\"https:\/\/lueurvegetale.fr\/wp-content\/uploads\/2025\/06\/EAC-LADAPT-ecomusee-teinture-vegetale-1024x345.jpg\",\"datePublished\":\"2025-06-20T19:01:22+00:00\",\"dateModified\":\"2025-07-01T19:18:22+00:00\",\"breadcrumb\":{\"@id\":\"https:\/\/lueurvegetale.fr\/index.php\/eac-ladapt-ecomusee\/#breadcrumb\"},\"inLanguage\":\"en-US\",\"potentialAction\":[{\"@type\":\"ReadAction\",\"target\":[\"https:\/\/lueurvegetale.fr\/index.php\/eac-ladapt-ecomusee\/\"]}]},{\"@type\":\"ImageObject\",\"inLanguage\":\"en-US\",\"@id\":\"https:\/\/lueurvegetale.fr\/index.php\/eac-ladapt-ecomusee\/#primaryimage\",\"url\":\"http:\/\/lueurvegetale.fr\/wp-content\/uploads\/2025\/06\/EAC-LADAPT-ecomusee-teinture-vegetale.jpg\",\"contentUrl\":\"http:\/\/lueurvegetale.fr\/wp-content\/uploads\/2025\/06\/EAC-LADAPT-ecomusee-teinture-vegetale.jpg\",\"width\":1986,\"height\":670},{\"@type\":\"BreadcrumbList\",\"@id\":\"https:\/\/lueurvegetale.fr\/index.php\/eac-ladapt-ecomusee\/#breadcrumb\",\"itemListElement\":[{\"@type\":\"ListItem\",\"position\":1,\"name\":\"Accueil\",\"item\":\"https:\/\/lueurvegetale.fr\/\"},{\"@type\":\"ListItem\",\"position\":2,\"name\":\"EAC LADAPT Ecomus\u00e9e\"}]},{\"@type\":\"WebSite\",\"@id\":\"https:\/\/lueurvegetale.fr\/#website\",\"url\":\"https:\/\/lueurvegetale.fr\/\",\"name\":\"Lueur v\u00e9g\u00e9tale\",\"description\":\"Explorer les couleurs v\u00e9g\u00e9tales, s&#039;inspirer de la sagesse des plantes\",\"publisher\":{\"@id\":\"https:\/\/lueurvegetale.fr\/#organization\"},\"potentialAction\":[{\"@type\":\"SearchAction\",\"target\":{\"@type\":\"EntryPoint\",\"urlTemplate\":\"https:\/\/lueurvegetale.fr\/?s={search_term_string}\"},\"query-input\":{\"@type\":\"PropertyValueSpecification\",\"valueRequired\":true,\"valueName\":\"search_term_string\"}}],\"inLanguage\":\"en-US\"},{\"@type\":\"Organization\",\"@id\":\"https:\/\/lueurvegetale.fr\/#organization\",\"name\":\"Lueur v\u00e9g\u00e9tale\",\"url\":\"https:\/\/lueurvegetale.fr\/\",\"logo\":{\"@type\":\"ImageObject\",\"inLanguage\":\"en-US\",\"@id\":\"https:\/\/lueurvegetale.fr\/#\/schema\/logo\/image\/\",\"url\":\"http:\/\/lueurvegetale.fr\/wp-content\/uploads\/2020\/11\/cropped-EXE-LUEUR-VEGETALE-3-1.jpg\",\"contentUrl\":\"http:\/\/lueurvegetale.fr\/wp-content\/uploads\/2020\/11\/cropped-EXE-LUEUR-VEGETALE-3-1.jpg\",\"width\":1414,\"height\":1029,\"caption\":\"Lueur v\u00e9g\u00e9tale\"},\"image\":{\"@id\":\"https:\/\/lueurvegetale.fr\/#\/schema\/logo\/image\/\"}}]}<\/script>\n<!-- \/ Yoast SEO plugin. -->","yoast_head_json":{"title":"EAC LADAPT Ecomus\u00e9e - Lueur v\u00e9g\u00e9tale","robots":{"index":"index","follow":"follow","max-snippet":"max-snippet:-1","max-image-preview":"max-image-preview:large","max-video-preview":"max-video-preview:-1"},"canonical":"https:\/\/lueurvegetale.fr\/index.php\/eac-ladapt-ecomusee\/","og_locale":"en_US","og_type":"article","og_title":"EAC LADAPT Ecomus\u00e9e - Lueur v\u00e9g\u00e9tale","og_description":"En \u00e9cho \u00e0 l\u2019exposition temporaire &#8220;Fleurs au-del\u00e0 des apparences&#8221; de l&#8217;\u00e9comus\u00e9e du Pays de Rennes, un projet d\u2019Education Artistique et Culturelle (EAC) soutenu par la DRAC, aupr\u00e8s d&#8217;un groupe d&#8217;adultes accompagn\u00e9 par LADAPT35, association pour l&#8217;insertion sociale et professionnelle des personnes handicap\u00e9es. Sur une p\u00e9riode de 6 mois, traversant l&#8217;hiver, le printemps pour un bouquet [&hellip;]","og_url":"https:\/\/lueurvegetale.fr\/index.php\/eac-ladapt-ecomusee\/","og_site_name":"Lueur v\u00e9g\u00e9tale","article_modified_time":"2025-07-01T19:18:22+00:00","og_image":[{"url":"https:\/\/lueurvegetale.fr\/wp-content\/uploads\/2025\/06\/EAC-LADAPT-ecomusee-teinture-vegetale-1024x345.jpg","type":"","width":"","height":""}],"twitter_card":"summary_large_image","twitter_misc":{"Est. reading time":"1 minute"},"schema":{"@context":"https:\/\/schema.org","@graph":[{"@type":"WebPage","@id":"https:\/\/lueurvegetale.fr\/index.php\/eac-ladapt-ecomusee\/","url":"https:\/\/lueurvegetale.fr\/index.php\/eac-ladapt-ecomusee\/","name":"EAC LADAPT Ecomus\u00e9e - Lueur v\u00e9g\u00e9tale","isPartOf":{"@id":"https:\/\/lueurvegetale.fr\/#website"},"primaryImageOfPage":{"@id":"https:\/\/lueurvegetale.fr\/index.php\/eac-ladapt-ecomusee\/#primaryimage"},"image":{"@id":"https:\/\/lueurvegetale.fr\/index.php\/eac-ladapt-ecomusee\/#primaryimage"},"thumbnailUrl":"https:\/\/lueurvegetale.fr\/wp-content\/uploads\/2025\/06\/EAC-LADAPT-ecomusee-teinture-vegetale-1024x345.jpg","datePublished":"2025-06-20T19:01:22+00:00","dateModified":"2025-07-01T19:18:22+00:00","breadcrumb":{"@id":"https:\/\/lueurvegetale.fr\/index.php\/eac-ladapt-ecomusee\/#breadcrumb"},"inLanguage":"en-US","potentialAction":[{"@type":"ReadAction","target":["https:\/\/lueurvegetale.fr\/index.php\/eac-ladapt-ecomusee\/"]}]},{"@type":"ImageObject","inLanguage":"en-US","@id":"https:\/\/lueurvegetale.fr\/index.php\/eac-ladapt-ecomusee\/#primaryimage","url":"http:\/\/lueurvegetale.fr\/wp-content\/uploads\/2025\/06\/EAC-LADAPT-ecomusee-teinture-vegetale.jpg","contentUrl":"http:\/\/lueurvegetale.fr\/wp-content\/uploads\/2025\/06\/EAC-LADAPT-ecomusee-teinture-vegetale.jpg","width":1986,"height":670},{"@type":"BreadcrumbList","@id":"https:\/\/lueurvegetale.fr\/index.php\/eac-ladapt-ecomusee\/#breadcrumb","itemListElement":[{"@type":"ListItem","position":1,"name":"Accueil","item":"https:\/\/lueurvegetale.fr\/"},{"@type":"ListItem","position":2,"name":"EAC LADAPT Ecomus\u00e9e"}]},{"@type":"WebSite","@id":"https:\/\/lueurvegetale.fr\/#website","url":"https:\/\/lueurvegetale.fr\/","name":"Lueur v\u00e9g\u00e9tale","description":"Explorer les couleurs v\u00e9g\u00e9tales, s&#039;inspirer de la sagesse des plantes","publisher":{"@id":"https:\/\/lueurvegetale.fr\/#organization"},"potentialAction":[{"@type":"SearchAction","target":{"@type":"EntryPoint","urlTemplate":"https:\/\/lueurvegetale.fr\/?s={search_term_string}"},"query-input":{"@type":"PropertyValueSpecification","valueRequired":true,"valueName":"search_term_string"}}],"inLanguage":"en-US"},{"@type":"Organization","@id":"https:\/\/lueurvegetale.fr\/#organization","name":"Lueur v\u00e9g\u00e9tale","url":"https:\/\/lueurvegetale.fr\/","logo":{"@type":"ImageObject","inLanguage":"en-US","@id":"https:\/\/lueurvegetale.fr\/#\/schema\/logo\/image\/","url":"http:\/\/lueurvegetale.fr\/wp-content\/uploads\/2020\/11\/cropped-EXE-LUEUR-VEGETALE-3-1.jpg","contentUrl":"http:\/\/lueurvegetale.fr\/wp-content\/uploads\/2020\/11\/cropped-EXE-LUEUR-VEGETALE-3-1.jpg","width":1414,"height":1029,"caption":"Lueur v\u00e9g\u00e9tale"},"image":{"@id":"https:\/\/lueurvegetale.fr\/#\/schema\/logo\/image\/"}}]}},"_links":{"self":[{"href":"http:\/\/lueurvegetale.fr\/index.php\/wp-json\/wp\/v2\/pages\/1258","targetHints":{"allow":["GET"]}}],"collection":[{"href":"http:\/\/lueurvegetale.fr\/index.php\/wp-json\/wp\/v2\/pages"}],"about":[{"href":"http:\/\/lueurvegetale.fr\/index.php\/wp-json\/wp\/v2\/types\/page"}],"author":[{"embeddable":true,"href":"http:\/\/lueurvegetale.fr\/index.php\/wp-json\/wp\/v2\/users\/1"}],"replies":[{"embeddable":true,"href":"http:\/\/lueurvegetale.fr\/index.php\/wp-json\/wp\/v2\/comments?post=1258"}],"version-history":[{"count":3,"href":"http:\/\/lueurvegetale.fr\/index.php\/wp-json\/wp\/v2\/pages\/1258\/revisions"}],"predecessor-version":[{"id":1294,"href":"http:\/\/lueurvegetale.fr\/index.php\/wp-json\/wp\/v2\/pages\/1258\/revisions\/1294"}],"wp:attachment":[{"href":"http:\/\/lueurvegetale.fr\/index.php\/wp-json\/wp\/v2\/media?parent=1258"}],"curies":[{"name":"wp","href":"https:\/\/api.w.org\/{rel}","templated":true}]}}