{"id":1235,"date":"2025-06-20T14:41:50","date_gmt":"2025-06-20T12:41:50","guid":{"rendered":"https:\/\/lueurvegetale.fr\/?page_id=1235"},"modified":"2026-02-10T16:20:48","modified_gmt":"2026-02-10T15:20:48","slug":"balades-nature-ateliers-couleurs-vegetales-lueur-vegetale","status":"publish","type":"page","link":"http:\/\/lueurvegetale.fr\/","title":{"rendered":"Lueur V\u00e9g\u00e9tale : balades nature et ateliers artistiques"},"content":{"rendered":"\n<h3 class=\"wp-block-heading\">Bienvenue dans le monde merveilleux des couleurs v\u00e9g\u00e9tales<\/h3>\n\n\n\n<p><em>Lueur V\u00e9g\u00e9tale<\/em>, c&#8217;est une invitation \u00e0 <strong>se relier \u00e0 la nature<\/strong>, \u00e0 plonger dans la magie de l&#8217;essentiel, \u00e0 se connecter aux ondes vibratoires et aux pouvoirs des plantes, \u00e0 travers des <strong>ateliers \/ formations couleurs v\u00e9g\u00e9tales<\/strong> et des <strong>stages \/ instants bien-\u00eatre<\/strong>.<\/p>\n\n\n\n<div class=\"wp-block-columns is-layout-flex wp-container-core-columns-is-layout-9d6595d7 wp-block-columns-is-layout-flex\">\n<div class=\"wp-block-column is-layout-flow wp-block-column-is-layout-flow\">\n<figure class=\"wp-block-image size-full\"><img loading=\"lazy\" decoding=\"async\" width=\"757\" height=\"757\" src=\"http:\/\/lueurvegetale.fr\/wp-content\/uploads\/2025\/05\/teinture-vegetale-paysage-onirique.jpg\" alt=\"\" class=\"wp-image-1186\" srcset=\"http:\/\/lueurvegetale.fr\/wp-content\/uploads\/2025\/05\/teinture-vegetale-paysage-onirique.jpg 757w, http:\/\/lueurvegetale.fr\/wp-content\/uploads\/2025\/05\/teinture-vegetale-paysage-onirique-300x300.jpg 300w, http:\/\/lueurvegetale.fr\/wp-content\/uploads\/2025\/05\/teinture-vegetale-paysage-onirique-150x150.jpg 150w\" sizes=\"auto, (max-width: 757px) 100vw, 757px\" \/><\/figure>\n<\/div>\n\n\n\n<div class=\"wp-block-column is-layout-flow wp-block-column-is-layout-flow\">\n<h4 class=\"wp-block-heading\"><a href=\"https:\/\/lueurvegetale.fr\/index.php\/ateliers-creatifs-balades-nature\/\">Balades nature, artisanat et cr\u00e9ation<\/a><\/h4>\n\n\n\n<p>Aller \u00e0 la rencontre, ralentir, s&#8217;\u00e9merveiller et s&#8217;inspirer du monde v\u00e9g\u00e9tal. Entrer en contact avec la <strong>sagesse de la nature<\/strong>. Reprendre contact avec des <strong>savoir-faire anciens<\/strong> respectueux.<\/p>\n\n\n\n<h4 class=\"wp-block-heading\"><a href=\"https:\/\/lueurvegetale.fr\/index.php\/stages-bien-etre\/\">Bien-\u00eatre<\/a><\/h4>\n\n\n\n<p>S&#8217;accorder un temps pour ressentir pleinement le courant de la vie et la beaut\u00e9 du vivant. R\u00e9v\u00e9ler la lueur en soi en r\u00e9v\u00e9lant les <strong>couleurs cach\u00e9es des plantes<\/strong>. S&#8217;exprimer avec douceur et spontan\u00e9it\u00e9 dans un moment<strong> bien-\u00eatre<\/strong>.<\/p>\n\n\n\n<h4 class=\"wp-block-heading\"><a href=\"https:\/\/lueurvegetale.fr\/index.php\/eac-ladapt-ecomusee\/\">Exp\u00e9riences sensorielles<\/a><\/h4>\n\n\n\n<p>De la rencontre avec la <strong>flore locale<\/strong> \u00e0 l&#8217;<strong>expression colorielle<\/strong>, <em>Lueur V\u00e9g\u00e9tale<\/em> propose des <strong>exp\u00e9riences sensibles<\/strong> et authentiques o\u00f9 chaque instant est une exploration dans les lueurs et la po\u00e9sie du monde vivant.<\/p>\n<\/div>\n<\/div>\n\n\n\n<div class=\"wp-block-columns is-layout-flex wp-container-core-columns-is-layout-9d6595d7 wp-block-columns-is-layout-flex\">\n<div class=\"wp-block-column is-layout-flow wp-block-column-is-layout-flow\">\n<h3 class=\"wp-block-heading\">Des propositions et des services sur-mesure<\/h3>\n\n\n\n<h4 class=\"wp-block-heading\"><a href=\"https:\/\/lueurvegetale.fr\/index.php\/ateliers-creatifs-balades-nature\/\">Ateliers couleurs v\u00e9g\u00e9tales<\/a><\/h4>\n\n\n\n<ul class=\"wp-block-list\">\n<li>Extraction de pigments naturels<\/li>\n\n\n\n<li>Teintures textiles v\u00e9g\u00e9tales<\/li>\n\n\n\n<li>Aquarelle aux couleurs de plantes<\/li>\n\n\n\n<li>Balade-cueillette botanique<\/li>\n<\/ul>\n\n\n\n<h4 class=\"wp-block-heading\"><a href=\"https:\/\/lueurvegetale.fr\/index.php\/stages-bien-etre\/\">Stages bien-\u00eatre<\/a><\/h4>\n\n\n\n<ul class=\"wp-block-list\">\n<li>Immersion nature<\/li>\n\n\n\n<li>R\u00e9v\u00e9lation par les couleurs naturelles<\/li>\n\n\n\n<li>M\u00e9ditation active en pleine nature<\/li>\n\n\n\n<li>Reconnexion au vivant<\/li>\n<\/ul>\n\n\n\n<h4 class=\"wp-block-heading\"><a href=\"https:\/\/lueurvegetale.fr\/index.php\/ateliers-creatifs-balades-nature\/\">Interventions sp\u00e9cialis\u00e9es<\/a><\/h4>\n\n\n\n<div class=\"wp-block-group\"><div class=\"wp-block-group__inner-container is-layout-constrained wp-block-group-is-layout-constrained\">\n<ul class=\"wp-block-list\">\n<li class=\"has-black-color has-text-color has-link-color wp-elements-7d8f952840128d8138eb20705672831c\"><a href=\"https:\/\/lueurvegetale.fr\/index.php\/ateliers-creatifs-balades-nature\/\">Associations et collectivit\u00e9s<\/a><\/li>\n\n\n\n<li class=\"has-black-color has-text-color has-link-color wp-elements-3137a7e5be34a706c9a9397d5f3fac70\"><a href=\"https:\/\/lueurvegetale.fr\/index.php\/ateliers-creatifs-balades-nature\/\">Entreprises<\/a> (team building cr\u00e9atif nature)<\/li>\n\n\n\n<li class=\"has-black-color has-text-color has-link-color wp-elements-7043f5f539364990eacda31465c7c8f4\"><a href=\"https:\/\/lueurvegetale.fr\/index.php\/stages-bien-etre\/\">\u00c9tablissements de sant\u00e9<\/a><\/li>\n\n\n\n<li class=\"has-black-color has-text-color has-link-color wp-elements-6a34d6f406259cc5c779ebc7cdacb583\"><a href=\"https:\/\/lueurvegetale.fr\/index.php\/stages-bien-etre\/\">Lieux de retraites bien-\u00eatre<\/a><\/li>\n\n\n\n<li class=\"has-black-color has-text-color has-link-color wp-elements-5fe7dea147618f91646f9b909e1aae70\"><a href=\"https:\/\/lueurvegetale.fr\/index.php\/ateliers-creatifs-balades-nature\/\">Lieux culturels<\/a><\/li>\n\n\n\n<li class=\"has-black-color has-text-color has-link-color wp-elements-66c9eddc647503707a50fe7cce0e0e80\"><a href=\"https:\/\/lueurvegetale.fr\/index.php\/formations-pro\/\">Organismes de formation professionnelle<\/a><\/li>\n<\/ul>\n<\/div><\/div>\n<\/div>\n\n\n\n<div class=\"wp-block-column is-layout-flow wp-block-column-is-layout-flow\">\n<figure class=\"wp-block-image size-large\"><img loading=\"lazy\" decoding=\"async\" width=\"768\" height=\"1024\" src=\"https:\/\/lueurvegetale.fr\/wp-content\/uploads\/2026\/02\/plantes-couleurs-naturelles-768x1024.jpg\" alt=\"plantes tinctoriales et couleurs vegetales\" class=\"wp-image-1402\" srcset=\"http:\/\/lueurvegetale.fr\/wp-content\/uploads\/2026\/02\/plantes-couleurs-naturelles-768x1024.jpg 768w, http:\/\/lueurvegetale.fr\/wp-content\/uploads\/2026\/02\/plantes-couleurs-naturelles-225x300.jpg 225w, http:\/\/lueurvegetale.fr\/wp-content\/uploads\/2026\/02\/plantes-couleurs-naturelles-1152x1536.jpg 1152w, http:\/\/lueurvegetale.fr\/wp-content\/uploads\/2026\/02\/plantes-couleurs-naturelles-1536x2048.jpg 1536w, http:\/\/lueurvegetale.fr\/wp-content\/uploads\/2026\/02\/plantes-couleurs-naturelles-scaled.jpg 1920w\" sizes=\"auto, (max-width: 768px) 100vw, 768px\" \/><\/figure>\n<\/div>\n<\/div>\n\n\n\n<p>R\u00e9gion <strong>Bretagne <\/strong>(Rennes, Ille-et-Vilaine) et d\u00e9placements dans toute la <strong>France <\/strong><\/p>\n\n\n\n<h3 class=\"wp-block-heading\">T\u00e9moignages<\/h3>\n\n\n\n<p>\u201c<em>C\u2019\u00e9tait une tr\u00e8s jolie exp\u00e9rience : du rassemblement de personnes qui ne se connaissaient pas avant la marche dans le bois pour la collecte de feuilles \u00e0 un \u00e9merveillement collectif devant la toile suspendue !&#8230;&#8221;&nbsp;<\/em><a href=\"https:\/\/lueurvegetale.fr\/index.php\/temoignages\/\" data-type=\"page\" data-id=\"1301\">Lire la suite<\/a><\/p>\n\n\n\n<h3 class=\"wp-block-heading\">\ud83d\udc8c Restez connect\u00e9.es<\/h3>\n\n\n\n<p>Pour recevoir les prochaines lueurs v\u00e9g\u00e9tales et \u00eatre inform\u00e9.e des prochains \u00e9v\u00e9nements :<\/p>\n\n\n<div class=\"wpforms-container wpforms-container-full wpforms-block wpforms-block-6e3943c4-4fe2-4992-b371-dc2be38fc636\" id=\"wpforms-379\"><form id=\"wpforms-form-379\" class=\"wpforms-validate wpforms-form\" data-formid=\"379\" method=\"post\" enctype=\"multipart\/form-data\" action=\"\/index.php\/wp-json\/wp\/v2\/pages\/1235\" data-token=\"d06beda89cc327ece1c768d5e179efff\" data-token-time=\"1776151778\"><noscript class=\"wpforms-error-noscript\">Please enable JavaScript in your browser to complete this form.<\/noscript><div class=\"wpforms-field-container\"><div id=\"wpforms-379-field_1-container\" class=\"wpforms-field wpforms-field-email\" data-field-id=\"1\"><label class=\"wpforms-field-label\" for=\"wpforms-379-field_1\">Email <span class=\"wpforms-required-label\">*<\/span><\/label><input type=\"email\" id=\"wpforms-379-field_1\" class=\"wpforms-field-medium wpforms-field-required\" name=\"wpforms[fields][1]\" spellcheck=\"false\" required><\/div><\/div><!-- .wpforms-field-container --><div class=\"wpforms-submit-container\" ><input type=\"hidden\" name=\"wpforms[id]\" value=\"379\"><input type=\"hidden\" name=\"page_title\" value=\"\"><input type=\"hidden\" name=\"page_url\" value=\"http:\/\/lueurvegetale.fr\/index.php\/wp-json\/wp\/v2\/pages\/1235\"><input type=\"hidden\" name=\"url_referer\" value=\"\"><button type=\"submit\" name=\"wpforms[submit]\" id=\"wpforms-submit-379\" class=\"wpforms-submit\" data-alt-text=\"Sending...\" data-submit-text=\"Envoyer\" aria-live=\"assertive\" value=\"wpforms-submit\">Envoyer<\/button><\/div><\/form><\/div>  <!-- .wpforms-container -->\n\n\n<p><a href=\"https:\/\/lueurvegetale.fr\/index.php\/contact\/\">Me contacter<\/a><\/p>\n\n\n\n<ul class=\"wp-block-social-links is-layout-flex wp-block-social-links-is-layout-flex\"><li class=\"wp-social-link wp-social-link-facebook  wp-block-social-link\"><a href=\"https:\/\/www.facebook.com\/lueurvegetale\/\" class=\"wp-block-social-link-anchor\"><svg width=\"24\" height=\"24\" viewBox=\"0 0 24 24\" version=\"1.1\" xmlns=\"http:\/\/www.w3.org\/2000\/svg\" aria-hidden=\"true\" focusable=\"false\"><path d=\"M12 2C6.5 2 2 6.5 2 12c0 5 3.7 9.1 8.4 9.9v-7H7.9V12h2.5V9.8c0-2.5 1.5-3.9 3.8-3.9 1.1 0 2.2.2 2.2.2v2.5h-1.3c-1.2 0-1.6.8-1.6 1.6V12h2.8l-.4 2.9h-2.3v7C18.3 21.1 22 17 22 12c0-5.5-4.5-10-10-10z\"><\/path><\/svg><span class=\"wp-block-social-link-label screen-reader-text\">Facebook<\/span><\/a><\/li>\n\n<li class=\"wp-social-link wp-social-link-instagram  wp-block-social-link\"><a href=\"https:\/\/www.instagram.com\/lueur_vegetale\/\" class=\"wp-block-social-link-anchor\"><svg width=\"24\" height=\"24\" viewBox=\"0 0 24 24\" version=\"1.1\" xmlns=\"http:\/\/www.w3.org\/2000\/svg\" aria-hidden=\"true\" focusable=\"false\"><path d=\"M12,4.622c2.403,0,2.688,0.009,3.637,0.052c0.877,0.04,1.354,0.187,1.671,0.31c0.42,0.163,0.72,0.358,1.035,0.673 c0.315,0.315,0.51,0.615,0.673,1.035c0.123,0.317,0.27,0.794,0.31,1.671c0.043,0.949,0.052,1.234,0.052,3.637 s-0.009,2.688-0.052,3.637c-0.04,0.877-0.187,1.354-0.31,1.671c-0.163,0.42-0.358,0.72-0.673,1.035 c-0.315,0.315-0.615,0.51-1.035,0.673c-0.317,0.123-0.794,0.27-1.671,0.31c-0.949,0.043-1.233,0.052-3.637,0.052 s-2.688-0.009-3.637-0.052c-0.877-0.04-1.354-0.187-1.671-0.31c-0.42-0.163-0.72-0.358-1.035-0.673 c-0.315-0.315-0.51-0.615-0.673-1.035c-0.123-0.317-0.27-0.794-0.31-1.671C4.631,14.688,4.622,14.403,4.622,12 s0.009-2.688,0.052-3.637c0.04-0.877,0.187-1.354,0.31-1.671c0.163-0.42,0.358-0.72,0.673-1.035 c0.315-0.315,0.615-0.51,1.035-0.673c0.317-0.123,0.794-0.27,1.671-0.31C9.312,4.631,9.597,4.622,12,4.622 M12,3 C9.556,3,9.249,3.01,8.289,3.054C7.331,3.098,6.677,3.25,6.105,3.472C5.513,3.702,5.011,4.01,4.511,4.511 c-0.5,0.5-0.808,1.002-1.038,1.594C3.25,6.677,3.098,7.331,3.054,8.289C3.01,9.249,3,9.556,3,12c0,2.444,0.01,2.751,0.054,3.711 c0.044,0.958,0.196,1.612,0.418,2.185c0.23,0.592,0.538,1.094,1.038,1.594c0.5,0.5,1.002,0.808,1.594,1.038 c0.572,0.222,1.227,0.375,2.185,0.418C9.249,20.99,9.556,21,12,21s2.751-0.01,3.711-0.054c0.958-0.044,1.612-0.196,2.185-0.418 c0.592-0.23,1.094-0.538,1.594-1.038c0.5-0.5,0.808-1.002,1.038-1.594c0.222-0.572,0.375-1.227,0.418-2.185 C20.99,14.751,21,14.444,21,12s-0.01-2.751-0.054-3.711c-0.044-0.958-0.196-1.612-0.418-2.185c-0.23-0.592-0.538-1.094-1.038-1.594 c-0.5-0.5-1.002-0.808-1.594-1.038c-0.572-0.222-1.227-0.375-2.185-0.418C14.751,3.01,14.444,3,12,3L12,3z M12,7.378 c-2.552,0-4.622,2.069-4.622,4.622S9.448,16.622,12,16.622s4.622-2.069,4.622-4.622S14.552,7.378,12,7.378z M12,15 c-1.657,0-3-1.343-3-3s1.343-3,3-3s3,1.343,3,3S13.657,15,12,15z M16.804,6.116c-0.596,0-1.08,0.484-1.08,1.08 s0.484,1.08,1.08,1.08c0.596,0,1.08-0.484,1.08-1.08S17.401,6.116,16.804,6.116z\"><\/path><\/svg><span class=\"wp-block-social-link-label screen-reader-text\">Instagram<\/span><\/a><\/li>\n\n<li class=\"wp-social-link wp-social-link-linkedin  wp-block-social-link\"><a href=\"https:\/\/fr.linkedin.com\/company\/lueur-vegetale\" class=\"wp-block-social-link-anchor\"><svg width=\"24\" height=\"24\" viewBox=\"0 0 24 24\" version=\"1.1\" xmlns=\"http:\/\/www.w3.org\/2000\/svg\" aria-hidden=\"true\" focusable=\"false\"><path d=\"M19.7,3H4.3C3.582,3,3,3.582,3,4.3v15.4C3,20.418,3.582,21,4.3,21h15.4c0.718,0,1.3-0.582,1.3-1.3V4.3 C21,3.582,20.418,3,19.7,3z M8.339,18.338H5.667v-8.59h2.672V18.338z M7.004,8.574c-0.857,0-1.549-0.694-1.549-1.548 c0-0.855,0.691-1.548,1.549-1.548c0.854,0,1.547,0.694,1.547,1.548C8.551,7.881,7.858,8.574,7.004,8.574z M18.339,18.338h-2.669 v-4.177c0-0.996-0.017-2.278-1.387-2.278c-1.389,0-1.601,1.086-1.601,2.206v4.249h-2.667v-8.59h2.559v1.174h0.037 c0.356-0.675,1.227-1.387,2.526-1.387c2.703,0,3.203,1.779,3.203,4.092V18.338z\"><\/path><\/svg><span class=\"wp-block-social-link-label screen-reader-text\">LinkedIn<\/span><\/a><\/li><\/ul>\n\n\n\n<p><\/p>\n\n\n\t\t<div id=\"instagram-gallery-feed-qligg-0\" class=\"instagram-gallery-feed\" data-feed=\"{&quot;id&quot;:&quot;qligg-0&quot;,&quot;account_id&quot;:&quot;24209608282013199&quot;,&quot;source&quot;:&quot;username&quot;,&quot;tag&quot;:&quot;wordpress&quot;,&quot;order_by&quot;:&quot;top_media&quot;,&quot;layout&quot;:&quot;gallery&quot;,&quot;limit&quot;:12,&quot;columns&quot;:3,&quot;spacing&quot;:10,&quot;lazy&quot;:false,&quot;responsive&quot;:{&quot;desktop&quot;:{&quot;columns&quot;:3,&quot;spacing&quot;:10},&quot;tablet&quot;:{&quot;columns&quot;:2,&quot;spacing&quot;:8},&quot;mobile&quot;:{&quot;columns&quot;:1,&quot;spacing&quot;:6},&quot;breakpoints&quot;:{&quot;tablet&quot;:768,&quot;mobile&quot;:480}},&quot;highlight&quot;:{&quot;tag&quot;:&quot;&quot;,&quot;id&quot;:&quot;&quot;,&quot;position&quot;:&quot;1,3,5&quot;},&quot;reel&quot;:{&quot;hide&quot;:false},&quot;copyright&quot;:{&quot;hide&quot;:false,&quot;placeholder&quot;:&quot;&quot;},&quot;profile&quot;:{&quot;display&quot;:false,&quot;username&quot;:&quot;&quot;,&quot;nickname&quot;:&quot;&quot;,&quot;website&quot;:&quot;&quot;,&quot;biography&quot;:&quot;&quot;,&quot;link_text&quot;:&quot;Follow&quot;,&quot;website_text&quot;:&quot;Website&quot;,&quot;avatar&quot;:&quot;&quot;},&quot;box&quot;:{&quot;display&quot;:false,&quot;padding&quot;:1,&quot;radius&quot;:0,&quot;background&quot;:&quot;#fefefe&quot;,&quot;profile&quot;:false,&quot;desc&quot;:&quot;&quot;,&quot;text_color&quot;:&quot;#000000&quot;},&quot;mask&quot;:{&quot;display&quot;:true,&quot;background&quot;:&quot;#000000&quot;,&quot;icon_color&quot;:&quot;#ffffff&quot;,&quot;likes_count&quot;:true,&quot;comments_count&quot;:true},&quot;card&quot;:{&quot;display&quot;:false,&quot;radius&quot;:1,&quot;font_size&quot;:12,&quot;background&quot;:&quot;#ffffff&quot;,&quot;background_hover&quot;:&quot;&quot;,&quot;text_color&quot;:&quot;#000000&quot;,&quot;padding&quot;:5,&quot;likes_count&quot;:true,&quot;text_length&quot;:10,&quot;comments_count&quot;:true,&quot;text_align&quot;:&quot;left&quot;},&quot;carousel&quot;:{&quot;centered_slides&quot;:false,&quot;autoplay&quot;:false,&quot;autoplay_interval&quot;:3000,&quot;navarrows&quot;:true,&quot;navarrows_color&quot;:&quot;&quot;,&quot;pagination&quot;:true,&quot;pagination_color&quot;:&quot;&quot;},&quot;modal&quot;:{&quot;display&quot;:true,&quot;profile&quot;:true,&quot;media_description&quot;:true,&quot;likes_count&quot;:true,&quot;comments_count&quot;:true,&quot;comments_list&quot;:false,&quot;text_align&quot;:&quot;left&quot;,&quot;modal_align&quot;:&quot;right&quot;,&quot;text_length&quot;:10000,&quot;font_size&quot;:12},&quot;button&quot;:{&quot;display&quot;:true,&quot;text&quot;:&quot;View on Instagram&quot;,&quot;text_color&quot;:&quot;#ffff&quot;,&quot;background&quot;:&quot;&quot;,&quot;background_hover&quot;:&quot;&quot;},&quot;button_load&quot;:{&quot;display&quot;:false,&quot;text&quot;:&quot;Load more...&quot;,&quot;text_color&quot;:&quot;#ffff&quot;,&quot;background&quot;:&quot;&quot;,&quot;background_hover&quot;:&quot;&quot;}}\">\n\t\t<!-- <FeedContainer\/> -->\n\t\t<\/div>\n\t\t","protected":false},"excerpt":{"rendered":"<p>Bienvenue dans le monde merveilleux des couleurs v\u00e9g\u00e9tales Lueur V\u00e9g\u00e9tale, c&#8217;est une invitation \u00e0 se relier \u00e0 la nature, \u00e0 plonger dans la magie de l&#8217;essentiel, \u00e0 se connecter aux ondes vibratoires et aux pouvoirs des plantes, \u00e0 travers des ateliers \/ formations couleurs v\u00e9g\u00e9tales et des stages \/ instants bien-\u00eatre. Balades nature, artisanat et [&hellip;]<\/p>\n","protected":false},"author":1,"featured_media":0,"parent":0,"menu_order":0,"comment_status":"closed","ping_status":"closed","template":"","meta":{"_monsterinsights_skip_tracking":false,"_monsterinsights_sitenote_active":false,"_monsterinsights_sitenote_note":"","_monsterinsights_sitenote_category":0,"footnotes":""},"class_list":["post-1235","page","type-page","status-publish","hentry"],"yoast_head":"<!-- This site is optimized with the Yoast SEO plugin v25.6 - https:\/\/yoast.com\/wordpress\/plugins\/seo\/ -->\n<title>Lueur V\u00e9g\u00e9tale : balades nature et ateliers artistiques - Lueur v\u00e9g\u00e9tale<\/title>\n<meta name=\"description\" content=\"Explorez les couleurs v\u00e9g\u00e9tales lors de balades reconnexion nature et ateliers cr\u00e9atifs bien-\u00eatre et formations. Bretagne et France\" \/>\n<meta name=\"robots\" content=\"index, follow, max-snippet:-1, max-image-preview:large, max-video-preview:-1\" \/>\n<link rel=\"canonical\" href=\"https:\/\/lueurvegetale.fr\/\" \/>\n<meta property=\"og:locale\" content=\"en_US\" \/>\n<meta property=\"og:type\" content=\"article\" \/>\n<meta property=\"og:title\" content=\"Lueur V\u00e9g\u00e9tale : balades nature et ateliers artistiques - Lueur v\u00e9g\u00e9tale\" \/>\n<meta property=\"og:description\" content=\"Explorez les couleurs v\u00e9g\u00e9tales lors de balades reconnexion nature et ateliers cr\u00e9atifs bien-\u00eatre et formations. Bretagne et France\" \/>\n<meta property=\"og:url\" content=\"https:\/\/lueurvegetale.fr\/\" \/>\n<meta property=\"og:site_name\" content=\"Lueur v\u00e9g\u00e9tale\" \/>\n<meta property=\"article:modified_time\" content=\"2026-02-10T15:20:48+00:00\" \/>\n<meta property=\"og:image\" content=\"http:\/\/lueurvegetale.fr\/wp-content\/uploads\/2025\/05\/teinture-vegetale-paysage-onirique.jpg\" \/>\n<meta name=\"twitter:card\" content=\"summary_large_image\" \/>\n<meta name=\"twitter:label1\" content=\"Est. reading time\" \/>\n\t<meta name=\"twitter:data1\" content=\"2 minutes\" \/>\n<script type=\"application\/ld+json\" class=\"yoast-schema-graph\">{\"@context\":\"https:\/\/schema.org\",\"@graph\":[{\"@type\":\"WebPage\",\"@id\":\"https:\/\/lueurvegetale.fr\/\",\"url\":\"https:\/\/lueurvegetale.fr\/\",\"name\":\"Lueur V\u00e9g\u00e9tale : balades nature et ateliers artistiques - Lueur v\u00e9g\u00e9tale\",\"isPartOf\":{\"@id\":\"https:\/\/lueurvegetale.fr\/#website\"},\"primaryImageOfPage\":{\"@id\":\"https:\/\/lueurvegetale.fr\/#primaryimage\"},\"image\":{\"@id\":\"https:\/\/lueurvegetale.fr\/#primaryimage\"},\"thumbnailUrl\":\"http:\/\/lueurvegetale.fr\/wp-content\/uploads\/2025\/05\/teinture-vegetale-paysage-onirique.jpg\",\"datePublished\":\"2025-06-20T12:41:50+00:00\",\"dateModified\":\"2026-02-10T15:20:48+00:00\",\"description\":\"Explorez les couleurs v\u00e9g\u00e9tales lors de balades reconnexion nature et ateliers cr\u00e9atifs bien-\u00eatre et formations. Bretagne et France\",\"breadcrumb\":{\"@id\":\"https:\/\/lueurvegetale.fr\/#breadcrumb\"},\"inLanguage\":\"en-US\",\"potentialAction\":[{\"@type\":\"ReadAction\",\"target\":[\"https:\/\/lueurvegetale.fr\/\"]}]},{\"@type\":\"ImageObject\",\"inLanguage\":\"en-US\",\"@id\":\"https:\/\/lueurvegetale.fr\/#primaryimage\",\"url\":\"http:\/\/lueurvegetale.fr\/wp-content\/uploads\/2025\/05\/teinture-vegetale-paysage-onirique.jpg\",\"contentUrl\":\"http:\/\/lueurvegetale.fr\/wp-content\/uploads\/2025\/05\/teinture-vegetale-paysage-onirique.jpg\",\"width\":757,\"height\":757},{\"@type\":\"BreadcrumbList\",\"@id\":\"https:\/\/lueurvegetale.fr\/#breadcrumb\",\"itemListElement\":[{\"@type\":\"ListItem\",\"position\":1,\"name\":\"Accueil\",\"item\":\"https:\/\/lueurvegetale.fr\/\"},{\"@type\":\"ListItem\",\"position\":2,\"name\":\"Lueur V\u00e9g\u00e9tale : balades nature et ateliers artistiques\"}]},{\"@type\":\"WebSite\",\"@id\":\"https:\/\/lueurvegetale.fr\/#website\",\"url\":\"https:\/\/lueurvegetale.fr\/\",\"name\":\"Lueur v\u00e9g\u00e9tale\",\"description\":\"Explorer les couleurs v\u00e9g\u00e9tales, s&#039;inspirer de la sagesse des plantes\",\"publisher\":{\"@id\":\"https:\/\/lueurvegetale.fr\/#organization\"},\"potentialAction\":[{\"@type\":\"SearchAction\",\"target\":{\"@type\":\"EntryPoint\",\"urlTemplate\":\"https:\/\/lueurvegetale.fr\/?s={search_term_string}\"},\"query-input\":{\"@type\":\"PropertyValueSpecification\",\"valueRequired\":true,\"valueName\":\"search_term_string\"}}],\"inLanguage\":\"en-US\"},{\"@type\":\"Organization\",\"@id\":\"https:\/\/lueurvegetale.fr\/#organization\",\"name\":\"Lueur v\u00e9g\u00e9tale\",\"url\":\"https:\/\/lueurvegetale.fr\/\",\"logo\":{\"@type\":\"ImageObject\",\"inLanguage\":\"en-US\",\"@id\":\"https:\/\/lueurvegetale.fr\/#\/schema\/logo\/image\/\",\"url\":\"http:\/\/lueurvegetale.fr\/wp-content\/uploads\/2020\/11\/cropped-EXE-LUEUR-VEGETALE-3-1.jpg\",\"contentUrl\":\"http:\/\/lueurvegetale.fr\/wp-content\/uploads\/2020\/11\/cropped-EXE-LUEUR-VEGETALE-3-1.jpg\",\"width\":1414,\"height\":1029,\"caption\":\"Lueur v\u00e9g\u00e9tale\"},\"image\":{\"@id\":\"https:\/\/lueurvegetale.fr\/#\/schema\/logo\/image\/\"}}]}<\/script>\n<!-- \/ Yoast SEO plugin. -->","yoast_head_json":{"title":"Lueur V\u00e9g\u00e9tale : balades nature et ateliers artistiques - Lueur v\u00e9g\u00e9tale","description":"Explorez les couleurs v\u00e9g\u00e9tales lors de balades reconnexion nature et ateliers cr\u00e9atifs bien-\u00eatre et formations. Bretagne et France","robots":{"index":"index","follow":"follow","max-snippet":"max-snippet:-1","max-image-preview":"max-image-preview:large","max-video-preview":"max-video-preview:-1"},"canonical":"https:\/\/lueurvegetale.fr\/","og_locale":"en_US","og_type":"article","og_title":"Lueur V\u00e9g\u00e9tale : balades nature et ateliers artistiques - Lueur v\u00e9g\u00e9tale","og_description":"Explorez les couleurs v\u00e9g\u00e9tales lors de balades reconnexion nature et ateliers cr\u00e9atifs bien-\u00eatre et formations. Bretagne et France","og_url":"https:\/\/lueurvegetale.fr\/","og_site_name":"Lueur v\u00e9g\u00e9tale","article_modified_time":"2026-02-10T15:20:48+00:00","og_image":[{"url":"http:\/\/lueurvegetale.fr\/wp-content\/uploads\/2025\/05\/teinture-vegetale-paysage-onirique.jpg","type":"","width":"","height":""}],"twitter_card":"summary_large_image","twitter_misc":{"Est. reading time":"2 minutes"},"schema":{"@context":"https:\/\/schema.org","@graph":[{"@type":"WebPage","@id":"https:\/\/lueurvegetale.fr\/","url":"https:\/\/lueurvegetale.fr\/","name":"Lueur V\u00e9g\u00e9tale : balades nature et ateliers artistiques - Lueur v\u00e9g\u00e9tale","isPartOf":{"@id":"https:\/\/lueurvegetale.fr\/#website"},"primaryImageOfPage":{"@id":"https:\/\/lueurvegetale.fr\/#primaryimage"},"image":{"@id":"https:\/\/lueurvegetale.fr\/#primaryimage"},"thumbnailUrl":"http:\/\/lueurvegetale.fr\/wp-content\/uploads\/2025\/05\/teinture-vegetale-paysage-onirique.jpg","datePublished":"2025-06-20T12:41:50+00:00","dateModified":"2026-02-10T15:20:48+00:00","description":"Explorez les couleurs v\u00e9g\u00e9tales lors de balades reconnexion nature et ateliers cr\u00e9atifs bien-\u00eatre et formations. Bretagne et France","breadcrumb":{"@id":"https:\/\/lueurvegetale.fr\/#breadcrumb"},"inLanguage":"en-US","potentialAction":[{"@type":"ReadAction","target":["https:\/\/lueurvegetale.fr\/"]}]},{"@type":"ImageObject","inLanguage":"en-US","@id":"https:\/\/lueurvegetale.fr\/#primaryimage","url":"http:\/\/lueurvegetale.fr\/wp-content\/uploads\/2025\/05\/teinture-vegetale-paysage-onirique.jpg","contentUrl":"http:\/\/lueurvegetale.fr\/wp-content\/uploads\/2025\/05\/teinture-vegetale-paysage-onirique.jpg","width":757,"height":757},{"@type":"BreadcrumbList","@id":"https:\/\/lueurvegetale.fr\/#breadcrumb","itemListElement":[{"@type":"ListItem","position":1,"name":"Accueil","item":"https:\/\/lueurvegetale.fr\/"},{"@type":"ListItem","position":2,"name":"Lueur V\u00e9g\u00e9tale : balades nature et ateliers artistiques"}]},{"@type":"WebSite","@id":"https:\/\/lueurvegetale.fr\/#website","url":"https:\/\/lueurvegetale.fr\/","name":"Lueur v\u00e9g\u00e9tale","description":"Explorer les couleurs v\u00e9g\u00e9tales, s&#039;inspirer de la sagesse des plantes","publisher":{"@id":"https:\/\/lueurvegetale.fr\/#organization"},"potentialAction":[{"@type":"SearchAction","target":{"@type":"EntryPoint","urlTemplate":"https:\/\/lueurvegetale.fr\/?s={search_term_string}"},"query-input":{"@type":"PropertyValueSpecification","valueRequired":true,"valueName":"search_term_string"}}],"inLanguage":"en-US"},{"@type":"Organization","@id":"https:\/\/lueurvegetale.fr\/#organization","name":"Lueur v\u00e9g\u00e9tale","url":"https:\/\/lueurvegetale.fr\/","logo":{"@type":"ImageObject","inLanguage":"en-US","@id":"https:\/\/lueurvegetale.fr\/#\/schema\/logo\/image\/","url":"http:\/\/lueurvegetale.fr\/wp-content\/uploads\/2020\/11\/cropped-EXE-LUEUR-VEGETALE-3-1.jpg","contentUrl":"http:\/\/lueurvegetale.fr\/wp-content\/uploads\/2020\/11\/cropped-EXE-LUEUR-VEGETALE-3-1.jpg","width":1414,"height":1029,"caption":"Lueur v\u00e9g\u00e9tale"},"image":{"@id":"https:\/\/lueurvegetale.fr\/#\/schema\/logo\/image\/"}}]}},"_links":{"self":[{"href":"http:\/\/lueurvegetale.fr\/index.php\/wp-json\/wp\/v2\/pages\/1235","targetHints":{"allow":["GET"]}}],"collection":[{"href":"http:\/\/lueurvegetale.fr\/index.php\/wp-json\/wp\/v2\/pages"}],"about":[{"href":"http:\/\/lueurvegetale.fr\/index.php\/wp-json\/wp\/v2\/types\/page"}],"author":[{"embeddable":true,"href":"http:\/\/lueurvegetale.fr\/index.php\/wp-json\/wp\/v2\/users\/1"}],"replies":[{"embeddable":true,"href":"http:\/\/lueurvegetale.fr\/index.php\/wp-json\/wp\/v2\/comments?post=1235"}],"version-history":[{"count":25,"href":"http:\/\/lueurvegetale.fr\/index.php\/wp-json\/wp\/v2\/pages\/1235\/revisions"}],"predecessor-version":[{"id":1403,"href":"http:\/\/lueurvegetale.fr\/index.php\/wp-json\/wp\/v2\/pages\/1235\/revisions\/1403"}],"wp:attachment":[{"href":"http:\/\/lueurvegetale.fr\/index.php\/wp-json\/wp\/v2\/media?parent=1235"}],"curies":[{"name":"wp","href":"https:\/\/api.w.org\/{rel}","templated":true}]}}