{"id":1191,"date":"2025-05-28T13:32:52","date_gmt":"2025-05-28T11:32:52","guid":{"rendered":"https:\/\/lueurvegetale.fr\/?page_id=1191"},"modified":"2025-08-04T18:32:12","modified_gmt":"2025-08-04T16:32:12","slug":"un-chemin","status":"publish","type":"page","link":"http:\/\/lueurvegetale.fr\/index.php\/un-chemin\/","title":{"rendered":"A propos"},"content":{"rendered":"\n<div class=\"wp-block-columns is-layout-flex wp-container-core-columns-is-layout-9d6595d7 wp-block-columns-is-layout-flex\">\n<div class=\"wp-block-column is-layout-flow wp-block-column-is-layout-flow\" style=\"flex-basis:66.66%\">\n<p><em>Lueur V\u00e9g\u00e9tale<\/em>, c&#8217;est avant tout l&#8217;\u00e9lan de la co-cr\u00e9ation, c&#8217;est la richesse par la rencontre des singularit\u00e9s. <\/p>\n\n\n\n<p>A l&#8217;origine de <em>Lueur V\u00e9g\u00e9tale<\/em>, apr\u00e8s un bout de chemin, il y a moi : Carole Dormoy. Avant d&#8217;arriver en Bretagne et de d\u00e9couvrir les couleurs v\u00e9g\u00e9tales, mes racines paysannes m\u2019ont men\u00e9 vers le domaine de l\u2019<strong>alimentation<\/strong> et de la gastronomie. Mon souhait d\u2019apporter des solutions adapt\u00e9es aux <strong>besoins <\/strong>de chacun.e m\u2019a orient\u00e9 vers le marketing et le design\u2026 Jusqu\u2019\u00e0 ce que je me heurte \u00e0 certaines r\u00e9alit\u00e9s de notre monde, ressentant des dissonances avec mes valeurs profondes. La vie est un <strong>chemin d\u2019exploration et de transformation<\/strong>, et j\u2019ai voulu \u00eatre plus align\u00e9e avec ce qui fait sens pour moi, en qu\u00eate <strong>de sobri\u00e9t\u00e9, de douceur, d\u2019authenticit\u00e9 et de respect<\/strong>.<\/p>\n<\/div>\n\n\n\n<div class=\"wp-block-column is-layout-flow wp-block-column-is-layout-flow\" style=\"flex-basis:33.33%\">\n<figure class=\"wp-block-image size-full\"><img loading=\"lazy\" decoding=\"async\" width=\"563\" height=\"598\" src=\"http:\/\/lueurvegetale.fr\/wp-content\/uploads\/2022\/06\/cueillette-plantes-tinctoriales-bretagne.jpg\" alt=\"cueillette nature\" class=\"wp-image-857\" srcset=\"http:\/\/lueurvegetale.fr\/wp-content\/uploads\/2022\/06\/cueillette-plantes-tinctoriales-bretagne.jpg 563w, http:\/\/lueurvegetale.fr\/wp-content\/uploads\/2022\/06\/cueillette-plantes-tinctoriales-bretagne-282x300.jpg 282w\" sizes=\"auto, (max-width: 563px) 100vw, 563px\" \/><\/figure>\n<\/div>\n<\/div>\n\n\n\n<p>C&#8217;est en me <strong>reconnectant \u00e0 mes joies<\/strong> et souvenirs d&#8217;enfance que j&#8217;ai emprunt\u00e9 le <strong>chemin de la couleur v\u00e9g\u00e9tale<\/strong>. J&#8217;ai toujours aim\u00e9 les fleurs (plus jeune, j&#8217;ai m\u00eame voulu \u00eatre fleuriste). V\u00e9ritable source d&#8217;inspiration, la Nature m&#8217;a nourrie de bien des fa\u00e7ons. Chaque \u00e9t\u00e9, nous partions \u00e0 l&#8217;aventure en for\u00eat avec mon grand-p\u00e8re. Chaque week-end, nous allions nous y ressourcer avec mes parents. Comme un h\u00e9ritage, elle est devenue mon terrain de jeu, ma source d\u2019\u00e9merveillement, mon chemin de vie.<\/p>\n\n\n\n<p><strong>La peinture et la cr\u00e9ation<\/strong> me transportent \u00e9galement depuis mon plus jeune \u00e2ge. Avant m\u00eame les prises de conscience \u00e9cologiques collectives, j&#8217;ai int\u00e9gr\u00e9 la r\u00e9cup\u00e9ration et la revalorisation de mati\u00e8res dans mon processus cr\u00e9atif. Cette notion de <strong>revalorisation<\/strong> est ch\u00e8re \u00e0 mon c\u0153ur, et s\u2019\u00e9tend au-del\u00e0 des mat\u00e9riaux&nbsp;: elle touche \u00e0 la valeur que l\u2019on se porte et que l\u2019on porte au monde qui nous entoure.<\/p>\n\n\n\n<p>En d\u00e9couvrant l&#8217;univers passionnant des couleurs v\u00e9g\u00e9tales, j\u2019ai d\u00e9couvert un <strong>monde d\u2019une richesse infinie<\/strong>. D\u00e9couvrir que depuis des milliers d&#8217;ann\u00e9es, les v\u00e9g\u00e9taux et les min\u00e9raux \u00e9taient les seules sources de couleurs fut une r\u00e9v\u00e9lation et aussi une le\u00e7on d\u2019humilit\u00e9. Savoir que les plantes qui nous entourent ont des pouvoirs colorants et nous offrent une <strong>palette de teintes naturelles locales<\/strong> qui n&#8217;ont rien \u00e0 envier aux couleurs synth\u00e9tiques a transform\u00e9 mon regard sur le monde.<\/p>\n\n\n\n<p>Cette exploration, par une observation plus fine et attentive des tr\u00e9sors de la nature, a \u00e9t\u00e9 une <strong>reconnexion profonde \u00e0 la nature<\/strong> et \u00e0 ma propre nature, laissant davantage de place \u00e0 ma sensibilit\u00e9. En harmonie avec les <strong>cycles des saisons<\/strong> et la <strong>sagesse des plantes<\/strong>, j\u2019ai d\u00e9velopp\u00e9 des connaissances botaniques, en m&#8217;int\u00e9ressant non seulement aux <strong>plantes tinctoriales<\/strong> mais aussi aux plantes comestibles et m\u00e9dicinales. Je comprends alors que <strong>le soin et la sant\u00e9<\/strong> sont ce qui r\u00e9sonne et guide mon \u00e9lan.<\/p>\n\n\n\n<p>La nature est pour moi une v\u00e9ritable source d&#8217;inspiration et une <strong>source de bien-\u00eatre<\/strong>. Au m\u00eame titre que la pratique du yoga depuis de nombreuses ann\u00e9es, son calme et sa beaut\u00e9 m\u2019apportent ressourcement et s\u00e9r\u00e9nit\u00e9. Elle m&#8217;offre de pr\u00e9cieux enseignements sur les <strong>rythmes de la vie<\/strong> elle-m\u00eame&nbsp;: l&#8217;alternance entre don imm\u00e9diat et maturation lente, entre <strong>abondance et raret\u00e9<\/strong>, entre <strong>force et fragilit\u00e9<\/strong>.<\/p>\n\n\n\n<p>\u00c0 travers plusieurs formations sur les <strong>techniques de teintures naturelles<\/strong> et de <strong>fabrication de peintures aquarelles v\u00e9g\u00e9tales<\/strong>, ainsi que par l\u2019exp\u00e9rimentation continue, je me suis reconnect\u00e9e \u00e0 la joie de <strong>faire de mes mains<\/strong> et j\u2019ai d\u00e9velopp\u00e9 des savoir-faire artisanaux pr\u00e9cieux me permettant d\u2019imaginer des <strong>projets m\u00ealant art et nature<\/strong>, de construire des ponts entre mon monde int\u00e9rieur et l&#8217;intelligence subtile de la nature pour porter avec po\u00e9sie des messages engag\u00e9s.<\/p>\n\n\n\n<p>C\u2019est ainsi que j&#8217;ai trouv\u00e9 dans l&#8217;esprit du wabi-sabi japonais une r\u00e9sonance: laisser place au hasard, accepter <strong>l&#8217;impermanence<\/strong>, permettre \u00e0 la mati\u00e8re naturelle de r\u00e9v\u00e9ler non seulement sa perfection mais aussi ses <strong>asp\u00e9rit\u00e9s<\/strong>.<\/p>\n\n\n\n<p>Allant au-del\u00e0 de simples productions esth\u00e9tiques, ce qui compte pour moi est de cr\u00e9er <strong>avec c\u0153ur, librement et avec spontan\u00e9it\u00e9<\/strong>, transformant <strong>la couleur v\u00e9g\u00e9tale en m\u00e9decine douce<\/strong> pour l&#8217;\u00e2me et le corps. La transformation des plantes en couleurs devient m\u00e9taphore de nos propres m\u00e9tamorphoses int\u00e9rieures, nous rappelant notre capacit\u00e9 \u00e0 <strong>transformer nos exp\u00e9riences en beaut\u00e9<\/strong>.<\/p>\n\n\n\n<p>Convaincue que <strong>prendre soin de soi<\/strong> passe par <strong>prendre soin de notre lien au monde<\/strong>, j\u2019initie des <strong>exp\u00e9riences qui allient cr\u00e9ation, reconnexion \u00e0 la nature et soin<\/strong>. Dans un monde qui va toujours plus vite, je cultive d\u00e9lib\u00e9r\u00e9ment <strong>le sensible, la douceur et la lenteur<\/strong>. Je vous propose de <strong>partager <\/strong>un temps hors du temps, un espace pour vous reconnecter \u00e0 votre <strong>souverainet\u00e9 cr\u00e9ative<\/strong> et \u00e0 la <strong>beaut\u00e9 simple de la nature<\/strong> qui nous entoure.<\/p>\n\n\n\n<figure class=\"wp-block-image size-large\"><img loading=\"lazy\" decoding=\"async\" width=\"1024\" height=\"177\" src=\"http:\/\/lueurvegetale.fr\/wp-content\/uploads\/2025\/05\/lueur-vegetale-1024x177.jpg\" alt=\"\" class=\"wp-image-1130\" srcset=\"http:\/\/lueurvegetale.fr\/wp-content\/uploads\/2025\/05\/lueur-vegetale-1024x177.jpg 1024w, http:\/\/lueurvegetale.fr\/wp-content\/uploads\/2025\/05\/lueur-vegetale-300x52.jpg 300w, http:\/\/lueurvegetale.fr\/wp-content\/uploads\/2025\/05\/lueur-vegetale-768x133.jpg 768w, http:\/\/lueurvegetale.fr\/wp-content\/uploads\/2025\/05\/lueur-vegetale-1536x266.jpg 1536w, http:\/\/lueurvegetale.fr\/wp-content\/uploads\/2025\/05\/lueur-vegetale.jpg 1986w\" sizes=\"auto, (max-width: 1024px) 100vw, 1024px\" \/><\/figure>\n\n\n\n<p><\/p>\n","protected":false},"excerpt":{"rendered":"<p>Lueur V\u00e9g\u00e9tale, c&#8217;est avant tout l&#8217;\u00e9lan de la co-cr\u00e9ation, c&#8217;est la richesse par la rencontre des singularit\u00e9s. A l&#8217;origine de Lueur V\u00e9g\u00e9tale, apr\u00e8s un bout de chemin, il y a moi : Carole Dormoy. Avant d&#8217;arriver en Bretagne et de d\u00e9couvrir les couleurs v\u00e9g\u00e9tales, mes racines paysannes m\u2019ont men\u00e9 vers le domaine de l\u2019alimentation et [&hellip;]<\/p>\n","protected":false},"author":1,"featured_media":0,"parent":0,"menu_order":0,"comment_status":"closed","ping_status":"closed","template":"","meta":{"_monsterinsights_skip_tracking":false,"_monsterinsights_sitenote_active":false,"_monsterinsights_sitenote_note":"","_monsterinsights_sitenote_category":0,"footnotes":""},"class_list":["post-1191","page","type-page","status-publish","hentry"],"yoast_head":"<!-- This site is optimized with the Yoast SEO plugin v25.6 - https:\/\/yoast.com\/wordpress\/plugins\/seo\/ -->\n<title>A propos - Lueur v\u00e9g\u00e9tale<\/title>\n<meta name=\"robots\" content=\"index, follow, max-snippet:-1, max-image-preview:large, max-video-preview:-1\" \/>\n<link rel=\"canonical\" href=\"http:\/\/lueurvegetale.fr\/index.php\/un-chemin\/\" \/>\n<meta property=\"og:locale\" content=\"en_US\" \/>\n<meta property=\"og:type\" content=\"article\" \/>\n<meta property=\"og:title\" content=\"A propos - Lueur v\u00e9g\u00e9tale\" \/>\n<meta property=\"og:description\" content=\"Lueur V\u00e9g\u00e9tale, c&#8217;est avant tout l&#8217;\u00e9lan de la co-cr\u00e9ation, c&#8217;est la richesse par la rencontre des singularit\u00e9s. A l&#8217;origine de Lueur V\u00e9g\u00e9tale, apr\u00e8s un bout de chemin, il y a moi : Carole Dormoy. Avant d&#8217;arriver en Bretagne et de d\u00e9couvrir les couleurs v\u00e9g\u00e9tales, mes racines paysannes m\u2019ont men\u00e9 vers le domaine de l\u2019alimentation et [&hellip;]\" \/>\n<meta property=\"og:url\" content=\"http:\/\/lueurvegetale.fr\/index.php\/un-chemin\/\" \/>\n<meta property=\"og:site_name\" content=\"Lueur v\u00e9g\u00e9tale\" \/>\n<meta property=\"article:modified_time\" content=\"2025-08-04T16:32:12+00:00\" \/>\n<meta property=\"og:image\" content=\"http:\/\/lueurvegetale.fr\/wp-content\/uploads\/2022\/06\/cueillette-plantes-tinctoriales-bretagne.jpg\" \/>\n<meta name=\"twitter:card\" content=\"summary_large_image\" \/>\n<meta name=\"twitter:label1\" content=\"Est. reading time\" \/>\n\t<meta name=\"twitter:data1\" content=\"4 minutes\" \/>\n<script type=\"application\/ld+json\" class=\"yoast-schema-graph\">{\"@context\":\"https:\/\/schema.org\",\"@graph\":[{\"@type\":\"WebPage\",\"@id\":\"http:\/\/lueurvegetale.fr\/index.php\/un-chemin\/\",\"url\":\"http:\/\/lueurvegetale.fr\/index.php\/un-chemin\/\",\"name\":\"A propos - Lueur v\u00e9g\u00e9tale\",\"isPartOf\":{\"@id\":\"https:\/\/lueurvegetale.fr\/#website\"},\"primaryImageOfPage\":{\"@id\":\"http:\/\/lueurvegetale.fr\/index.php\/un-chemin\/#primaryimage\"},\"image\":{\"@id\":\"http:\/\/lueurvegetale.fr\/index.php\/un-chemin\/#primaryimage\"},\"thumbnailUrl\":\"http:\/\/lueurvegetale.fr\/wp-content\/uploads\/2022\/06\/cueillette-plantes-tinctoriales-bretagne.jpg\",\"datePublished\":\"2025-05-28T11:32:52+00:00\",\"dateModified\":\"2025-08-04T16:32:12+00:00\",\"breadcrumb\":{\"@id\":\"http:\/\/lueurvegetale.fr\/index.php\/un-chemin\/#breadcrumb\"},\"inLanguage\":\"en-US\",\"potentialAction\":[{\"@type\":\"ReadAction\",\"target\":[\"http:\/\/lueurvegetale.fr\/index.php\/un-chemin\/\"]}]},{\"@type\":\"ImageObject\",\"inLanguage\":\"en-US\",\"@id\":\"http:\/\/lueurvegetale.fr\/index.php\/un-chemin\/#primaryimage\",\"url\":\"http:\/\/lueurvegetale.fr\/wp-content\/uploads\/2022\/06\/cueillette-plantes-tinctoriales-bretagne.jpg\",\"contentUrl\":\"http:\/\/lueurvegetale.fr\/wp-content\/uploads\/2022\/06\/cueillette-plantes-tinctoriales-bretagne.jpg\",\"width\":563,\"height\":598,\"caption\":\"cueillette nature\"},{\"@type\":\"BreadcrumbList\",\"@id\":\"http:\/\/lueurvegetale.fr\/index.php\/un-chemin\/#breadcrumb\",\"itemListElement\":[{\"@type\":\"ListItem\",\"position\":1,\"name\":\"Accueil\",\"item\":\"https:\/\/lueurvegetale.fr\/\"},{\"@type\":\"ListItem\",\"position\":2,\"name\":\"A propos\"}]},{\"@type\":\"WebSite\",\"@id\":\"https:\/\/lueurvegetale.fr\/#website\",\"url\":\"https:\/\/lueurvegetale.fr\/\",\"name\":\"Lueur v\u00e9g\u00e9tale\",\"description\":\"Explorer les couleurs v\u00e9g\u00e9tales, s&#039;inspirer de la sagesse des plantes\",\"publisher\":{\"@id\":\"https:\/\/lueurvegetale.fr\/#organization\"},\"potentialAction\":[{\"@type\":\"SearchAction\",\"target\":{\"@type\":\"EntryPoint\",\"urlTemplate\":\"https:\/\/lueurvegetale.fr\/?s={search_term_string}\"},\"query-input\":{\"@type\":\"PropertyValueSpecification\",\"valueRequired\":true,\"valueName\":\"search_term_string\"}}],\"inLanguage\":\"en-US\"},{\"@type\":\"Organization\",\"@id\":\"https:\/\/lueurvegetale.fr\/#organization\",\"name\":\"Lueur v\u00e9g\u00e9tale\",\"url\":\"https:\/\/lueurvegetale.fr\/\",\"logo\":{\"@type\":\"ImageObject\",\"inLanguage\":\"en-US\",\"@id\":\"https:\/\/lueurvegetale.fr\/#\/schema\/logo\/image\/\",\"url\":\"http:\/\/lueurvegetale.fr\/wp-content\/uploads\/2020\/11\/cropped-EXE-LUEUR-VEGETALE-3-1.jpg\",\"contentUrl\":\"http:\/\/lueurvegetale.fr\/wp-content\/uploads\/2020\/11\/cropped-EXE-LUEUR-VEGETALE-3-1.jpg\",\"width\":1414,\"height\":1029,\"caption\":\"Lueur v\u00e9g\u00e9tale\"},\"image\":{\"@id\":\"https:\/\/lueurvegetale.fr\/#\/schema\/logo\/image\/\"}}]}<\/script>\n<!-- \/ Yoast SEO plugin. -->","yoast_head_json":{"title":"A propos - Lueur v\u00e9g\u00e9tale","robots":{"index":"index","follow":"follow","max-snippet":"max-snippet:-1","max-image-preview":"max-image-preview:large","max-video-preview":"max-video-preview:-1"},"canonical":"http:\/\/lueurvegetale.fr\/index.php\/un-chemin\/","og_locale":"en_US","og_type":"article","og_title":"A propos - Lueur v\u00e9g\u00e9tale","og_description":"Lueur V\u00e9g\u00e9tale, c&#8217;est avant tout l&#8217;\u00e9lan de la co-cr\u00e9ation, c&#8217;est la richesse par la rencontre des singularit\u00e9s. A l&#8217;origine de Lueur V\u00e9g\u00e9tale, apr\u00e8s un bout de chemin, il y a moi : Carole Dormoy. Avant d&#8217;arriver en Bretagne et de d\u00e9couvrir les couleurs v\u00e9g\u00e9tales, mes racines paysannes m\u2019ont men\u00e9 vers le domaine de l\u2019alimentation et [&hellip;]","og_url":"http:\/\/lueurvegetale.fr\/index.php\/un-chemin\/","og_site_name":"Lueur v\u00e9g\u00e9tale","article_modified_time":"2025-08-04T16:32:12+00:00","og_image":[{"url":"http:\/\/lueurvegetale.fr\/wp-content\/uploads\/2022\/06\/cueillette-plantes-tinctoriales-bretagne.jpg","type":"","width":"","height":""}],"twitter_card":"summary_large_image","twitter_misc":{"Est. reading time":"4 minutes"},"schema":{"@context":"https:\/\/schema.org","@graph":[{"@type":"WebPage","@id":"http:\/\/lueurvegetale.fr\/index.php\/un-chemin\/","url":"http:\/\/lueurvegetale.fr\/index.php\/un-chemin\/","name":"A propos - Lueur v\u00e9g\u00e9tale","isPartOf":{"@id":"https:\/\/lueurvegetale.fr\/#website"},"primaryImageOfPage":{"@id":"http:\/\/lueurvegetale.fr\/index.php\/un-chemin\/#primaryimage"},"image":{"@id":"http:\/\/lueurvegetale.fr\/index.php\/un-chemin\/#primaryimage"},"thumbnailUrl":"http:\/\/lueurvegetale.fr\/wp-content\/uploads\/2022\/06\/cueillette-plantes-tinctoriales-bretagne.jpg","datePublished":"2025-05-28T11:32:52+00:00","dateModified":"2025-08-04T16:32:12+00:00","breadcrumb":{"@id":"http:\/\/lueurvegetale.fr\/index.php\/un-chemin\/#breadcrumb"},"inLanguage":"en-US","potentialAction":[{"@type":"ReadAction","target":["http:\/\/lueurvegetale.fr\/index.php\/un-chemin\/"]}]},{"@type":"ImageObject","inLanguage":"en-US","@id":"http:\/\/lueurvegetale.fr\/index.php\/un-chemin\/#primaryimage","url":"http:\/\/lueurvegetale.fr\/wp-content\/uploads\/2022\/06\/cueillette-plantes-tinctoriales-bretagne.jpg","contentUrl":"http:\/\/lueurvegetale.fr\/wp-content\/uploads\/2022\/06\/cueillette-plantes-tinctoriales-bretagne.jpg","width":563,"height":598,"caption":"cueillette nature"},{"@type":"BreadcrumbList","@id":"http:\/\/lueurvegetale.fr\/index.php\/un-chemin\/#breadcrumb","itemListElement":[{"@type":"ListItem","position":1,"name":"Accueil","item":"https:\/\/lueurvegetale.fr\/"},{"@type":"ListItem","position":2,"name":"A propos"}]},{"@type":"WebSite","@id":"https:\/\/lueurvegetale.fr\/#website","url":"https:\/\/lueurvegetale.fr\/","name":"Lueur v\u00e9g\u00e9tale","description":"Explorer les couleurs v\u00e9g\u00e9tales, s&#039;inspirer de la sagesse des plantes","publisher":{"@id":"https:\/\/lueurvegetale.fr\/#organization"},"potentialAction":[{"@type":"SearchAction","target":{"@type":"EntryPoint","urlTemplate":"https:\/\/lueurvegetale.fr\/?s={search_term_string}"},"query-input":{"@type":"PropertyValueSpecification","valueRequired":true,"valueName":"search_term_string"}}],"inLanguage":"en-US"},{"@type":"Organization","@id":"https:\/\/lueurvegetale.fr\/#organization","name":"Lueur v\u00e9g\u00e9tale","url":"https:\/\/lueurvegetale.fr\/","logo":{"@type":"ImageObject","inLanguage":"en-US","@id":"https:\/\/lueurvegetale.fr\/#\/schema\/logo\/image\/","url":"http:\/\/lueurvegetale.fr\/wp-content\/uploads\/2020\/11\/cropped-EXE-LUEUR-VEGETALE-3-1.jpg","contentUrl":"http:\/\/lueurvegetale.fr\/wp-content\/uploads\/2020\/11\/cropped-EXE-LUEUR-VEGETALE-3-1.jpg","width":1414,"height":1029,"caption":"Lueur v\u00e9g\u00e9tale"},"image":{"@id":"https:\/\/lueurvegetale.fr\/#\/schema\/logo\/image\/"}}]}},"_links":{"self":[{"href":"http:\/\/lueurvegetale.fr\/index.php\/wp-json\/wp\/v2\/pages\/1191","targetHints":{"allow":["GET"]}}],"collection":[{"href":"http:\/\/lueurvegetale.fr\/index.php\/wp-json\/wp\/v2\/pages"}],"about":[{"href":"http:\/\/lueurvegetale.fr\/index.php\/wp-json\/wp\/v2\/types\/page"}],"author":[{"embeddable":true,"href":"http:\/\/lueurvegetale.fr\/index.php\/wp-json\/wp\/v2\/users\/1"}],"replies":[{"embeddable":true,"href":"http:\/\/lueurvegetale.fr\/index.php\/wp-json\/wp\/v2\/comments?post=1191"}],"version-history":[{"count":6,"href":"http:\/\/lueurvegetale.fr\/index.php\/wp-json\/wp\/v2\/pages\/1191\/revisions"}],"predecessor-version":[{"id":1299,"href":"http:\/\/lueurvegetale.fr\/index.php\/wp-json\/wp\/v2\/pages\/1191\/revisions\/1299"}],"wp:attachment":[{"href":"http:\/\/lueurvegetale.fr\/index.php\/wp-json\/wp\/v2\/media?parent=1191"}],"curies":[{"name":"wp","href":"https:\/\/api.w.org\/{rel}","templated":true}]}}