{"id":1117,"date":"2025-05-08T19:56:37","date_gmt":"2025-05-08T17:56:37","guid":{"rendered":"https:\/\/lueurvegetale.fr\/?page_id=1117"},"modified":"2026-01-16T15:51:52","modified_gmt":"2026-01-16T14:51:52","slug":"stages-bien-etre","status":"publish","type":"page","link":"http:\/\/lueurvegetale.fr\/index.php\/stages-bien-etre\/","title":{"rendered":"Instants bien-\u00eatre par les couleurs v\u00e9g\u00e9tales"},"content":{"rendered":"\n<p>Des <strong>stages bien-\u00eatre<\/strong> uniques alliant <strong>art<\/strong>, <strong>couleurs v\u00e9g\u00e9tales<\/strong> et <strong>reconnexion \u00e0 la nature<\/strong>. Dans des lieux propices au soin et au ressourcement, o\u00f9 la nature est respect\u00e9e, les teintures naturelles deviennent un merveilleux moyen de vivre des <strong><a href=\"https:\/\/lueurvegetale.fr\/index.php\/temoignages\/\">exp\u00e9riences sensibles<\/a><\/strong>.<\/p>\n\n\n\n<h3 class=\"wp-block-heading\">Programme des stages Couleurs V\u00e9g\u00e9tales :<\/h3>\n\n\n\n<h4 class=\"wp-block-heading\">1. La Balade-Cueillette : immersion nature<\/h4>\n\n\n\n<p>Moment d&#8217;<strong>immersion sensorielle<\/strong> et de reconnexion avec la nature, o\u00f9 le simple fait de marcher, observer et r\u00e9colter devient <strong>m\u00e9ditation active<\/strong> et <strong>ressourcement profond<\/strong>. Une v\u00e9ritable <strong>sylvoth\u00e9rapie<\/strong> qui r\u00e9pond \u00e0 notre besoin profond de nous sentir partie int\u00e9grante de la nature.<\/p>\n\n\n\n<h4 class=\"wp-block-heading\">2. La transformation alchimique : ateliers teintures naturelles et encres aquarelles<\/h4>\n\n\n\n<p>D\u00e9couverte des processus d&#8217;<strong>extraction des couleurs v\u00e9g\u00e9tales<\/strong>, moment o\u00f9 la magie op\u00e8re. <\/p>\n\n\n\n<h4 class=\"wp-block-heading\">3. L&#8217;expression artistique libre : lib\u00e9rer son pouvoir cr\u00e9atif<\/h4>\n\n\n\n<p>Utilisation des <strong>couleurs r\u00e9colt\u00e9es<\/strong> pour cr\u00e9er des \u0153uvres personnelles impr\u00e9gn\u00e9es de l&#8217;\u00e9nergie des plantes, une bulle cr\u00e9ative o\u00f9 l&#8217;int\u00e9riorit\u00e9 s&#8217;exprime \u00e0 travers les <strong>pigments naturels<\/strong>.<\/p>\n\n\n\n<figure class=\"wp-block-image size-large\"><img loading=\"lazy\" decoding=\"async\" width=\"1024\" height=\"586\" src=\"http:\/\/lueurvegetale.fr\/wp-content\/uploads\/2025\/08\/stage-bien-etre-couleurs-vegetales-immersion-sensorielle-reconnexion-nature-1024x586.jpg\" alt=\"stages bien-etre couleurs vegetales-immersion sensorielle reconnexion \u00e0 la nature\" class=\"wp-image-1324\" srcset=\"http:\/\/lueurvegetale.fr\/wp-content\/uploads\/2025\/08\/stage-bien-etre-couleurs-vegetales-immersion-sensorielle-reconnexion-nature-1024x586.jpg 1024w, http:\/\/lueurvegetale.fr\/wp-content\/uploads\/2025\/08\/stage-bien-etre-couleurs-vegetales-immersion-sensorielle-reconnexion-nature-300x172.jpg 300w, http:\/\/lueurvegetale.fr\/wp-content\/uploads\/2025\/08\/stage-bien-etre-couleurs-vegetales-immersion-sensorielle-reconnexion-nature-768x440.jpg 768w, http:\/\/lueurvegetale.fr\/wp-content\/uploads\/2025\/08\/stage-bien-etre-couleurs-vegetales-immersion-sensorielle-reconnexion-nature-1536x880.jpg 1536w, http:\/\/lueurvegetale.fr\/wp-content\/uploads\/2025\/08\/stage-bien-etre-couleurs-vegetales-immersion-sensorielle-reconnexion-nature-2048x1173.jpg 2048w\" sizes=\"auto, (max-width: 1024px) 100vw, 1024px\" \/><\/figure>\n\n\n\n<h2 class=\"wp-block-heading\"><strong>Immersion sensorielle &amp; Reconnexion \u00e0 la Nature<\/strong><\/h2>\n\n\n\n<p>La <strong>balade-cueillette<\/strong> est une invitation \u00e0 ralentir et red\u00e9couvrir notre lien \u00e0 la nature. Ce moment privil\u00e9gi\u00e9 r\u00e9pond \u00e0 notre besoin profond de <strong>bien-\u00eatre naturel<\/strong> et de <strong>ressourcement en pleine nature<\/strong>.<\/p>\n\n\n\n<h4 class=\"wp-block-heading\">Pr\u00e9sence consciente au vivant : M\u00e9ditation en mouvement<\/h4>\n\n\n\n<p>Marcher en <strong>pleine conscience<\/strong>, c&#8217;est ressentir le sol sous nos pas, l&#8217;air nous caresser, \u00e9couter les chants d&#8217;oiseaux, observer la richesse qui nous entoure. Cette <strong>pr\u00e9sence attentive<\/strong> lib\u00e8re l&#8217;esprit et nous ancre dans l&#8217;instant pr\u00e9sent. Nos sens s&#8217;affinent et nous reconnectent \u00e0 notre nature profonde.<\/p>\n\n\n\n<h4 class=\"wp-block-heading\">Sagesse botanique retrouv\u00e9e : Formation plantes tinctoriales<\/h4>\n\n\n\n<p>Identifier les <strong>plantes tinctoriales<\/strong> et leurs vertus, comprendre leurs fonctionnements et leur magie, c&#8217;est renouer avec un <strong>savoir ancestral<\/strong> pr\u00e9cieux. Cette connaissance intime du v\u00e9g\u00e9tal nous replace dans le grand cycle de la vie.<\/p>\n\n\n\n<h4 class=\"wp-block-heading\">Le geste sacr\u00e9 de la cueillette : Rituels de gratitude<\/h4>\n\n\n\n<p>Pr\u00e9lever avec respect et gratitude, en conscience des dons de la nature, transforme un simple geste en <strong>rituel d&#8217;abondance<\/strong> partag\u00e9e. Cette pratique nourrit l&#8217;\u00e2me autant que le panier de r\u00e9colte.<\/p>\n\n\n\n<figure class=\"wp-block-image size-large\"><img loading=\"lazy\" decoding=\"async\" width=\"1024\" height=\"406\" src=\"http:\/\/lueurvegetale.fr\/wp-content\/uploads\/2025\/08\/stage-bien-etre-couleurs-vegetales-extraction-pigments-magie-alchimie-1024x406.jpg\" alt=\"stages bien-etre couleurs vegetales extraction pigments naturels alchimie pouvoirs cr\u00e9ateurs des plantes magie \" class=\"wp-image-1323\" srcset=\"http:\/\/lueurvegetale.fr\/wp-content\/uploads\/2025\/08\/stage-bien-etre-couleurs-vegetales-extraction-pigments-magie-alchimie-1024x406.jpg 1024w, http:\/\/lueurvegetale.fr\/wp-content\/uploads\/2025\/08\/stage-bien-etre-couleurs-vegetales-extraction-pigments-magie-alchimie-300x119.jpg 300w, http:\/\/lueurvegetale.fr\/wp-content\/uploads\/2025\/08\/stage-bien-etre-couleurs-vegetales-extraction-pigments-magie-alchimie-768x305.jpg 768w, http:\/\/lueurvegetale.fr\/wp-content\/uploads\/2025\/08\/stage-bien-etre-couleurs-vegetales-extraction-pigments-magie-alchimie-1536x609.jpg 1536w, http:\/\/lueurvegetale.fr\/wp-content\/uploads\/2025\/08\/stage-bien-etre-couleurs-vegetales-extraction-pigments-magie-alchimie-2048x812.jpg 2048w\" sizes=\"auto, (max-width: 1024px) 100vw, 1024px\" \/><\/figure>\n\n\n\n<h2 class=\"wp-block-heading\"><strong>La transformation alchimique : R\u00e9v\u00e9ler l&#8217;invisible<\/strong><\/h2>\n\n\n\n<p>Les tr\u00e9sors v\u00e9g\u00e9taux soigneusement r\u00e9colt\u00e9s r\u00e9v\u00e8lent leurs secrets chromatiques lors du processus d&#8217;<strong>extraction de couleurs v\u00e9g\u00e9tales<\/strong>. Les <strong>pigments naturels<\/strong> portent l&#8217;\u00e9nergie vitale des plantes, leurs propri\u00e9t\u00e9s apaisantes, dynamisantes, \u00e9quilibrantes\u2026<\/p>\n\n\n\n<h4 class=\"wp-block-heading\">Laboratoire vivant : Extraction de pigments naturels<\/h4>\n\n\n\n<p>Chaque feuille, fleur, racine, \u00e9corce ou baie contient un potentiel de couleur insoup\u00e7onn\u00e9 que seule la <strong>transformation alchimique<\/strong> pourra r\u00e9v\u00e9ler. Les couleurs qui \u00e9mergent portent l&#8217;essence des v\u00e9g\u00e9taux et l&#8217;\u00e9nergie unique du territoire, cr\u00e9ant une palette vivante qui raconte l&#8217;histoire invisible du paysage.<\/p>\n\n\n\n<h4 class=\"wp-block-heading\">R\u00e9appropriation de gestes ancestraux : Artisanat traditionnel<\/h4>\n\n\n\n<p>En se reconnectant aux <strong>pratiques ancestrales<\/strong>, nous vivons un moment privil\u00e9gi\u00e9 o\u00f9 science ancestrale et magie se rencontrent. Cette dimension culturelle et patrimoniale honore tant le pass\u00e9 que l&#8217;avenir.<\/p>\n\n\n\n<h4 class=\"wp-block-heading\">L&#8217;\u00e9merveillement de la r\u00e9v\u00e9lation : Magie des couleurs naturelles<\/h4>\n\n\n\n<p>Lorsque la couleur \u00e9merge comme par enchantement, les visages s&#8217;illuminent devant cette <strong>alchimie naturelle<\/strong>, cette transformation visible qui nous rappelle que la beaut\u00e9 se cache souvent sous des apparences modestes.<\/p>\n\n\n\n<figure class=\"wp-block-image size-large\"><img loading=\"lazy\" decoding=\"async\" width=\"1024\" height=\"481\" src=\"http:\/\/lueurvegetale.fr\/wp-content\/uploads\/2025\/08\/stage-bien-etre-couleurs-vegetales-explorations-creatives-art-therapie-1024x481.jpg\" alt=\"stages bien-etre couleurs vegetales explorations creatives art-therapie\" class=\"wp-image-1322\" srcset=\"http:\/\/lueurvegetale.fr\/wp-content\/uploads\/2025\/08\/stage-bien-etre-couleurs-vegetales-explorations-creatives-art-therapie-1024x481.jpg 1024w, http:\/\/lueurvegetale.fr\/wp-content\/uploads\/2025\/08\/stage-bien-etre-couleurs-vegetales-explorations-creatives-art-therapie-300x141.jpg 300w, http:\/\/lueurvegetale.fr\/wp-content\/uploads\/2025\/08\/stage-bien-etre-couleurs-vegetales-explorations-creatives-art-therapie-768x360.jpg 768w, http:\/\/lueurvegetale.fr\/wp-content\/uploads\/2025\/08\/stage-bien-etre-couleurs-vegetales-explorations-creatives-art-therapie-1536x721.jpg 1536w, http:\/\/lueurvegetale.fr\/wp-content\/uploads\/2025\/08\/stage-bien-etre-couleurs-vegetales-explorations-creatives-art-therapie-2048x961.jpg 2048w\" sizes=\"auto, (max-width: 1024px) 100vw, 1024px\" \/><\/figure>\n\n\n\n<h2 class=\"wp-block-heading\"><strong>Une parenth\u00e8se cr\u00e9ative : expression personnelle<\/strong><\/h2>\n\n\n\n<p>L&#8217;essence des plantes r\u00e9v\u00e9l\u00e9e offre une palette de <strong>couleurs naturelles<\/strong> avec laquelle chacun.e va pouvoir r\u00e9v\u00e9ler sa propre essence. Un temps de retour \u00e0 soi comme une forme de <strong>m\u00e9ditation active<\/strong> et de <strong>soin personnel<\/strong> permettant de d\u00e9velopper une qualit\u00e9 de pr\u00e9sence pr\u00e9cieuse.<\/p>\n\n\n\n<h4 class=\"wp-block-heading\">Une palette n\u00e9e de la Terre : Couleurs v\u00e9g\u00e9tales authentiques<\/h4>\n\n\n\n<p>Les pigments extraits deviennent une palette unique, charg\u00e9e d&#8217;histoire et de sens. Chaque essence v\u00e9g\u00e9tale porte une vibration singuli\u00e8re : le jaune \u00e9tincelant des feuilles de bouleau, les verts apaisants des fleurs d\u2019iris, l&#8217;orange flamboyant des cosmos&#8230;<\/p>\n\n\n\n<h4 class=\"wp-block-heading\">Le geste lib\u00e9rateur : Aquarelle et teinture v\u00e9g\u00e9tale<\/h4>\n\n\n\n<p>Lorsque la <strong>couleur vivante<\/strong> s&#8217;impr\u00e8gne dans le tissu ou se d\u00e9pose sur le papier, le geste cr\u00e9atif devient un acte de pr\u00e9sence totale. Chacun.e trouve son langage visuel dans une qu\u00eate d&#8217;authenticit\u00e9 et d&#8217;expression sinc\u00e8re.<\/p>\n\n\n\n<h4 class=\"wp-block-heading\">Explorations cr\u00e9atives diverses : Aquarelle et teinture textile<\/h4>\n\n\n\n<p>Des explorations cr\u00e9atives vari\u00e9es pour d\u00e9voiler sa tonalit\u00e9 par l&#8217;<strong>aquarelle v\u00e9g\u00e9tale<\/strong>, laisser son empreinte ou laisser affleurer des mondes oniriques par la <strong>teinture textile naturelle<\/strong>.<\/p>\n\n\n\n<figure class=\"wp-block-image size-large\"><img loading=\"lazy\" decoding=\"async\" width=\"1024\" height=\"450\" src=\"https:\/\/lueurvegetale.fr\/wp-content\/uploads\/2025\/06\/teinture-vegetale-monde-empreintes-1024x450.jpg\" alt=\"\" class=\"wp-image-1267\" srcset=\"http:\/\/lueurvegetale.fr\/wp-content\/uploads\/2025\/06\/teinture-vegetale-monde-empreintes-1024x450.jpg 1024w, http:\/\/lueurvegetale.fr\/wp-content\/uploads\/2025\/06\/teinture-vegetale-monde-empreintes-300x132.jpg 300w, http:\/\/lueurvegetale.fr\/wp-content\/uploads\/2025\/06\/teinture-vegetale-monde-empreintes-768x337.jpg 768w, http:\/\/lueurvegetale.fr\/wp-content\/uploads\/2025\/06\/teinture-vegetale-monde-empreintes.jpg 1416w\" sizes=\"auto, (max-width: 1024px) 100vw, 1024px\" \/><\/figure>\n\n\n\n<h3 class=\"wp-block-heading\">Partenariats : Lieux de retraites et \u00e9tablissements de soin<\/h3>\n\n\n\n<p>Ces <strong>stages bien-\u00eatre<\/strong> peuvent se d\u00e9rouler dans des :<\/p>\n\n\n\n<ul class=\"wp-block-list\">\n<li><strong>Lieux de retraites bien-\u00eatre<\/strong> et centres de ressourcement<\/li>\n\n\n\n<li><strong>\u00c9tablissements de sant\u00e9<\/strong> ou m\u00e9dico-sociaux<\/li>\n\n\n\n<li>Collectifs portant des actions de soutien en lien avec le <strong>soin<\/strong><\/li>\n<\/ul>\n\n\n\n<p>Ce type d&#8217;explorations vous int\u00e9resse ? Vous souhaitez en savoir plus ? <a href=\"https:\/\/lueurvegetale.fr\/index.php\/contact\/\">Echangeons<\/a> pour imaginer une <strong>collaboration originale<\/strong> autour de l&#8217;<strong>art<\/strong> et des <strong>couleurs v\u00e9g\u00e9tales<\/strong> ! \ud83c\udf3f<\/p>\n\n\n\n<p><\/p>\n","protected":false},"excerpt":{"rendered":"<p>Des stages bien-\u00eatre uniques alliant art, couleurs v\u00e9g\u00e9tales et reconnexion \u00e0 la nature. Dans des lieux propices au soin et au ressourcement, o\u00f9 la nature est respect\u00e9e, les teintures naturelles deviennent un merveilleux moyen de vivre des exp\u00e9riences sensibles. Programme des stages Couleurs V\u00e9g\u00e9tales : 1. La Balade-Cueillette : immersion nature Moment d&#8217;immersion sensorielle et [&hellip;]<\/p>\n","protected":false},"author":1,"featured_media":0,"parent":0,"menu_order":0,"comment_status":"closed","ping_status":"closed","template":"","meta":{"_monsterinsights_skip_tracking":false,"_monsterinsights_sitenote_active":false,"_monsterinsights_sitenote_note":"","_monsterinsights_sitenote_category":0,"footnotes":""},"class_list":["post-1117","page","type-page","status-publish","hentry"],"yoast_head":"<!-- This site is optimized with the Yoast SEO plugin v25.6 - https:\/\/yoast.com\/wordpress\/plugins\/seo\/ -->\n<title>Instants bien-\u00eatre par les couleurs v\u00e9g\u00e9tales - Lueur v\u00e9g\u00e9tale<\/title>\n<meta name=\"robots\" content=\"index, follow, max-snippet:-1, max-image-preview:large, max-video-preview:-1\" \/>\n<link rel=\"canonical\" href=\"https:\/\/lueurvegetale.fr\/index.php\/stages-bien-etre\/\" \/>\n<meta property=\"og:locale\" content=\"en_US\" \/>\n<meta property=\"og:type\" content=\"article\" \/>\n<meta property=\"og:title\" content=\"Instants bien-\u00eatre par les couleurs v\u00e9g\u00e9tales - Lueur v\u00e9g\u00e9tale\" \/>\n<meta property=\"og:description\" content=\"Des stages bien-\u00eatre uniques alliant art, couleurs v\u00e9g\u00e9tales et reconnexion \u00e0 la nature. Dans des lieux propices au soin et au ressourcement, o\u00f9 la nature est respect\u00e9e, les teintures naturelles deviennent un merveilleux moyen de vivre des exp\u00e9riences sensibles. Programme des stages Couleurs V\u00e9g\u00e9tales : 1. La Balade-Cueillette : immersion nature Moment d&#8217;immersion sensorielle et [&hellip;]\" \/>\n<meta property=\"og:url\" content=\"https:\/\/lueurvegetale.fr\/index.php\/stages-bien-etre\/\" \/>\n<meta property=\"og:site_name\" content=\"Lueur v\u00e9g\u00e9tale\" \/>\n<meta property=\"article:modified_time\" content=\"2026-01-16T14:51:52+00:00\" \/>\n<meta property=\"og:image\" content=\"http:\/\/lueurvegetale.fr\/wp-content\/uploads\/2025\/08\/stage-bien-etre-couleurs-vegetales-immersion-sensorielle-reconnexion-nature-1024x586.jpg\" \/>\n<meta name=\"twitter:card\" content=\"summary_large_image\" \/>\n<meta name=\"twitter:label1\" content=\"Est. reading time\" \/>\n\t<meta name=\"twitter:data1\" content=\"4 minutes\" \/>\n<script type=\"application\/ld+json\" class=\"yoast-schema-graph\">{\"@context\":\"https:\/\/schema.org\",\"@graph\":[{\"@type\":\"WebPage\",\"@id\":\"https:\/\/lueurvegetale.fr\/index.php\/stages-bien-etre\/\",\"url\":\"https:\/\/lueurvegetale.fr\/index.php\/stages-bien-etre\/\",\"name\":\"Instants bien-\u00eatre par les couleurs v\u00e9g\u00e9tales - Lueur v\u00e9g\u00e9tale\",\"isPartOf\":{\"@id\":\"https:\/\/lueurvegetale.fr\/#website\"},\"primaryImageOfPage\":{\"@id\":\"https:\/\/lueurvegetale.fr\/index.php\/stages-bien-etre\/#primaryimage\"},\"image\":{\"@id\":\"https:\/\/lueurvegetale.fr\/index.php\/stages-bien-etre\/#primaryimage\"},\"thumbnailUrl\":\"http:\/\/lueurvegetale.fr\/wp-content\/uploads\/2025\/08\/stage-bien-etre-couleurs-vegetales-immersion-sensorielle-reconnexion-nature-1024x586.jpg\",\"datePublished\":\"2025-05-08T17:56:37+00:00\",\"dateModified\":\"2026-01-16T14:51:52+00:00\",\"breadcrumb\":{\"@id\":\"https:\/\/lueurvegetale.fr\/index.php\/stages-bien-etre\/#breadcrumb\"},\"inLanguage\":\"en-US\",\"potentialAction\":[{\"@type\":\"ReadAction\",\"target\":[\"https:\/\/lueurvegetale.fr\/index.php\/stages-bien-etre\/\"]}]},{\"@type\":\"ImageObject\",\"inLanguage\":\"en-US\",\"@id\":\"https:\/\/lueurvegetale.fr\/index.php\/stages-bien-etre\/#primaryimage\",\"url\":\"http:\/\/lueurvegetale.fr\/wp-content\/uploads\/2025\/08\/stage-bien-etre-couleurs-vegetales-immersion-sensorielle-reconnexion-nature-scaled.jpg\",\"contentUrl\":\"http:\/\/lueurvegetale.fr\/wp-content\/uploads\/2025\/08\/stage-bien-etre-couleurs-vegetales-immersion-sensorielle-reconnexion-nature-scaled.jpg\",\"width\":2560,\"height\":1466,\"caption\":\"immersion sensorielle reconnexion \u00e0 la nature\"},{\"@type\":\"BreadcrumbList\",\"@id\":\"https:\/\/lueurvegetale.fr\/index.php\/stages-bien-etre\/#breadcrumb\",\"itemListElement\":[{\"@type\":\"ListItem\",\"position\":1,\"name\":\"Accueil\",\"item\":\"https:\/\/lueurvegetale.fr\/\"},{\"@type\":\"ListItem\",\"position\":2,\"name\":\"Instants bien-\u00eatre par les couleurs v\u00e9g\u00e9tales\"}]},{\"@type\":\"WebSite\",\"@id\":\"https:\/\/lueurvegetale.fr\/#website\",\"url\":\"https:\/\/lueurvegetale.fr\/\",\"name\":\"Lueur v\u00e9g\u00e9tale\",\"description\":\"Explorer les couleurs v\u00e9g\u00e9tales, s&#039;inspirer de la sagesse des plantes\",\"publisher\":{\"@id\":\"https:\/\/lueurvegetale.fr\/#organization\"},\"potentialAction\":[{\"@type\":\"SearchAction\",\"target\":{\"@type\":\"EntryPoint\",\"urlTemplate\":\"https:\/\/lueurvegetale.fr\/?s={search_term_string}\"},\"query-input\":{\"@type\":\"PropertyValueSpecification\",\"valueRequired\":true,\"valueName\":\"search_term_string\"}}],\"inLanguage\":\"en-US\"},{\"@type\":\"Organization\",\"@id\":\"https:\/\/lueurvegetale.fr\/#organization\",\"name\":\"Lueur v\u00e9g\u00e9tale\",\"url\":\"https:\/\/lueurvegetale.fr\/\",\"logo\":{\"@type\":\"ImageObject\",\"inLanguage\":\"en-US\",\"@id\":\"https:\/\/lueurvegetale.fr\/#\/schema\/logo\/image\/\",\"url\":\"http:\/\/lueurvegetale.fr\/wp-content\/uploads\/2020\/11\/cropped-EXE-LUEUR-VEGETALE-3-1.jpg\",\"contentUrl\":\"http:\/\/lueurvegetale.fr\/wp-content\/uploads\/2020\/11\/cropped-EXE-LUEUR-VEGETALE-3-1.jpg\",\"width\":1414,\"height\":1029,\"caption\":\"Lueur v\u00e9g\u00e9tale\"},\"image\":{\"@id\":\"https:\/\/lueurvegetale.fr\/#\/schema\/logo\/image\/\"}}]}<\/script>\n<!-- \/ Yoast SEO plugin. -->","yoast_head_json":{"title":"Instants bien-\u00eatre par les couleurs v\u00e9g\u00e9tales - Lueur v\u00e9g\u00e9tale","robots":{"index":"index","follow":"follow","max-snippet":"max-snippet:-1","max-image-preview":"max-image-preview:large","max-video-preview":"max-video-preview:-1"},"canonical":"https:\/\/lueurvegetale.fr\/index.php\/stages-bien-etre\/","og_locale":"en_US","og_type":"article","og_title":"Instants bien-\u00eatre par les couleurs v\u00e9g\u00e9tales - Lueur v\u00e9g\u00e9tale","og_description":"Des stages bien-\u00eatre uniques alliant art, couleurs v\u00e9g\u00e9tales et reconnexion \u00e0 la nature. Dans des lieux propices au soin et au ressourcement, o\u00f9 la nature est respect\u00e9e, les teintures naturelles deviennent un merveilleux moyen de vivre des exp\u00e9riences sensibles. Programme des stages Couleurs V\u00e9g\u00e9tales : 1. La Balade-Cueillette : immersion nature Moment d&#8217;immersion sensorielle et [&hellip;]","og_url":"https:\/\/lueurvegetale.fr\/index.php\/stages-bien-etre\/","og_site_name":"Lueur v\u00e9g\u00e9tale","article_modified_time":"2026-01-16T14:51:52+00:00","og_image":[{"url":"http:\/\/lueurvegetale.fr\/wp-content\/uploads\/2025\/08\/stage-bien-etre-couleurs-vegetales-immersion-sensorielle-reconnexion-nature-1024x586.jpg","type":"","width":"","height":""}],"twitter_card":"summary_large_image","twitter_misc":{"Est. reading time":"4 minutes"},"schema":{"@context":"https:\/\/schema.org","@graph":[{"@type":"WebPage","@id":"https:\/\/lueurvegetale.fr\/index.php\/stages-bien-etre\/","url":"https:\/\/lueurvegetale.fr\/index.php\/stages-bien-etre\/","name":"Instants bien-\u00eatre par les couleurs v\u00e9g\u00e9tales - Lueur v\u00e9g\u00e9tale","isPartOf":{"@id":"https:\/\/lueurvegetale.fr\/#website"},"primaryImageOfPage":{"@id":"https:\/\/lueurvegetale.fr\/index.php\/stages-bien-etre\/#primaryimage"},"image":{"@id":"https:\/\/lueurvegetale.fr\/index.php\/stages-bien-etre\/#primaryimage"},"thumbnailUrl":"http:\/\/lueurvegetale.fr\/wp-content\/uploads\/2025\/08\/stage-bien-etre-couleurs-vegetales-immersion-sensorielle-reconnexion-nature-1024x586.jpg","datePublished":"2025-05-08T17:56:37+00:00","dateModified":"2026-01-16T14:51:52+00:00","breadcrumb":{"@id":"https:\/\/lueurvegetale.fr\/index.php\/stages-bien-etre\/#breadcrumb"},"inLanguage":"en-US","potentialAction":[{"@type":"ReadAction","target":["https:\/\/lueurvegetale.fr\/index.php\/stages-bien-etre\/"]}]},{"@type":"ImageObject","inLanguage":"en-US","@id":"https:\/\/lueurvegetale.fr\/index.php\/stages-bien-etre\/#primaryimage","url":"http:\/\/lueurvegetale.fr\/wp-content\/uploads\/2025\/08\/stage-bien-etre-couleurs-vegetales-immersion-sensorielle-reconnexion-nature-scaled.jpg","contentUrl":"http:\/\/lueurvegetale.fr\/wp-content\/uploads\/2025\/08\/stage-bien-etre-couleurs-vegetales-immersion-sensorielle-reconnexion-nature-scaled.jpg","width":2560,"height":1466,"caption":"immersion sensorielle reconnexion \u00e0 la nature"},{"@type":"BreadcrumbList","@id":"https:\/\/lueurvegetale.fr\/index.php\/stages-bien-etre\/#breadcrumb","itemListElement":[{"@type":"ListItem","position":1,"name":"Accueil","item":"https:\/\/lueurvegetale.fr\/"},{"@type":"ListItem","position":2,"name":"Instants bien-\u00eatre par les couleurs v\u00e9g\u00e9tales"}]},{"@type":"WebSite","@id":"https:\/\/lueurvegetale.fr\/#website","url":"https:\/\/lueurvegetale.fr\/","name":"Lueur v\u00e9g\u00e9tale","description":"Explorer les couleurs v\u00e9g\u00e9tales, s&#039;inspirer de la sagesse des plantes","publisher":{"@id":"https:\/\/lueurvegetale.fr\/#organization"},"potentialAction":[{"@type":"SearchAction","target":{"@type":"EntryPoint","urlTemplate":"https:\/\/lueurvegetale.fr\/?s={search_term_string}"},"query-input":{"@type":"PropertyValueSpecification","valueRequired":true,"valueName":"search_term_string"}}],"inLanguage":"en-US"},{"@type":"Organization","@id":"https:\/\/lueurvegetale.fr\/#organization","name":"Lueur v\u00e9g\u00e9tale","url":"https:\/\/lueurvegetale.fr\/","logo":{"@type":"ImageObject","inLanguage":"en-US","@id":"https:\/\/lueurvegetale.fr\/#\/schema\/logo\/image\/","url":"http:\/\/lueurvegetale.fr\/wp-content\/uploads\/2020\/11\/cropped-EXE-LUEUR-VEGETALE-3-1.jpg","contentUrl":"http:\/\/lueurvegetale.fr\/wp-content\/uploads\/2020\/11\/cropped-EXE-LUEUR-VEGETALE-3-1.jpg","width":1414,"height":1029,"caption":"Lueur v\u00e9g\u00e9tale"},"image":{"@id":"https:\/\/lueurvegetale.fr\/#\/schema\/logo\/image\/"}}]}},"_links":{"self":[{"href":"http:\/\/lueurvegetale.fr\/index.php\/wp-json\/wp\/v2\/pages\/1117","targetHints":{"allow":["GET"]}}],"collection":[{"href":"http:\/\/lueurvegetale.fr\/index.php\/wp-json\/wp\/v2\/pages"}],"about":[{"href":"http:\/\/lueurvegetale.fr\/index.php\/wp-json\/wp\/v2\/types\/page"}],"author":[{"embeddable":true,"href":"http:\/\/lueurvegetale.fr\/index.php\/wp-json\/wp\/v2\/users\/1"}],"replies":[{"embeddable":true,"href":"http:\/\/lueurvegetale.fr\/index.php\/wp-json\/wp\/v2\/comments?post=1117"}],"version-history":[{"count":24,"href":"http:\/\/lueurvegetale.fr\/index.php\/wp-json\/wp\/v2\/pages\/1117\/revisions"}],"predecessor-version":[{"id":1390,"href":"http:\/\/lueurvegetale.fr\/index.php\/wp-json\/wp\/v2\/pages\/1117\/revisions\/1390"}],"wp:attachment":[{"href":"http:\/\/lueurvegetale.fr\/index.php\/wp-json\/wp\/v2\/media?parent=1117"}],"curies":[{"name":"wp","href":"https:\/\/api.w.org\/{rel}","templated":true}]}}